{"id":2103,"date":"2023-06-08T02:14:11","date_gmt":"2023-06-07T23:14:11","guid":{"rendered":"https:\/\/fil.ee\/uus\/?post_type=product&#038;p=2103"},"modified":"2024-04-04T20:04:14","modified_gmt":"2024-04-04T17:04:14","slug":"valjatougatu","status":"publish","type":"product","link":"https:\/\/fil.ee\/uus\/toode\/valjatougatu\/","title":{"rendered":"V\u00e4ljat\u00f5ugatu"},"content":{"rendered":"<p style=\"text-align: justify;\">8. juunil 2023. aastal ilmus meie kirjastuselt uus raamat, Liina Ernesaks &#8220;V\u00e4ljat\u00f5ugatu&#8221;. Raamat on k\u00f5vade kaante ja osailiselt v\u00e4rvilise sisuga. Raamatu m\u00f5\u00f5dud on 148&#215;210 mm, maht 352 lehek\u00fclge. Toimetas Irene \u00d5mblus, illustreeris \u00d5nne Piiri, k\u00fcljendas ja kaaned kujundas Vallo Hallik<\/p>\n<p style=\"text-align: justify;\"><strong>Raamatu tutvustus:<br \/>\n<\/strong>Iga inimese elu koosneb suures osas valikutest \u2013 tuleb valida hea ja kurja, ilusa ja inetu vahel. Enamasti need valikud \u00f5nnestuvad, kuid kahjuks v\u00f5ib minna ka hoopis teisiti ning j\u00e4rgneb eba\u00f5nnestumine, mis toob kaasa p\u00f6\u00f6rdumatuid tagaj\u00e4rgi. Raamat, mida Sa, armas lugeja, k\u00e4es hoiad, on lugu t\u00fcdrukust, kes kuulas oma s\u00fcdant ning kaotas esmapilgul \u00f5igena tundunud otsuste t\u00f5ttu k\u00f5ik selle, mis oli talle kallis ja oluline. Maailm aga on julm \u2013 kui sul pole midagi, pole sul ka enam kedagi, kes sind raskel hetkel aitaks ning sa muutud t\u00fchiseks ja t\u00fc\u00fctuks h\u00e4davareseks, kes pole osanud teha \u00f5igeid valikuid. Sinust saab v\u00e4ljat\u00f5ugatu. Kuid ka elus juhtuvad imed, ning abi v\u00f5ib teinekord tulla sealt, kust sa seda k\u00f5ige v\u00e4hem oodata v\u00f5i otsida oskad. \u00dchele v\u00e4ikesele imele j\u00e4rgneb teine ning s\u00fcndmuste lumepall l\u00e4heb taas veerema \u2013 positiiivses suunas. Nii juhtub ka minu raamatu peategelasega, kelle ellu p\u00e4rast suuri kaotusi ja loobumisi hakkab ilmuma ridamisi suuremaid ja v\u00e4iksemaid \u00fcllatusi ning ootamatu abilise ning iseenda tahtej\u00f5u toel hakkab t\u00fcdruk taas \u00fcles ehitama oma maailma &#8230;<\/p>\n<p>Raamatusse sisse vaatamiseks kl\u00f5psa <a href=\"https:\/\/fil.ee\/sisu\/Valjatougatu_esimesed_15lk.pdf\">siia<\/a>.<\/p>\n","protected":false},"excerpt":{"rendered":"<p>8. juunil 2023. aastal ilmus meie kirjastuselt uus raamat, Liina Ernesaks &#8220;V\u00e4ljat\u00f5ugatu&#8221;. Raamat on k\u00f5vade kaante ja osailiselt v\u00e4rvilise sisuga. Raamatu m\u00f5\u00f5dud on 148&#215;210 mm, maht 352 lehek\u00fclge. Toimetas Irene \u00d5mblus, illustreeris \u00d5nne Piiri, k\u00fcljendas ja kaaned kujundas Vallo Hallik Raamatu tutvustus: Iga inimese elu koosneb suures osas valikutest \u2013 tuleb valida hea ja kurja, [&hellip;]<\/p>\n","protected":false},"featured_media":2104,"comment_status":"open","ping_status":"closed","template":"","meta":[],"product_brand":[],"product_cat":[19],"product_tag":[],"class_list":{"0":"post-2103","1":"product","2":"type-product","3":"status-publish","4":"has-post-thumbnail","6":"product_cat-ilukirjandus","8":"first","9":"instock","10":"taxable","11":"shipping-taxable","12":"purchasable","13":"product-type-simple"},"_links":{"self":[{"href":"https:\/\/fil.ee\/uus\/wp-json\/wp\/v2\/product\/2103","targetHints":{"allow":["GET"]}}],"collection":[{"href":"https:\/\/fil.ee\/uus\/wp-json\/wp\/v2\/product"}],"about":[{"href":"https:\/\/fil.ee\/uus\/wp-json\/wp\/v2\/types\/product"}],"replies":[{"embeddable":true,"href":"https:\/\/fil.ee\/uus\/wp-json\/wp\/v2\/comments?post=2103"}],"wp:featuredmedia":[{"embeddable":true,"href":"https:\/\/fil.ee\/uus\/wp-json\/wp\/v2\/media\/2104"}],"wp:attachment":[{"href":"https:\/\/fil.ee\/uus\/wp-json\/wp\/v2\/media?parent=2103"}],"wp:term":[{"taxonomy":"product_brand","embeddable":true,"href":"https:\/\/fil.ee\/uus\/wp-json\/wp\/v2\/product_brand?post=2103"},{"taxonomy":"product_cat","embeddable":true,"href":"https:\/\/fil.ee\/uus\/wp-json\/wp\/v2\/product_cat?post=2103"},{"taxonomy":"product_tag","embeddable":true,"href":"https:\/\/fil.ee\/uus\/wp-json\/wp\/v2\/product_tag?post=2103"}],"curies":[{"name":"wp","href":"https:\/\/api.w.org\/{rel}","templated":true}]}}