{"id":2101,"date":"2023-06-08T02:09:22","date_gmt":"2023-06-07T23:09:22","guid":{"rendered":"https:\/\/fil.ee\/uus\/?post_type=product&#038;p=2101"},"modified":"2025-07-15T22:38:28","modified_gmt":"2025-07-15T19:38:28","slug":"tuhi-klaaspudel","status":"publish","type":"product","link":"https:\/\/fil.ee\/uus\/toode\/tuhi-klaaspudel\/","title":{"rendered":"T\u00fchi klaaspudel"},"content":{"rendered":"<p style=\"text-align: justify;\">8. juunil 2023. aastal ilmus meie kirjastuselt uus lasteraamat, Maria Lepmaa &#8220;T\u00fchi klaaspudel&#8221;. Raamat on k\u00f5vade kaante ja v\u00e4rvilise sisuga. Raamatu m\u00f5\u00f5dud on 205&#215;182 mm, maht 42 lehek\u00fclge. Toimetas Irene \u00d5mblus, illustreeris Krislin Jalakas, k\u00fcljendas ja kaaned kujundas Vallo Hallik<\/p>\n<p style=\"text-align: justify;\"><strong>Raamatu tutvustus:<br \/>\n<\/strong>Soojal suvehommikul on kaubanduskeskuse ees t\u00e4naval t\u00fchi klaasist pudel. \u00dcks poiss on otsustanud nalja teha ja selle sinna vedelema j\u00e4tta. Kui pudel katki l\u00e4heb, teeb see palju pahandust.<\/p>\n<p>Raamatusse sisse vaatamiseks kl\u00f5psa <a href=\"https:\/\/fil.ee\/sisu\/Tyhi_klaaspudel_esimesed_15lk.pdf\">siia<\/a>.<\/p>\n","protected":false},"excerpt":{"rendered":"<p>8. juunil 2023. aastal ilmus meie kirjastuselt uus lasteraamat, Maria Lepmaa &#8220;T\u00fchi klaaspudel&#8221;. Raamat on k\u00f5vade kaante ja v\u00e4rvilise sisuga. Raamatu m\u00f5\u00f5dud on 205&#215;182 mm, maht 42 lehek\u00fclge. Toimetas Irene \u00d5mblus, illustreeris Krislin Jalakas, k\u00fcljendas ja kaaned kujundas Vallo Hallik Raamatu tutvustus: Soojal suvehommikul on kaubanduskeskuse ees t\u00e4naval t\u00fchi klaasist pudel. \u00dcks poiss on otsustanud [&hellip;]<\/p>\n","protected":false},"featured_media":2102,"comment_status":"open","ping_status":"closed","template":"","meta":[],"product_brand":[],"product_cat":[22],"product_tag":[],"class_list":{"0":"post-2101","1":"product","2":"type-product","3":"status-publish","4":"has-post-thumbnail","6":"product_cat-lastele","8":"first","9":"instock","10":"taxable","11":"shipping-taxable","12":"purchasable","13":"product-type-simple"},"_links":{"self":[{"href":"https:\/\/fil.ee\/uus\/wp-json\/wp\/v2\/product\/2101","targetHints":{"allow":["GET"]}}],"collection":[{"href":"https:\/\/fil.ee\/uus\/wp-json\/wp\/v2\/product"}],"about":[{"href":"https:\/\/fil.ee\/uus\/wp-json\/wp\/v2\/types\/product"}],"replies":[{"embeddable":true,"href":"https:\/\/fil.ee\/uus\/wp-json\/wp\/v2\/comments?post=2101"}],"wp:featuredmedia":[{"embeddable":true,"href":"https:\/\/fil.ee\/uus\/wp-json\/wp\/v2\/media\/2102"}],"wp:attachment":[{"href":"https:\/\/fil.ee\/uus\/wp-json\/wp\/v2\/media?parent=2101"}],"wp:term":[{"taxonomy":"product_brand","embeddable":true,"href":"https:\/\/fil.ee\/uus\/wp-json\/wp\/v2\/product_brand?post=2101"},{"taxonomy":"product_cat","embeddable":true,"href":"https:\/\/fil.ee\/uus\/wp-json\/wp\/v2\/product_cat?post=2101"},{"taxonomy":"product_tag","embeddable":true,"href":"https:\/\/fil.ee\/uus\/wp-json\/wp\/v2\/product_tag?post=2101"}],"curies":[{"name":"wp","href":"https:\/\/api.w.org\/{rel}","templated":true}]}}