{"id":2089,"date":"2023-04-06T10:26:34","date_gmt":"2023-04-06T07:26:34","guid":{"rendered":"https:\/\/fil.ee\/uus\/?post_type=product&#038;p=2089"},"modified":"2023-07-24T17:54:35","modified_gmt":"2023-07-24T14:54:35","slug":"lapsemeelselt-hobekeelselt","status":"publish","type":"product","link":"https:\/\/fil.ee\/uus\/toode\/lapsemeelselt-hobekeelselt\/","title":{"rendered":"Lapsemeelselt, h\u00f5bekeelselt"},"content":{"rendered":"<p style=\"text-align: justify;\">6. aprillil 2023. aastal ilmus meie kirjastuselt uus luulekogu lastele, Urve Tunnuri &#8220;Lapsemeelselt, h\u00f5bekeelselt&#8221;. Raamat on k\u00f5vade kaante v\u00e4rvilise sisuga. Raamatu m\u00f5\u00f5dud on 205&#215;182 mm, maht 66 lehek\u00fclge. Toimetas Heli Hallik, illustreeris Krislin Jalakas, k\u00fcljendas ja kaaned kujundas Vallo Hallik<\/p>\n<p style=\"text-align: justify;\"><strong>Raamatu tutvustus:<br \/>\n<\/strong>Algkoolij\u00fctsidele m\u00f5eldud v\u00e4rsivalimik mahutab endas luuletusi seinast seina \u2013 koolist ja kodust, h\u00e4ngimisest ja m\u00e4ngimisest, lustist ja r\u00f5\u00f5must. R\u00fctmikad ja helisevad v\u00e4rsiread aitavad p\u00f5geneda muinasjuttu, \u00f5petavad n\u00e4gema Eestimaad kogu tema ilus ja v\u00f5lus ning kutsuvad hullama koos lapsemeelse ja h\u00f5bekeelse kevadtuulega.<\/p>\n<p>Raamatusse sisse vaatamiseks kl\u00f5psa <a href=\"https:\/\/fil.ee\/sisu\/Lapsemeelselt-hobekeelselt_esimesed_15lk.pdf\">siia<\/a>.<\/p>\n","protected":false},"excerpt":{"rendered":"<p>6. aprillil 2023. aastal ilmus meie kirjastuselt uus luulekogu lastele, Urve Tunnuri &#8220;Lapsemeelselt, h\u00f5bekeelselt&#8221;. Raamat on k\u00f5vade kaante v\u00e4rvilise sisuga. Raamatu m\u00f5\u00f5dud on 205&#215;182 mm, maht 66 lehek\u00fclge. Toimetas Heli Hallik, illustreeris Krislin Jalakas, k\u00fcljendas ja kaaned kujundas Vallo Hallik Raamatu tutvustus: Algkoolij\u00fctsidele m\u00f5eldud v\u00e4rsivalimik mahutab endas luuletusi seinast seina \u2013 koolist ja kodust, h\u00e4ngimisest [&hellip;]<\/p>\n","protected":false},"featured_media":2090,"comment_status":"open","ping_status":"closed","template":"","meta":[],"product_brand":[],"product_cat":[22,23],"product_tag":[],"class_list":{"0":"post-2089","1":"product","2":"type-product","3":"status-publish","4":"has-post-thumbnail","6":"product_cat-lastele","7":"product_cat-luule","9":"first","10":"instock","11":"taxable","12":"shipping-taxable","13":"purchasable","14":"product-type-simple"},"_links":{"self":[{"href":"https:\/\/fil.ee\/uus\/wp-json\/wp\/v2\/product\/2089","targetHints":{"allow":["GET"]}}],"collection":[{"href":"https:\/\/fil.ee\/uus\/wp-json\/wp\/v2\/product"}],"about":[{"href":"https:\/\/fil.ee\/uus\/wp-json\/wp\/v2\/types\/product"}],"replies":[{"embeddable":true,"href":"https:\/\/fil.ee\/uus\/wp-json\/wp\/v2\/comments?post=2089"}],"wp:featuredmedia":[{"embeddable":true,"href":"https:\/\/fil.ee\/uus\/wp-json\/wp\/v2\/media\/2090"}],"wp:attachment":[{"href":"https:\/\/fil.ee\/uus\/wp-json\/wp\/v2\/media?parent=2089"}],"wp:term":[{"taxonomy":"product_brand","embeddable":true,"href":"https:\/\/fil.ee\/uus\/wp-json\/wp\/v2\/product_brand?post=2089"},{"taxonomy":"product_cat","embeddable":true,"href":"https:\/\/fil.ee\/uus\/wp-json\/wp\/v2\/product_cat?post=2089"},{"taxonomy":"product_tag","embeddable":true,"href":"https:\/\/fil.ee\/uus\/wp-json\/wp\/v2\/product_tag?post=2089"}],"curies":[{"name":"wp","href":"https:\/\/api.w.org\/{rel}","templated":true}]}}