{"id":2080,"date":"2023-03-24T00:48:55","date_gmt":"2023-03-23T22:48:55","guid":{"rendered":"https:\/\/fil.ee\/uus\/?post_type=product&#038;p=2080"},"modified":"2023-07-24T17:55:55","modified_gmt":"2023-07-24T14:55:55","slug":"hingekarjed","status":"publish","type":"product","link":"https:\/\/fil.ee\/uus\/toode\/hingekarjed\/","title":{"rendered":"Hingekarjed"},"content":{"rendered":"<p>24. m\u00e4rtsil 2023. a. ilmus meie kirjastuselt uus luulekogu, Kaie Rang &#8220;Hingekarjed&#8221;. Raamat on k\u00f5vade kaante ja mustvalge sisuga. Raamatu m\u00f5\u00f5dud on 148&#215;210 mm, maht 96 lehek\u00fclge. Toimetas Heli Hallik, illustreeris Kaie Rang, k\u00fcljendas ja kaaned kujundas Vallo Hallik<\/p>\n<p><strong>Raamatu tutvustus:<br \/>\n<\/strong>Sinu k\u00e4tte, kallis lugeja, on j\u00f5udnud mu luule esmateos. See k\u00f5ige esimene. K\u00f5ige isiklikum. K\u00f5ige s\u00fcngem. K\u00f5ige haavatavam. T\u00e4is s\u00fcngeid m\u00f5tteid, tundeid ja valu. Aga ka t\u00e4is siirust, ausust ja avameelsust, millest kumab l\u00e4bi killuke iha, soovi olla m\u00e4rgatud ja tahetud ning uudishimu teise inimese m\u00fcstilise ja m\u00f5istatuseks j\u00e4\u00e4va inimhinge vastu. See teos avab tee minu s\u00fcngesse sisemaailma, minu tundemaailma, mida olen n\u00f5us n\u00fc\u00fcd ka Sinuga jagama, mu kallis lugeja.<\/p>\n<p>Raamatusse sisse vaatamiseks kl\u00f5psa <a href=\"https:\/\/fil.ee\/sisu\/Hingekarjed_esimesed_15lk.pdf\">siia.<\/a><\/p>\n","protected":false},"excerpt":{"rendered":"<p>24. m\u00e4rtsil 2023. a. ilmus meie kirjastuselt uus luulekogu, Kaie Rang &#8220;Hingekarjed&#8221;. Raamat on k\u00f5vade kaante ja mustvalge sisuga. Raamatu m\u00f5\u00f5dud on 148&#215;210 mm, maht 96 lehek\u00fclge. Toimetas Heli Hallik, illustreeris Kaie Rang, k\u00fcljendas ja kaaned kujundas Vallo Hallik Raamatu tutvustus: Sinu k\u00e4tte, kallis lugeja, on j\u00f5udnud mu luule esmateos. See k\u00f5ige esimene. K\u00f5ige isiklikum. [&hellip;]<\/p>\n","protected":false},"featured_media":2081,"comment_status":"open","ping_status":"closed","template":"","meta":[],"product_brand":[],"product_cat":[23],"product_tag":[],"class_list":{"0":"post-2080","1":"product","2":"type-product","3":"status-publish","4":"has-post-thumbnail","6":"product_cat-luule","8":"first","9":"instock","10":"taxable","11":"shipping-taxable","12":"purchasable","13":"product-type-simple"},"_links":{"self":[{"href":"https:\/\/fil.ee\/uus\/wp-json\/wp\/v2\/product\/2080","targetHints":{"allow":["GET"]}}],"collection":[{"href":"https:\/\/fil.ee\/uus\/wp-json\/wp\/v2\/product"}],"about":[{"href":"https:\/\/fil.ee\/uus\/wp-json\/wp\/v2\/types\/product"}],"replies":[{"embeddable":true,"href":"https:\/\/fil.ee\/uus\/wp-json\/wp\/v2\/comments?post=2080"}],"wp:featuredmedia":[{"embeddable":true,"href":"https:\/\/fil.ee\/uus\/wp-json\/wp\/v2\/media\/2081"}],"wp:attachment":[{"href":"https:\/\/fil.ee\/uus\/wp-json\/wp\/v2\/media?parent=2080"}],"wp:term":[{"taxonomy":"product_brand","embeddable":true,"href":"https:\/\/fil.ee\/uus\/wp-json\/wp\/v2\/product_brand?post=2080"},{"taxonomy":"product_cat","embeddable":true,"href":"https:\/\/fil.ee\/uus\/wp-json\/wp\/v2\/product_cat?post=2080"},{"taxonomy":"product_tag","embeddable":true,"href":"https:\/\/fil.ee\/uus\/wp-json\/wp\/v2\/product_tag?post=2080"}],"curies":[{"name":"wp","href":"https:\/\/api.w.org\/{rel}","templated":true}]}}