{"id":2078,"date":"2023-03-24T00:44:21","date_gmt":"2023-03-23T22:44:21","guid":{"rendered":"https:\/\/fil.ee\/uus\/?post_type=product&#038;p=2078"},"modified":"2023-07-24T17:57:05","modified_gmt":"2023-07-24T14:57:05","slug":"riisipirukas-ja-ahven","status":"publish","type":"product","link":"https:\/\/fil.ee\/uus\/toode\/riisipirukas-ja-ahven\/","title":{"rendered":"Riisipirukas ja ahven"},"content":{"rendered":"<p>24. m\u00e4rtsil 2023. a. ilmus meie kirjastuselt uus luuleraamat lastele, Margit Peterson &#8220;Riisipirukas ja ahven&#8221;. Raamat on pehmete kaante ja v\u00e4rvilise sisuga. Raamatu m\u00f5\u00f5dud on 148&#215;210 mm, maht 40 lehek\u00fclge. Toimetas Irene \u00d5mblus, illustreeris Jana Valge, k\u00fcljendas ja kaaned kujundas Jaan Lehismets<\/p>\n<p><strong>Raamatu tutvustus:<br \/>\n<\/strong>KOON LOTTESID MA KINDA SISSE APLALT<br \/>\nJA K\u00c4TTE NEILE KUJUN K\u00c4PIKUD.<br \/>\nMIS SEST, ET NAD ON NENDETAGI VAPRAD,<br \/>\nEI VAJA NAD EI RUUTE, T\u00c4PIKUID.<br \/>\nJA M\u00d5NIKORD MA HEEGELDAN KA KENE,<br \/>\nNE\u2019 KAASLASEKS KEL ARMAS BARBI-NUKK.<br \/>\nJA TRIINUSI JA TAAVISI JA STENE,<br \/>\nEI VALMIMATA J\u00c4\u00c4 KA V\u00c4IKE MUKK.<\/p>\n<p>Raamatusse sisse vaatamiseks kl\u00f5psa <a href=\"https:\/\/fil.ee\/sisu\/Riisipirukas_ja_ahven_1-15.pdf\">siia<\/a>.<\/p>\n","protected":false},"excerpt":{"rendered":"<p>24. m\u00e4rtsil 2023. a. ilmus meie kirjastuselt uus luuleraamat lastele, Margit Peterson &#8220;Riisipirukas ja ahven&#8221;. Raamat on pehmete kaante ja v\u00e4rvilise sisuga. Raamatu m\u00f5\u00f5dud on 148&#215;210 mm, maht 40 lehek\u00fclge. Toimetas Irene \u00d5mblus, illustreeris Jana Valge, k\u00fcljendas ja kaaned kujundas Jaan Lehismets Raamatu tutvustus: KOON LOTTESID MA KINDA SISSE APLALT JA K\u00c4TTE NEILE KUJUN K\u00c4PIKUD. [&hellip;]<\/p>\n","protected":false},"featured_media":2079,"comment_status":"open","ping_status":"closed","template":"","meta":[],"product_brand":[],"product_cat":[22,23],"product_tag":[],"class_list":{"0":"post-2078","1":"product","2":"type-product","3":"status-publish","4":"has-post-thumbnail","6":"product_cat-lastele","7":"product_cat-luule","9":"first","10":"instock","11":"taxable","12":"shipping-taxable","13":"purchasable","14":"product-type-simple"},"_links":{"self":[{"href":"https:\/\/fil.ee\/uus\/wp-json\/wp\/v2\/product\/2078","targetHints":{"allow":["GET"]}}],"collection":[{"href":"https:\/\/fil.ee\/uus\/wp-json\/wp\/v2\/product"}],"about":[{"href":"https:\/\/fil.ee\/uus\/wp-json\/wp\/v2\/types\/product"}],"replies":[{"embeddable":true,"href":"https:\/\/fil.ee\/uus\/wp-json\/wp\/v2\/comments?post=2078"}],"wp:featuredmedia":[{"embeddable":true,"href":"https:\/\/fil.ee\/uus\/wp-json\/wp\/v2\/media\/2079"}],"wp:attachment":[{"href":"https:\/\/fil.ee\/uus\/wp-json\/wp\/v2\/media?parent=2078"}],"wp:term":[{"taxonomy":"product_brand","embeddable":true,"href":"https:\/\/fil.ee\/uus\/wp-json\/wp\/v2\/product_brand?post=2078"},{"taxonomy":"product_cat","embeddable":true,"href":"https:\/\/fil.ee\/uus\/wp-json\/wp\/v2\/product_cat?post=2078"},{"taxonomy":"product_tag","embeddable":true,"href":"https:\/\/fil.ee\/uus\/wp-json\/wp\/v2\/product_tag?post=2078"}],"curies":[{"name":"wp","href":"https:\/\/api.w.org\/{rel}","templated":true}]}}