{"id":2076,"date":"2023-03-24T00:39:29","date_gmt":"2023-03-23T22:39:29","guid":{"rendered":"https:\/\/fil.ee\/uus\/?post_type=product&#038;p=2076"},"modified":"2025-12-16T13:32:16","modified_gmt":"2025-12-16T11:32:16","slug":"porto","status":"publish","type":"product","link":"https:\/\/fil.ee\/uus\/toode\/porto\/","title":{"rendered":"Porto"},"content":{"rendered":"<p>24. m\u00e4rtsil 2023. a. ilmus meie kirjastuselt uus raamat sarjast &#8220;S\u00f5itsin &#8230;&#8221;, fil &#8220;Porto&#8221;. Raamat on k\u00f5vade kaante ja v\u00e4rvilise sisuga. Raamatu m\u00f5\u00f5dud on 148&#215;210 mm, maht 112 lehek\u00fclge. Toimetas Irene \u00d5mblus, k\u00fcljendas ja kaaned kujundas Jaan Lehismets<\/p>\n<p><strong>Raamatu tutvustus:<br \/>\n<\/strong>Portugal on Euroopa k\u00f5ige l\u00e4\u00e4nepoolsem riik. Kui tekib soov minna kuskile \u00e4ra, s\u00f5na otseses m\u00f5ttes \u00e4ra, siis Portugal sobib selleks ideaalselt.<br \/>\nRaamat annab lugejale l\u00fchi\u00fclevaate Portost ja selle l\u00e4hi\u00fcmbrusest. See on \u00fche puhkuse v\u00e4sitavate, aga ka p\u00f5nevate ja l\u00f5busate seikade meenutus. Siit leiad juhiseid \u00fchistranspordiga seiklemiseks, saad teada, kui kerge v\u00f5i raske on leida kaubanduskeskusi ja milliste \u00fcllatuste osaliseks v\u00f5id saada neid otsides; mis tunne on oma varbad p\u00e4ris ookeanis m\u00e4rjaks teha ja milliseid jalatseid tasub kanda, et jalgadele liiga ei teeks; mis on p\u00f5nevaimad vaatamisv\u00e4\u00e4rsused, kuidas maitseb rahvustoit ja mis on peidus \u00fche plekist garaa\u017eiukse taga \u2026<\/p>\n<p>Raamatusse sisse vaatamiseks kl\u00f5psa <a href=\"https:\/\/fil.ee\/sisu\/Porto_1-15.pdf\">siia<\/a>.<\/p>\n","protected":false},"excerpt":{"rendered":"<p>24. m\u00e4rtsil 2023. a. ilmus meie kirjastuselt uus raamat sarjast &#8220;S\u00f5itsin &#8230;&#8221;, fil &#8220;Porto&#8221;. Raamat on k\u00f5vade kaante ja v\u00e4rvilise sisuga. Raamatu m\u00f5\u00f5dud on 148&#215;210 mm, maht 112 lehek\u00fclge. Toimetas Irene \u00d5mblus, k\u00fcljendas ja kaaned kujundas Jaan Lehismets Raamatu tutvustus: Portugal on Euroopa k\u00f5ige l\u00e4\u00e4nepoolsem riik. Kui tekib soov minna kuskile \u00e4ra, s\u00f5na otseses m\u00f5ttes [&hellip;]<\/p>\n","protected":false},"featured_media":2077,"comment_status":"open","ping_status":"closed","template":"","meta":[],"product_brand":[],"product_cat":[25],"product_tag":[],"class_list":{"0":"post-2076","1":"product","2":"type-product","3":"status-publish","4":"has-post-thumbnail","6":"product_cat-reisikirjeldused","8":"first","9":"instock","10":"taxable","11":"shipping-taxable","12":"purchasable","13":"product-type-simple"},"_links":{"self":[{"href":"https:\/\/fil.ee\/uus\/wp-json\/wp\/v2\/product\/2076","targetHints":{"allow":["GET"]}}],"collection":[{"href":"https:\/\/fil.ee\/uus\/wp-json\/wp\/v2\/product"}],"about":[{"href":"https:\/\/fil.ee\/uus\/wp-json\/wp\/v2\/types\/product"}],"replies":[{"embeddable":true,"href":"https:\/\/fil.ee\/uus\/wp-json\/wp\/v2\/comments?post=2076"}],"wp:featuredmedia":[{"embeddable":true,"href":"https:\/\/fil.ee\/uus\/wp-json\/wp\/v2\/media\/2077"}],"wp:attachment":[{"href":"https:\/\/fil.ee\/uus\/wp-json\/wp\/v2\/media?parent=2076"}],"wp:term":[{"taxonomy":"product_brand","embeddable":true,"href":"https:\/\/fil.ee\/uus\/wp-json\/wp\/v2\/product_brand?post=2076"},{"taxonomy":"product_cat","embeddable":true,"href":"https:\/\/fil.ee\/uus\/wp-json\/wp\/v2\/product_cat?post=2076"},{"taxonomy":"product_tag","embeddable":true,"href":"https:\/\/fil.ee\/uus\/wp-json\/wp\/v2\/product_tag?post=2076"}],"curies":[{"name":"wp","href":"https:\/\/api.w.org\/{rel}","templated":true}]}}