{"id":2063,"date":"2023-02-23T08:00:13","date_gmt":"2023-02-23T06:00:13","guid":{"rendered":"https:\/\/fil.ee\/uus\/?post_type=product&#038;p=2063"},"modified":"2025-09-12T10:35:52","modified_gmt":"2025-09-12T07:35:52","slug":"kellemille","status":"publish","type":"product","link":"https:\/\/fil.ee\/uus\/toode\/kellemille\/","title":{"rendered":"Kellemille"},"content":{"rendered":"<p>23. veebruaril 2023. a. ilmus meie kirjastuselt uus lasteraamat, siljalill &#8220;Kellemille&#8221;. Raamat on k\u00f5vade kaante ja v\u00e4rvilise sisuga. Raamatu m\u00f5\u00f5dud on 148&#215;210 mm, maht 32 lehek\u00fclge. Toimetas Irene \u00d5mblus, illustreeris Krislin Jalakas, k\u00fcljendas ja kaaned kujundas Vallo Hallik<\/p>\n<p><strong>Raamatu tutvustus:<br \/>\n<\/strong>Raamatus on 14 jutukest t\u00fcdrukust, keda h\u00fc\u00fctakse Kellemilleks. Paraja pikkusega lood iseseisvaks harjutamiseks ja ka \u00f5htuseks ettelugemiseks.<\/p>\n<p>Raamatusse sisse piilumiseks kl\u00f5psa <a href=\"https:\/\/fil.ee\/sisu\/Kellemille_esimesed_15lk.pdf\">siia<\/a>.<\/p>\n","protected":false},"excerpt":{"rendered":"<p>23. veebruaril 2023. a. ilmus meie kirjastuselt uus lasteraamat, siljalill &#8220;Kellemille&#8221;. Raamat on k\u00f5vade kaante ja v\u00e4rvilise sisuga. Raamatu m\u00f5\u00f5dud on 148&#215;210 mm, maht 32 lehek\u00fclge. Toimetas Irene \u00d5mblus, illustreeris Krislin Jalakas, k\u00fcljendas ja kaaned kujundas Vallo Hallik Raamatu tutvustus: Raamatus on 14 jutukest t\u00fcdrukust, keda h\u00fc\u00fctakse Kellemilleks. Paraja pikkusega lood iseseisvaks harjutamiseks ja ka [&hellip;]<\/p>\n","protected":false},"featured_media":2064,"comment_status":"open","ping_status":"closed","template":"","meta":[],"product_brand":[],"product_cat":[22],"product_tag":[],"class_list":{"0":"post-2063","1":"product","2":"type-product","3":"status-publish","4":"has-post-thumbnail","6":"product_cat-lastele","8":"first","9":"instock","10":"sale","11":"taxable","12":"shipping-taxable","13":"purchasable","14":"product-type-simple"},"_links":{"self":[{"href":"https:\/\/fil.ee\/uus\/wp-json\/wp\/v2\/product\/2063","targetHints":{"allow":["GET"]}}],"collection":[{"href":"https:\/\/fil.ee\/uus\/wp-json\/wp\/v2\/product"}],"about":[{"href":"https:\/\/fil.ee\/uus\/wp-json\/wp\/v2\/types\/product"}],"replies":[{"embeddable":true,"href":"https:\/\/fil.ee\/uus\/wp-json\/wp\/v2\/comments?post=2063"}],"wp:featuredmedia":[{"embeddable":true,"href":"https:\/\/fil.ee\/uus\/wp-json\/wp\/v2\/media\/2064"}],"wp:attachment":[{"href":"https:\/\/fil.ee\/uus\/wp-json\/wp\/v2\/media?parent=2063"}],"wp:term":[{"taxonomy":"product_brand","embeddable":true,"href":"https:\/\/fil.ee\/uus\/wp-json\/wp\/v2\/product_brand?post=2063"},{"taxonomy":"product_cat","embeddable":true,"href":"https:\/\/fil.ee\/uus\/wp-json\/wp\/v2\/product_cat?post=2063"},{"taxonomy":"product_tag","embeddable":true,"href":"https:\/\/fil.ee\/uus\/wp-json\/wp\/v2\/product_tag?post=2063"}],"curies":[{"name":"wp","href":"https:\/\/api.w.org\/{rel}","templated":true}]}}