{"id":1963,"date":"2023-01-26T00:56:12","date_gmt":"2023-01-25T22:56:12","guid":{"rendered":"https:\/\/fil.ee\/uus\/?post_type=product&#038;p=1963"},"modified":"2023-07-24T18:13:33","modified_gmt":"2023-07-24T15:13:33","slug":"uks-paikest-tais-paev","status":"publish","type":"product","link":"https:\/\/fil.ee\/uus\/toode\/uks-paikest-tais-paev\/","title":{"rendered":"\u00dcks p\u00e4ikest t\u00e4is p\u00e4ev"},"content":{"rendered":"<p>26. jaanuaril 2023. aastal ilmus meie kirjastuselt uus luuleraamat lastele, mille pildid on m\u00f5eldud lastele v\u00e4rvimiseks, Anneli Korsar &#8220;\u00dcks p\u00e4ikest t\u00e4is p\u00e4ev&#8221;. Raamat on pehmete kaante ja mustvalge sisuga. Raamatu m\u00f5\u00f5dud on 240&#215;170 mm, maht 40 lehek\u00fclge. Toimetas S. M. Rattiste, illustreeris Liina Lippasaar, k\u00fcljendas ja kaaned kujundas Vallo Hallik<\/p>\n<p style=\"text-align: justify;\"><strong>Raamatu tutvustus:<br \/>\n<\/strong>K\u00e4esolev lasteluule- ja v\u00e4rvimisraamat on m\u00f5eldud 4\u20139-aastastele lastele. Siin on vahvad v\u00e4rvimispildid p\u00f5imitud r\u00f5\u00f5msate, s\u00fcdamlike luuletustega, mis r\u00e4\u00e4givad kodust, s\u00f5pradest ja s\u00f5prusest. Samas j\u00e4\u00e4b raamatus k\u00f5lama m\u00f5te, et n\u00e4htava maailma k\u00f5rval on n\u00e4htamatu maailm ning tavalises v\u00f5ib tihti peituda ebatavalist.<\/p>\n<p style=\"text-align: justify;\">Anneli<\/p>\n<p>Raamatusse sisse vaatamiseks kl\u00f5psa <a href=\"https:\/\/fil.ee\/sisu\/Yks_paikest_tais_paev_esimesed_15lk.pdf\">siia<\/a>.<\/p>\n","protected":false},"excerpt":{"rendered":"<p>26. jaanuaril 2023. aastal ilmus meie kirjastuselt uus luuleraamat lastele, mille pildid on m\u00f5eldud lastele v\u00e4rvimiseks, Anneli Korsar &#8220;\u00dcks p\u00e4ikest t\u00e4is p\u00e4ev&#8221;. Raamat on pehmete kaante ja mustvalge sisuga. Raamatu m\u00f5\u00f5dud on 240&#215;170 mm, maht 40 lehek\u00fclge. Toimetas S. M. Rattiste, illustreeris Liina Lippasaar, k\u00fcljendas ja kaaned kujundas Vallo Hallik Raamatu tutvustus: K\u00e4esolev lasteluule- ja [&hellip;]<\/p>\n","protected":false},"featured_media":1961,"comment_status":"open","ping_status":"closed","template":"","meta":[],"product_brand":[],"product_cat":[22,23],"product_tag":[],"class_list":{"0":"post-1963","1":"product","2":"type-product","3":"status-publish","4":"has-post-thumbnail","6":"product_cat-lastele","7":"product_cat-luule","9":"first","10":"instock","11":"taxable","12":"shipping-taxable","13":"purchasable","14":"product-type-simple"},"_links":{"self":[{"href":"https:\/\/fil.ee\/uus\/wp-json\/wp\/v2\/product\/1963","targetHints":{"allow":["GET"]}}],"collection":[{"href":"https:\/\/fil.ee\/uus\/wp-json\/wp\/v2\/product"}],"about":[{"href":"https:\/\/fil.ee\/uus\/wp-json\/wp\/v2\/types\/product"}],"replies":[{"embeddable":true,"href":"https:\/\/fil.ee\/uus\/wp-json\/wp\/v2\/comments?post=1963"}],"wp:featuredmedia":[{"embeddable":true,"href":"https:\/\/fil.ee\/uus\/wp-json\/wp\/v2\/media\/1961"}],"wp:attachment":[{"href":"https:\/\/fil.ee\/uus\/wp-json\/wp\/v2\/media?parent=1963"}],"wp:term":[{"taxonomy":"product_brand","embeddable":true,"href":"https:\/\/fil.ee\/uus\/wp-json\/wp\/v2\/product_brand?post=1963"},{"taxonomy":"product_cat","embeddable":true,"href":"https:\/\/fil.ee\/uus\/wp-json\/wp\/v2\/product_cat?post=1963"},{"taxonomy":"product_tag","embeddable":true,"href":"https:\/\/fil.ee\/uus\/wp-json\/wp\/v2\/product_tag?post=1963"}],"curies":[{"name":"wp","href":"https:\/\/api.w.org\/{rel}","templated":true}]}}