{"id":1948,"date":"2022-12-22T00:17:24","date_gmt":"2022-12-21T22:17:24","guid":{"rendered":"https:\/\/fil.ee\/uus\/?post_type=product&#038;p=1948"},"modified":"2024-12-22T22:27:41","modified_gmt":"2024-12-22T20:27:41","slug":"elu-sosinad","status":"publish","type":"product","link":"https:\/\/fil.ee\/uus\/toode\/elu-sosinad\/","title":{"rendered":"Elu sosinad"},"content":{"rendered":"<p>22. detsembril 2022. aastal ilmus meie kirjastuselt uus luuleraamat, Virve Pruul (\u00d5nnelausuja) &#8220;Elu sosinad&#8221;. Raamat on k\u00f5vade kaante ja mustvalge sisuga. Raamatu m\u00f5\u00f5dud on 148&#215;210 mm, maht 88 lehek\u00fclge. Toimetas Heli Hallik, k\u00fcljendas ja kaaned kujundas Vallo Hallik<\/p>\n<p style=\"text-align: justify;\"><strong>Raamatu tutvustus:<br \/>\n<\/strong>Me l\u00e4bime elus palju erinevaid rolle, ajastu h\u00f5ngust kantuna oleme kord nii, kord hoopis teises kuues uusi kogemusi luues.<br \/>\nMeid \u00fcmbritseb arm ja hool, nii hoomamatu kui \u00f5hk\u00f5rnukene tiivasuleke. Vaikuse viivud toovad hella embust meie \u00fcmber.<br \/>\nElu kulgeb sinusoidina kord taeva poole, sealt laskudes orgu, et siis taas k\u00f5rgustesse t\u00f5usta.<br \/>\nOlen \u00f5nnelik ema ja vanaema. Pisipoja Tobiase s\u00fcnd meie perre andiski t\u00f5uke kokku panna &#8220;Elu Sosinad&#8221;, see on minu teine luulekogumik.<br \/>\nElu ringk\u00e4igus on mul olnud v\u00f5imalus n\u00e4ha inimhinge s\u00fcgavuses asetsevat valu, meeleheidet ja hirmu, samas ka t\u00e4nu ja hingerahu, tervenemisi.<br \/>\nOma loominguga soovin jagada headuse helli heiastusi, uidata koos sinuga elu imelistes hetkedes.<br \/>\nOle hea, v\u00f5ta pisut aega ja vaata, kas avastad midagi eneses peidus olevat v\u00f5i tunned \u00e4ratundmisr\u00f5\u00f5mu.<br \/>\n\u00dcks mu armas s\u00f5ber \u00fctles, et minu \u00fclesanne on hinged helisema panna ja seda ma p\u00fc\u00fcan teha. Olen t\u00e4nulik, kui minu \u00fcmber on helisevad hinged.<br \/>\nAit\u00e4h Sulle, armas Hing!<\/p>\n<p style=\"text-align: justify;\">Virve<br \/>\nwww.facebook.com\/virvevirksuke\/<\/p>\n<p>Raamatusse sisse vaatamiseks kl\u00f5psa <a href=\"https:\/\/fil.ee\/sisu\/Elu_sosinad_esimesed_15%20lk.pdf\">siia<\/a>.<\/p>\n","protected":false},"excerpt":{"rendered":"<p>22. detsembril 2022. aastal ilmus meie kirjastuselt uus luuleraamat, Virve Pruul (\u00d5nnelausuja) &#8220;Elu sosinad&#8221;. Raamat on k\u00f5vade kaante ja mustvalge sisuga. Raamatu m\u00f5\u00f5dud on 148&#215;210 mm, maht 88 lehek\u00fclge. Toimetas Heli Hallik, k\u00fcljendas ja kaaned kujundas Vallo Hallik Raamatu tutvustus: Me l\u00e4bime elus palju erinevaid rolle, ajastu h\u00f5ngust kantuna oleme kord nii, kord hoopis teises [&hellip;]<\/p>\n","protected":false},"featured_media":1945,"comment_status":"open","ping_status":"closed","template":"","meta":[],"product_brand":[],"product_cat":[23],"product_tag":[],"class_list":{"0":"post-1948","1":"product","2":"type-product","3":"status-publish","4":"has-post-thumbnail","6":"product_cat-luule","8":"first","9":"instock","10":"sale","11":"taxable","12":"shipping-taxable","13":"purchasable","14":"product-type-simple"},"_links":{"self":[{"href":"https:\/\/fil.ee\/uus\/wp-json\/wp\/v2\/product\/1948","targetHints":{"allow":["GET"]}}],"collection":[{"href":"https:\/\/fil.ee\/uus\/wp-json\/wp\/v2\/product"}],"about":[{"href":"https:\/\/fil.ee\/uus\/wp-json\/wp\/v2\/types\/product"}],"replies":[{"embeddable":true,"href":"https:\/\/fil.ee\/uus\/wp-json\/wp\/v2\/comments?post=1948"}],"wp:featuredmedia":[{"embeddable":true,"href":"https:\/\/fil.ee\/uus\/wp-json\/wp\/v2\/media\/1945"}],"wp:attachment":[{"href":"https:\/\/fil.ee\/uus\/wp-json\/wp\/v2\/media?parent=1948"}],"wp:term":[{"taxonomy":"product_brand","embeddable":true,"href":"https:\/\/fil.ee\/uus\/wp-json\/wp\/v2\/product_brand?post=1948"},{"taxonomy":"product_cat","embeddable":true,"href":"https:\/\/fil.ee\/uus\/wp-json\/wp\/v2\/product_cat?post=1948"},{"taxonomy":"product_tag","embeddable":true,"href":"https:\/\/fil.ee\/uus\/wp-json\/wp\/v2\/product_tag?post=1948"}],"curies":[{"name":"wp","href":"https:\/\/api.w.org\/{rel}","templated":true}]}}