{"id":1947,"date":"2022-12-22T00:14:59","date_gmt":"2022-12-21T22:14:59","guid":{"rendered":"https:\/\/fil.ee\/uus\/?post_type=product&#038;p=1947"},"modified":"2025-11-19T12:39:20","modified_gmt":"2025-11-19T10:39:20","slug":"malestused","status":"publish","type":"product","link":"https:\/\/fil.ee\/uus\/toode\/malestused\/","title":{"rendered":"M\u00e4lestused"},"content":{"rendered":"<p>22. detsembril 2022. aastal ilmus meie kirjastuselt uus luuleraamat, Eha-Diana Pikkor &#8220;M\u00e4lestused&#8221;. Raamat on pehmete kaante ja mustvalge sisuga. Raamatu m\u00f5\u00f5dud on 148&#215;210 mm, maht 120 lehek\u00fclge. Toimetas Heli Hallik, k\u00fcljendas ja kaaned kujundas Vallo Hallik<\/p>\n<p style=\"text-align: justify;\"><strong>Raamatu tutvustus:<br \/>\n<\/strong>Hea lugeja! Praegu hoiad Sa k\u00e4es luulekogu, milles leidub ohtralt autori l\u00e4bielamisi, emotsioone ja arusaamu, pika elu jooksul kogetut. Siit ei leia lembeluulet, k\u00fcll aga elukogenud inimese s\u00f5naseadmisi nii M\u00f5isak\u00fcla linna kui P\u00e4rnu haigla teemadel. Lisaks leiab nende kaante vahelt armastus- ja murem\u00f5tteid laste ning pere heaolule m\u00f5eldes ning p\u00fchendustega luuletusi l\u00e4hedastele.<\/p>\n<p>Raamatusse sisse vaatmiseksa kl\u00f5psa <a href=\"https:\/\/fil.ee\/sisu\/Malestused_esimesed_15lk.pdf\">siia<\/a>.<\/p>\n","protected":false},"excerpt":{"rendered":"<p>22. detsembril 2022. aastal ilmus meie kirjastuselt uus luuleraamat, Eha-Diana Pikkor &#8220;M\u00e4lestused&#8221;. Raamat on pehmete kaante ja mustvalge sisuga. Raamatu m\u00f5\u00f5dud on 148&#215;210 mm, maht 120 lehek\u00fclge. Toimetas Heli Hallik, k\u00fcljendas ja kaaned kujundas Vallo Hallik Raamatu tutvustus: Hea lugeja! Praegu hoiad Sa k\u00e4es luulekogu, milles leidub ohtralt autori l\u00e4bielamisi, emotsioone ja arusaamu, pika elu [&hellip;]<\/p>\n","protected":false},"featured_media":1944,"comment_status":"open","ping_status":"closed","template":"","meta":[],"product_brand":[],"product_cat":[286],"product_tag":[],"class_list":{"0":"post-1947","1":"product","2":"type-product","3":"status-publish","4":"has-post-thumbnail","6":"product_cat-archive","8":"first","9":"outofstock","10":"taxable","11":"shipping-taxable","12":"product-type-simple"},"_links":{"self":[{"href":"https:\/\/fil.ee\/uus\/wp-json\/wp\/v2\/product\/1947","targetHints":{"allow":["GET"]}}],"collection":[{"href":"https:\/\/fil.ee\/uus\/wp-json\/wp\/v2\/product"}],"about":[{"href":"https:\/\/fil.ee\/uus\/wp-json\/wp\/v2\/types\/product"}],"replies":[{"embeddable":true,"href":"https:\/\/fil.ee\/uus\/wp-json\/wp\/v2\/comments?post=1947"}],"wp:featuredmedia":[{"embeddable":true,"href":"https:\/\/fil.ee\/uus\/wp-json\/wp\/v2\/media\/1944"}],"wp:attachment":[{"href":"https:\/\/fil.ee\/uus\/wp-json\/wp\/v2\/media?parent=1947"}],"wp:term":[{"taxonomy":"product_brand","embeddable":true,"href":"https:\/\/fil.ee\/uus\/wp-json\/wp\/v2\/product_brand?post=1947"},{"taxonomy":"product_cat","embeddable":true,"href":"https:\/\/fil.ee\/uus\/wp-json\/wp\/v2\/product_cat?post=1947"},{"taxonomy":"product_tag","embeddable":true,"href":"https:\/\/fil.ee\/uus\/wp-json\/wp\/v2\/product_tag?post=1947"}],"curies":[{"name":"wp","href":"https:\/\/api.w.org\/{rel}","templated":true}]}}