{"id":1939,"date":"2022-11-16T22:23:33","date_gmt":"2022-11-16T20:23:33","guid":{"rendered":"https:\/\/fil.ee\/uus\/?post_type=product&#038;p=1939"},"modified":"2023-07-24T18:16:52","modified_gmt":"2023-07-24T15:16:52","slug":"palun-kirjuta-mulle-kiri","status":"publish","type":"product","link":"https:\/\/fil.ee\/uus\/toode\/palun-kirjuta-mulle-kiri\/","title":{"rendered":"Palun kirjuta mulle kiri"},"content":{"rendered":"<p style=\"text-align: justify;\">16. novembril 2022. aastal ilmus meie kirjastuselt uus luuleraamat, Moonika Tammsalu &#8220;Palun kirjuta mulle kiri&#8221;. Raamat on pehmete kaante ja mustvalge sisuga. Raamatu m\u00f5\u00f5dud on 135&#215;195 mm, maht 64 lehek\u00fclge. Toimetas Heli Hallik, k\u00fcljendas ja kaaned kujundas Vallo Hallik<\/p>\n<p style=\"text-align: justify;\"><strong>Raamatu tutvustus:<br \/>\n<\/strong>Olen Moonika. Tulem\u00e4rgis s\u00fcndinud rahutu ja unistav hing. Luule on minu viis elada v\u00e4lja oma tundeid ja m\u00f5tteid. Sellest kogumikust leiad kindlasti midagi, mis k\u00f5netab just sind, armas lugeja.<br \/>\nAit\u00e4h, et oled!<\/p>\n<p>Raamatusse sisse vaatamiseks kl\u00f5psa <a href=\"https:\/\/fil.ee\/sisu\/Palun_kirjuta_mulle_kiri_esimesed15lk.pdf\">siia<\/a>.<\/p>\n","protected":false},"excerpt":{"rendered":"<p>16. novembril 2022. aastal ilmus meie kirjastuselt uus luuleraamat, Moonika Tammsalu &#8220;Palun kirjuta mulle kiri&#8221;. Raamat on pehmete kaante ja mustvalge sisuga. Raamatu m\u00f5\u00f5dud on 135&#215;195 mm, maht 64 lehek\u00fclge. Toimetas Heli Hallik, k\u00fcljendas ja kaaned kujundas Vallo Hallik Raamatu tutvustus: Olen Moonika. Tulem\u00e4rgis s\u00fcndinud rahutu ja unistav hing. Luule on minu viis elada v\u00e4lja [&hellip;]<\/p>\n","protected":false},"featured_media":1936,"comment_status":"open","ping_status":"closed","template":"","meta":[],"product_brand":[],"product_cat":[23],"product_tag":[],"class_list":{"0":"post-1939","1":"product","2":"type-product","3":"status-publish","4":"has-post-thumbnail","6":"product_cat-luule","8":"first","9":"instock","10":"taxable","11":"shipping-taxable","12":"purchasable","13":"product-type-simple"},"_links":{"self":[{"href":"https:\/\/fil.ee\/uus\/wp-json\/wp\/v2\/product\/1939","targetHints":{"allow":["GET"]}}],"collection":[{"href":"https:\/\/fil.ee\/uus\/wp-json\/wp\/v2\/product"}],"about":[{"href":"https:\/\/fil.ee\/uus\/wp-json\/wp\/v2\/types\/product"}],"replies":[{"embeddable":true,"href":"https:\/\/fil.ee\/uus\/wp-json\/wp\/v2\/comments?post=1939"}],"wp:featuredmedia":[{"embeddable":true,"href":"https:\/\/fil.ee\/uus\/wp-json\/wp\/v2\/media\/1936"}],"wp:attachment":[{"href":"https:\/\/fil.ee\/uus\/wp-json\/wp\/v2\/media?parent=1939"}],"wp:term":[{"taxonomy":"product_brand","embeddable":true,"href":"https:\/\/fil.ee\/uus\/wp-json\/wp\/v2\/product_brand?post=1939"},{"taxonomy":"product_cat","embeddable":true,"href":"https:\/\/fil.ee\/uus\/wp-json\/wp\/v2\/product_cat?post=1939"},{"taxonomy":"product_tag","embeddable":true,"href":"https:\/\/fil.ee\/uus\/wp-json\/wp\/v2\/product_tag?post=1939"}],"curies":[{"name":"wp","href":"https:\/\/api.w.org\/{rel}","templated":true}]}}