{"id":1938,"date":"2022-11-16T22:21:15","date_gmt":"2022-11-16T20:21:15","guid":{"rendered":"https:\/\/fil.ee\/uus\/?post_type=product&#038;p=1938"},"modified":"2023-11-29T14:51:25","modified_gmt":"2023-11-29T12:51:25","slug":"edre-ja-tollo-muhe-joulumelu","status":"publish","type":"product","link":"https:\/\/fil.ee\/uus\/toode\/edre-ja-tollo-muhe-joulumelu\/","title":{"rendered":"Edre ja Tollo muhe j\u00f5ulumelu"},"content":{"rendered":"<p style=\"text-align: justify;\">16. novembril 2022. aastal ilmus meie kirjastuselt uus lasteraamat, Erle M\u00e4gi &#8220;Edre ja Tollo muhe j\u00f5ulumelu&#8221;. Raamat on k\u00f5vade kaante ja v\u00e4rvilise sisuga. Raamatu m\u00f5\u00f5dud on 170&#215;240 mm, maht 32 lehek\u00fclge. Toimetas Heli Hallik, illustreeris Jana Valge, k\u00fcljendas ja kaaned kujundas Vallo Hallik<\/p>\n<p style=\"text-align: justify;\"><strong>Raamatu tutvustus:<br \/>\n<\/strong>Rebasekutsikas Edre ja taadike Tollo ootavad imelist j\u00f5uluaega nagu Sinagi. Iga ootamine v\u00f5ib aga venida pikaks ning muutuda pisut igavaks, kui ei juhtu p\u00f5nevaid j\u00f5uluseiklusi. Just nendega Edre ja Tollo Sind \u00fcllatavadki. M\u00f5nikord veidi pahurana, siis j\u00e4lle \u00fclevoolavalt r\u00f5\u00f5msana, aga mis peamine \u2013 ikka \u00fcheskoos saadakse \u00fcle igast takistusest ka j\u00f5uluajal. Muhe j\u00f5ulumelu parimate s\u00f5prade seltsis saab vahva olema!<br \/>\nLasteraamat mudilastele ja nooremale koolieale.<\/p>\n<p>Raamatusse sisse vaatamiseks kl\u00f5psa <a href=\"https:\/\/fil.ee\/sisu\/Edre_ja_Tollo_muhe_joulumelu_esimesed_15_lk.pdf\">siia<\/a>.<\/p>\n","protected":false},"excerpt":{"rendered":"<p>16. novembril 2022. aastal ilmus meie kirjastuselt uus lasteraamat, Erle M\u00e4gi &#8220;Edre ja Tollo muhe j\u00f5ulumelu&#8221;. Raamat on k\u00f5vade kaante ja v\u00e4rvilise sisuga. Raamatu m\u00f5\u00f5dud on 170&#215;240 mm, maht 32 lehek\u00fclge. Toimetas Heli Hallik, illustreeris Jana Valge, k\u00fcljendas ja kaaned kujundas Vallo Hallik Raamatu tutvustus: Rebasekutsikas Edre ja taadike Tollo ootavad imelist j\u00f5uluaega nagu Sinagi. [&hellip;]<\/p>\n","protected":false},"featured_media":1935,"comment_status":"open","ping_status":"closed","template":"","meta":[],"product_brand":[],"product_cat":[22],"product_tag":[],"class_list":{"0":"post-1938","1":"product","2":"type-product","3":"status-publish","4":"has-post-thumbnail","6":"product_cat-lastele","8":"first","9":"instock","10":"taxable","11":"shipping-taxable","12":"purchasable","13":"product-type-simple"},"_links":{"self":[{"href":"https:\/\/fil.ee\/uus\/wp-json\/wp\/v2\/product\/1938","targetHints":{"allow":["GET"]}}],"collection":[{"href":"https:\/\/fil.ee\/uus\/wp-json\/wp\/v2\/product"}],"about":[{"href":"https:\/\/fil.ee\/uus\/wp-json\/wp\/v2\/types\/product"}],"replies":[{"embeddable":true,"href":"https:\/\/fil.ee\/uus\/wp-json\/wp\/v2\/comments?post=1938"}],"wp:featuredmedia":[{"embeddable":true,"href":"https:\/\/fil.ee\/uus\/wp-json\/wp\/v2\/media\/1935"}],"wp:attachment":[{"href":"https:\/\/fil.ee\/uus\/wp-json\/wp\/v2\/media?parent=1938"}],"wp:term":[{"taxonomy":"product_brand","embeddable":true,"href":"https:\/\/fil.ee\/uus\/wp-json\/wp\/v2\/product_brand?post=1938"},{"taxonomy":"product_cat","embeddable":true,"href":"https:\/\/fil.ee\/uus\/wp-json\/wp\/v2\/product_cat?post=1938"},{"taxonomy":"product_tag","embeddable":true,"href":"https:\/\/fil.ee\/uus\/wp-json\/wp\/v2\/product_tag?post=1938"}],"curies":[{"name":"wp","href":"https:\/\/api.w.org\/{rel}","templated":true}]}}