{"id":1931,"date":"2022-10-20T00:43:29","date_gmt":"2022-10-19T21:43:29","guid":{"rendered":"https:\/\/fil.ee\/uus\/?post_type=product&#038;p=1931"},"modified":"2023-07-24T18:30:34","modified_gmt":"2023-07-24T15:30:34","slug":"kadunud-sokkide-juhtum","status":"publish","type":"product","link":"https:\/\/fil.ee\/uus\/toode\/kadunud-sokkide-juhtum\/","title":{"rendered":"Kadunud sokkide juhtum"},"content":{"rendered":"<p>20. oktoobril 2022. aastal ilmus meie kirjastuselt uus lasteraamat, Urve Tinnuri &#8220;Kadunud sokkide juhtum&#8221;. Raamat on k\u00f5vade kaante ja v\u00e4rvilise sisuga. Raamatu m\u00f5\u00f5dud on 170&#215;240 mm, maht 24 lehek\u00fclge. Toimetas HeIi Hallik, illustreeris Jana Valge, k\u00fcljendas ja kaaned kujundas Vallo Hallik.<\/p>\n<p style=\"text-align: justify;\"><strong>Raamatu tutvustus:<br \/>\n<\/strong>Lustakas, hoogne ja haarav v\u00e4rssjutustus r\u00e4\u00e4gib koolipoiss Tristanist, kes hommikul \u00e4rgates avastab, et tema sokid on salap\u00e4rasel moel kaduma l\u00e4inud. Otsingutega liituvad ka ema, isa ja vanaema. K\u00f5ik trumpavad \u00fcksteist \u00fcle naljakate oletustega, et kuhu sokid k\u00fcll saada v\u00f5isid, aga ainuski arvamus ei pea paika. L\u00f5puks haarab isa telefoni ja kutsub kadumisjuhtumit uurima kuulsa meisterdetektiivi.<\/p>\n<p>Raamatusse sisse vaatamiseks kl\u00f5psa <a href=\"https:\/\/fil.ee\/sisu\/Kadunud_sokkide_juhtum_esimesed_15lk.pdf\">siia<\/a>.<\/p>\n","protected":false},"excerpt":{"rendered":"<p>20. oktoobril 2022. aastal ilmus meie kirjastuselt uus lasteraamat, Urve Tinnuri &#8220;Kadunud sokkide juhtum&#8221;. Raamat on k\u00f5vade kaante ja v\u00e4rvilise sisuga. Raamatu m\u00f5\u00f5dud on 170&#215;240 mm, maht 24 lehek\u00fclge. Toimetas HeIi Hallik, illustreeris Jana Valge, k\u00fcljendas ja kaaned kujundas Vallo Hallik. Raamatu tutvustus: Lustakas, hoogne ja haarav v\u00e4rssjutustus r\u00e4\u00e4gib koolipoiss Tristanist, kes hommikul \u00e4rgates avastab, [&hellip;]<\/p>\n","protected":false},"featured_media":1927,"comment_status":"open","ping_status":"closed","template":"","meta":[],"product_brand":[],"product_cat":[22,23],"product_tag":[],"class_list":{"0":"post-1931","1":"product","2":"type-product","3":"status-publish","4":"has-post-thumbnail","6":"product_cat-lastele","7":"product_cat-luule","9":"first","10":"instock","11":"taxable","12":"shipping-taxable","13":"purchasable","14":"product-type-simple"},"_links":{"self":[{"href":"https:\/\/fil.ee\/uus\/wp-json\/wp\/v2\/product\/1931","targetHints":{"allow":["GET"]}}],"collection":[{"href":"https:\/\/fil.ee\/uus\/wp-json\/wp\/v2\/product"}],"about":[{"href":"https:\/\/fil.ee\/uus\/wp-json\/wp\/v2\/types\/product"}],"replies":[{"embeddable":true,"href":"https:\/\/fil.ee\/uus\/wp-json\/wp\/v2\/comments?post=1931"}],"wp:featuredmedia":[{"embeddable":true,"href":"https:\/\/fil.ee\/uus\/wp-json\/wp\/v2\/media\/1927"}],"wp:attachment":[{"href":"https:\/\/fil.ee\/uus\/wp-json\/wp\/v2\/media?parent=1931"}],"wp:term":[{"taxonomy":"product_brand","embeddable":true,"href":"https:\/\/fil.ee\/uus\/wp-json\/wp\/v2\/product_brand?post=1931"},{"taxonomy":"product_cat","embeddable":true,"href":"https:\/\/fil.ee\/uus\/wp-json\/wp\/v2\/product_cat?post=1931"},{"taxonomy":"product_tag","embeddable":true,"href":"https:\/\/fil.ee\/uus\/wp-json\/wp\/v2\/product_tag?post=1931"}],"curies":[{"name":"wp","href":"https:\/\/api.w.org\/{rel}","templated":true}]}}