{"id":1930,"date":"2022-10-20T00:39:09","date_gmt":"2022-10-19T21:39:09","guid":{"rendered":"https:\/\/fil.ee\/uus\/?post_type=product&#038;p=1930"},"modified":"2023-07-24T18:31:42","modified_gmt":"2023-07-24T15:31:42","slug":"vastandid","status":"publish","type":"product","link":"https:\/\/fil.ee\/uus\/toode\/vastandid\/","title":{"rendered":"Vastandid"},"content":{"rendered":"<p>20. oktoobril 2022. aastal ilmus meie kirjastuselt uus raamat, Maria Lepmaa &#8220;Vastandid&#8221;. Raamat on pehmete kaante ja mustvalge sisuga. Raamatu m\u00f5\u00f5dud on 125&#215;190 mm, maht 180 lehek\u00fclge. Toimetas Irene \u00d5mblus, k\u00fcljendas ja kaaned kujundas Vallo Hallik.<\/p>\n<p style=\"text-align: justify;\"><strong>Raamatu tutvustus:<br \/>\n<\/strong>Kaks venda. Kaksikvenda. Torm ja vaikus, tuli ja vesi. Rando on vaikne vaatleja, kunstnik, kes elab sissepoole, oma tundeid ei n\u00e4ita ja r\u00e4\u00e4gib v\u00e4he. Ta on rahulik ja s\u00fcgav nagu meri. Enda m\u00f5tteid ja unistusi v\u00e4ljendab ta l\u00f5uendil v\u00f5i raamatutes illustratsioonidena. Romet on Rando sarnane, kuid ainult v\u00e4limuse poolest. Iseloomult on ta oma kaksikvenna t\u00e4ielik vastand \u2013 muusik, kes elab kiirelt, k\u00f5igist v\u00f5imalustest kirglikult kinni haarates. Ta p\u00f5leb ereda leegiga, k\u00f5rvetab ennast ja teisi ning on l\u00f5puks nagu pillikeel, mis on katkemiseni pingul.<\/p>\n<p>Raamatusse sisse vaatamiseks kl\u00f5psa <a href=\"https:\/\/fil.ee\/sisu\/Vastandid_esimesed_15lk.pdf\">siia<\/a>.<\/p>\n","protected":false},"excerpt":{"rendered":"<p>20. oktoobril 2022. aastal ilmus meie kirjastuselt uus raamat, Maria Lepmaa &#8220;Vastandid&#8221;. Raamat on pehmete kaante ja mustvalge sisuga. Raamatu m\u00f5\u00f5dud on 125&#215;190 mm, maht 180 lehek\u00fclge. Toimetas Irene \u00d5mblus, k\u00fcljendas ja kaaned kujundas Vallo Hallik. Raamatu tutvustus: Kaks venda. Kaksikvenda. Torm ja vaikus, tuli ja vesi. Rando on vaikne vaatleja, kunstnik, kes elab sissepoole, [&hellip;]<\/p>\n","protected":false},"featured_media":1926,"comment_status":"open","ping_status":"closed","template":"","meta":[],"product_brand":[],"product_cat":[286],"product_tag":[],"class_list":{"0":"post-1930","1":"product","2":"type-product","3":"status-publish","4":"has-post-thumbnail","6":"product_cat-archive","8":"first","9":"outofstock","10":"taxable","11":"shipping-taxable","12":"product-type-simple"},"_links":{"self":[{"href":"https:\/\/fil.ee\/uus\/wp-json\/wp\/v2\/product\/1930","targetHints":{"allow":["GET"]}}],"collection":[{"href":"https:\/\/fil.ee\/uus\/wp-json\/wp\/v2\/product"}],"about":[{"href":"https:\/\/fil.ee\/uus\/wp-json\/wp\/v2\/types\/product"}],"replies":[{"embeddable":true,"href":"https:\/\/fil.ee\/uus\/wp-json\/wp\/v2\/comments?post=1930"}],"wp:featuredmedia":[{"embeddable":true,"href":"https:\/\/fil.ee\/uus\/wp-json\/wp\/v2\/media\/1926"}],"wp:attachment":[{"href":"https:\/\/fil.ee\/uus\/wp-json\/wp\/v2\/media?parent=1930"}],"wp:term":[{"taxonomy":"product_brand","embeddable":true,"href":"https:\/\/fil.ee\/uus\/wp-json\/wp\/v2\/product_brand?post=1930"},{"taxonomy":"product_cat","embeddable":true,"href":"https:\/\/fil.ee\/uus\/wp-json\/wp\/v2\/product_cat?post=1930"},{"taxonomy":"product_tag","embeddable":true,"href":"https:\/\/fil.ee\/uus\/wp-json\/wp\/v2\/product_tag?post=1930"}],"curies":[{"name":"wp","href":"https:\/\/api.w.org\/{rel}","templated":true}]}}