{"id":1922,"date":"2022-10-10T02:57:30","date_gmt":"2022-10-09T23:57:30","guid":{"rendered":"https:\/\/fil.ee\/uus\/?post_type=product&#038;p=1922"},"modified":"2023-07-24T18:45:58","modified_gmt":"2023-07-24T15:45:58","slug":"kallipalli-kasvamine","status":"publish","type":"product","link":"https:\/\/fil.ee\/uus\/toode\/kallipalli-kasvamine\/","title":{"rendered":"Kallipalli kasvamine"},"content":{"rendered":"<p>12. oktoobril 2022. aastal ilmus meie kirjastuselt uus luuleraamat lastele, siljalill &#8220;Kallipalli kasvamine&#8221;. Raamat on k\u00f5vade kaante ja v\u00e4rvilise sisuga. Raamatu m\u00f5\u00f5dud on 170&#215;240 mm, maht 32 lehek\u00fclge. Toimetas Irene \u00d5mblus, illustreeris Liina Lippasaar, kaaned kujundas ja k\u00fcljendas Vallo Hallik<\/p>\n<p style=\"text-align: justify;\"><strong>Raamatu tutvustus:<br \/>\n<\/strong>Selles v\u00e4rsikogus saavad kokku lasteaed ja kool, r\u00f5\u00f5mud ja vallatused, uudishimu ja avastused \u2013 k\u00f5ik see, mis kuulub suureks kasvamise juurde ja millest hiljem s\u00fcnnivad armsad lapsep\u00f5lvem\u00e4lestused. Siia mahub ka meie ilus isamaa oma t\u00e4htp\u00e4evade, aastaaegade ja imelise loodusega.<br \/>\nEhkki raamat sobib p\u00f5lvepikkustest koolij\u00fctsideni, leiavad sellest toredaid \u00e4ratundmisi ka emad ja isad, vanaemad ja vanaisad.<\/p>\n<p>Raamatusse sisse vaatamiseks kl\u00f5psa <a href=\"https:\/\/fil.ee\/sisu\/Kallipalli%20kasvamine%20esimesed%2015lk.pdf\">siia<\/a>.<\/p>\n","protected":false},"excerpt":{"rendered":"<p>12. oktoobril 2022. aastal ilmus meie kirjastuselt uus luuleraamat lastele, siljalill &#8220;Kallipalli kasvamine&#8221;. Raamat on k\u00f5vade kaante ja v\u00e4rvilise sisuga. Raamatu m\u00f5\u00f5dud on 170&#215;240 mm, maht 32 lehek\u00fclge. Toimetas Irene \u00d5mblus, illustreeris Liina Lippasaar, kaaned kujundas ja k\u00fcljendas Vallo Hallik Raamatu tutvustus: Selles v\u00e4rsikogus saavad kokku lasteaed ja kool, r\u00f5\u00f5mud ja vallatused, uudishimu ja avastused [&hellip;]<\/p>\n","protected":false},"featured_media":1903,"comment_status":"open","ping_status":"closed","template":"","meta":[],"product_brand":[],"product_cat":[22,23],"product_tag":[],"class_list":{"0":"post-1922","1":"product","2":"type-product","3":"status-publish","4":"has-post-thumbnail","6":"product_cat-lastele","7":"product_cat-luule","9":"first","10":"instock","11":"sale","12":"taxable","13":"shipping-taxable","14":"purchasable","15":"product-type-simple"},"_links":{"self":[{"href":"https:\/\/fil.ee\/uus\/wp-json\/wp\/v2\/product\/1922","targetHints":{"allow":["GET"]}}],"collection":[{"href":"https:\/\/fil.ee\/uus\/wp-json\/wp\/v2\/product"}],"about":[{"href":"https:\/\/fil.ee\/uus\/wp-json\/wp\/v2\/types\/product"}],"replies":[{"embeddable":true,"href":"https:\/\/fil.ee\/uus\/wp-json\/wp\/v2\/comments?post=1922"}],"wp:featuredmedia":[{"embeddable":true,"href":"https:\/\/fil.ee\/uus\/wp-json\/wp\/v2\/media\/1903"}],"wp:attachment":[{"href":"https:\/\/fil.ee\/uus\/wp-json\/wp\/v2\/media?parent=1922"}],"wp:term":[{"taxonomy":"product_brand","embeddable":true,"href":"https:\/\/fil.ee\/uus\/wp-json\/wp\/v2\/product_brand?post=1922"},{"taxonomy":"product_cat","embeddable":true,"href":"https:\/\/fil.ee\/uus\/wp-json\/wp\/v2\/product_cat?post=1922"},{"taxonomy":"product_tag","embeddable":true,"href":"https:\/\/fil.ee\/uus\/wp-json\/wp\/v2\/product_tag?post=1922"}],"curies":[{"name":"wp","href":"https:\/\/api.w.org\/{rel}","templated":true}]}}