{"id":1915,"date":"2022-09-29T06:08:50","date_gmt":"2022-09-29T03:08:50","guid":{"rendered":"https:\/\/fil.ee\/uus\/?post_type=product&#038;p=1915"},"modified":"2023-07-24T18:47:22","modified_gmt":"2023-07-24T15:47:22","slug":"rott-rudolf-ja-lumehelbeke","status":"publish","type":"product","link":"https:\/\/fil.ee\/uus\/toode\/rott-rudolf-ja-lumehelbeke\/","title":{"rendered":"Rott Rudolf ja Lumehelbeke"},"content":{"rendered":"<p>29. septembril 2022. aastal ilmus meie kirjastuselt uus lasteraamat, Tiina-Maria Steinberg &#8220;Rott Rudolf ja Lumehelbeke&#8221;. Raamat on k\u00f5vade kaante ja v\u00e4rvilise sisuga. Raamatu m\u00f5\u00f5dud on 190&#215;250 mm, maht 56 lehek\u00fclge. Toimetas Heli Hallik, illustreeris Jana Valge, k\u00fcljendas ja kaaned kujundas Jaan Lehismets.<\/p>\n<p style=\"text-align: justify;\"><strong>Raamatu tutvustus:<br \/>\n<\/strong>\u00dchel ilusal kevadp\u00e4eval l\u00f5peb rott Rudolfi rahulik elu t\u00e4di Maali keldris ja algavad peadp\u00f6\u00f6ritavad seiklused &#8230;<\/p>\n<p>Raamatusse sisse vaatamiseks kl\u00f5psa <a href=\"https:\/\/fil.ee\/sisu\/Rott_Rudolf_ja_Lumehelbeke_E15.pdf\">siia<\/a>.<\/p>\n","protected":false},"excerpt":{"rendered":"<p>29. septembril 2022. aastal ilmus meie kirjastuselt uus lasteraamat, Tiina-Maria Steinberg &#8220;Rott Rudolf ja Lumehelbeke&#8221;. Raamat on k\u00f5vade kaante ja v\u00e4rvilise sisuga. Raamatu m\u00f5\u00f5dud on 190&#215;250 mm, maht 56 lehek\u00fclge. Toimetas Heli Hallik, illustreeris Jana Valge, k\u00fcljendas ja kaaned kujundas Jaan Lehismets. Raamatu tutvustus: \u00dchel ilusal kevadp\u00e4eval l\u00f5peb rott Rudolfi rahulik elu t\u00e4di Maali keldris [&hellip;]<\/p>\n","protected":false},"featured_media":1902,"comment_status":"open","ping_status":"closed","template":"","meta":[],"product_brand":[],"product_cat":[22],"product_tag":[],"class_list":{"0":"post-1915","1":"product","2":"type-product","3":"status-publish","4":"has-post-thumbnail","6":"product_cat-lastele","8":"first","9":"instock","10":"taxable","11":"shipping-taxable","12":"purchasable","13":"product-type-simple"},"_links":{"self":[{"href":"https:\/\/fil.ee\/uus\/wp-json\/wp\/v2\/product\/1915","targetHints":{"allow":["GET"]}}],"collection":[{"href":"https:\/\/fil.ee\/uus\/wp-json\/wp\/v2\/product"}],"about":[{"href":"https:\/\/fil.ee\/uus\/wp-json\/wp\/v2\/types\/product"}],"replies":[{"embeddable":true,"href":"https:\/\/fil.ee\/uus\/wp-json\/wp\/v2\/comments?post=1915"}],"wp:featuredmedia":[{"embeddable":true,"href":"https:\/\/fil.ee\/uus\/wp-json\/wp\/v2\/media\/1902"}],"wp:attachment":[{"href":"https:\/\/fil.ee\/uus\/wp-json\/wp\/v2\/media?parent=1915"}],"wp:term":[{"taxonomy":"product_brand","embeddable":true,"href":"https:\/\/fil.ee\/uus\/wp-json\/wp\/v2\/product_brand?post=1915"},{"taxonomy":"product_cat","embeddable":true,"href":"https:\/\/fil.ee\/uus\/wp-json\/wp\/v2\/product_cat?post=1915"},{"taxonomy":"product_tag","embeddable":true,"href":"https:\/\/fil.ee\/uus\/wp-json\/wp\/v2\/product_tag?post=1915"}],"curies":[{"name":"wp","href":"https:\/\/api.w.org\/{rel}","templated":true}]}}