{"id":1909,"date":"2022-09-20T12:39:31","date_gmt":"2022-09-20T09:39:31","guid":{"rendered":"https:\/\/fil.ee\/uus\/?post_type=product&#038;p=1909"},"modified":"2023-07-26T20:40:14","modified_gmt":"2023-07-26T17:40:14","slug":"tahed","status":"publish","type":"product","link":"https:\/\/fil.ee\/uus\/toode\/tahed\/","title":{"rendered":"T\u00e4hed"},"content":{"rendered":"<p style=\"text-align: justify;\">20. septembril 2022. aastal ilmus meie kirjastuselt uus lasteraamat, Erle M\u00e4gi &#8220;T\u00e4hed&#8221;. Raamat on k\u00f5vade kaante ja v\u00e4rvilise sisuga. Raamatu m\u00f5\u00f5dud on 170&#215;240 mm, maht 48 lehek\u00fclge. Toimetas Heli Hallik, illustreeris Jana Valge, k\u00fcljendas ja kaaned kujundas Vallo Hallik.<\/p>\n<p style=\"text-align: justify;\"><strong>Raamatu tutvustus:<br \/>\n<\/strong>Selles luuleraamatus, mida praegu k\u00e4es hoiad, on midagi sellist, mida saad lugeda ainult siit. Tahtsin Sulle luuletada kuidagi eriliselt, teistmoodi. Loodan, et see \u00f5nnestus. Kohe, kui oled esimese luuletuse l\u00e4bi lugenud, saad aru, missuguseid vimkasid olen nende luuletuste kirjutamisel teinud. K\u00fclmetav kulp, rokkiv rattur Raul, haige hiireke, pahur p\u00f5rnikas ja paljud teised juba ootavad Sind. Rohkem ma ei reeda. Saladus! Luuleraamat on n\u00fc\u00fcd Sinu p\u00e4ralt.<\/p>\n<p>Raamatusse sisse vaatamiseks kl\u00f5psa <a href=\"https:\/\/fil.ee\/sisu\/Tahed_esimesed_15lk.pdf\">siia<\/a>.<\/p>\n","protected":false},"excerpt":{"rendered":"<p>20. septembril 2022. aastal ilmus meie kirjastuselt uus lasteraamat, Erle M\u00e4gi &#8220;T\u00e4hed&#8221;. Raamat on k\u00f5vade kaante ja v\u00e4rvilise sisuga. Raamatu m\u00f5\u00f5dud on 170&#215;240 mm, maht 48 lehek\u00fclge. Toimetas Heli Hallik, illustreeris Jana Valge, k\u00fcljendas ja kaaned kujundas Vallo Hallik. Raamatu tutvustus: Selles luuleraamatus, mida praegu k\u00e4es hoiad, on midagi sellist, mida saad lugeda ainult siit. [&hellip;]<\/p>\n","protected":false},"featured_media":1901,"comment_status":"open","ping_status":"closed","template":"","meta":[],"product_brand":[],"product_cat":[286],"product_tag":[],"class_list":{"0":"post-1909","1":"product","2":"type-product","3":"status-publish","4":"has-post-thumbnail","6":"product_cat-archive","8":"first","9":"instock","10":"taxable","11":"shipping-taxable","12":"product-type-simple"},"_links":{"self":[{"href":"https:\/\/fil.ee\/uus\/wp-json\/wp\/v2\/product\/1909","targetHints":{"allow":["GET"]}}],"collection":[{"href":"https:\/\/fil.ee\/uus\/wp-json\/wp\/v2\/product"}],"about":[{"href":"https:\/\/fil.ee\/uus\/wp-json\/wp\/v2\/types\/product"}],"replies":[{"embeddable":true,"href":"https:\/\/fil.ee\/uus\/wp-json\/wp\/v2\/comments?post=1909"}],"wp:featuredmedia":[{"embeddable":true,"href":"https:\/\/fil.ee\/uus\/wp-json\/wp\/v2\/media\/1901"}],"wp:attachment":[{"href":"https:\/\/fil.ee\/uus\/wp-json\/wp\/v2\/media?parent=1909"}],"wp:term":[{"taxonomy":"product_brand","embeddable":true,"href":"https:\/\/fil.ee\/uus\/wp-json\/wp\/v2\/product_brand?post=1909"},{"taxonomy":"product_cat","embeddable":true,"href":"https:\/\/fil.ee\/uus\/wp-json\/wp\/v2\/product_cat?post=1909"},{"taxonomy":"product_tag","embeddable":true,"href":"https:\/\/fil.ee\/uus\/wp-json\/wp\/v2\/product_tag?post=1909"}],"curies":[{"name":"wp","href":"https:\/\/api.w.org\/{rel}","templated":true}]}}