{"id":1908,"date":"2022-09-20T12:35:49","date_gmt":"2022-09-20T09:35:49","guid":{"rendered":"https:\/\/fil.ee\/uus\/?post_type=product&#038;p=1908"},"modified":"2023-07-24T18:50:21","modified_gmt":"2023-07-24T15:50:21","slug":"samaani-silmadega-mees","status":"publish","type":"product","link":"https:\/\/fil.ee\/uus\/toode\/samaani-silmadega-mees\/","title":{"rendered":"\u0160amaani silmadega mees"},"content":{"rendered":"<p>20. septembril 2022. aastal ilmus meie kirjastuselt uus raamat, Margit Peterson &#8220;\u0160amaani silmadega mees&#8221;. Raamat on k\u00f5vade kaante ja mustvalge sisuga. Raamatu m\u00f5\u00f5dud on 148&#215;210 mm, maht 88 lehek\u00fclge. Toimetas Irene \u00d5mblus, kaaned kujundas Jaan Lehismets ja k\u00fcljendas Vallo Hallik<\/p>\n<p style=\"text-align: justify;\"><strong>Raamatu tutvustus:<br \/>\n<\/strong>Minu viies l\u00fchijutu- ja novellikogu \u201e\u0160amaani silmadega mees\u201c on m\u00f5tteline j\u00e4rg eelnevatele raamatutele \u201eVirtuaalmees,\u201c \u201eR\u00f6ntgenn\u00e4gemisega mees,\u201c \u201eMustade silmadega mees\u201c ja \u201eRoheliste silmadega mees.\u201c Need raamatud kannavad endas lugusid, mis oleks nagu alguse saanud elust enesest, sest paljud situatsioonid meie eludes korduvad v\u00f5i juhtuvad isegi samal ajal ja samas kohas nii sinu, minu kui ka temaga. Siiski on meie k\u00f5igi elutee kordumatu ja elulugu ainulaadne nagu ka see kogumik.<br \/>\nAit\u00e4h, mu armsad lugejad!<br \/>\nAutor<\/p>\n<p>Raamatusse sisse vaatamiseks kl\u00f5psa <a href=\"https:\/\/fil.ee\/sisu\/Samaani_silmadega_mees_esimesed_15lk.pdf\">siia<\/a>.<\/p>\n","protected":false},"excerpt":{"rendered":"<p>20. septembril 2022. aastal ilmus meie kirjastuselt uus raamat, Margit Peterson &#8220;\u0160amaani silmadega mees&#8221;. Raamat on k\u00f5vade kaante ja mustvalge sisuga. Raamatu m\u00f5\u00f5dud on 148&#215;210 mm, maht 88 lehek\u00fclge. Toimetas Irene \u00d5mblus, kaaned kujundas Jaan Lehismets ja k\u00fcljendas Vallo Hallik Raamatu tutvustus: Minu viies l\u00fchijutu- ja novellikogu \u201e\u0160amaani silmadega mees\u201c on m\u00f5tteline j\u00e4rg eelnevatele raamatutele [&hellip;]<\/p>\n","protected":false},"featured_media":1900,"comment_status":"open","ping_status":"closed","template":"","meta":[],"product_brand":[],"product_cat":[19],"product_tag":[],"class_list":{"0":"post-1908","1":"product","2":"type-product","3":"status-publish","4":"has-post-thumbnail","6":"product_cat-ilukirjandus","8":"first","9":"instock","10":"taxable","11":"shipping-taxable","12":"purchasable","13":"product-type-simple"},"_links":{"self":[{"href":"https:\/\/fil.ee\/uus\/wp-json\/wp\/v2\/product\/1908","targetHints":{"allow":["GET"]}}],"collection":[{"href":"https:\/\/fil.ee\/uus\/wp-json\/wp\/v2\/product"}],"about":[{"href":"https:\/\/fil.ee\/uus\/wp-json\/wp\/v2\/types\/product"}],"replies":[{"embeddable":true,"href":"https:\/\/fil.ee\/uus\/wp-json\/wp\/v2\/comments?post=1908"}],"wp:featuredmedia":[{"embeddable":true,"href":"https:\/\/fil.ee\/uus\/wp-json\/wp\/v2\/media\/1900"}],"wp:attachment":[{"href":"https:\/\/fil.ee\/uus\/wp-json\/wp\/v2\/media?parent=1908"}],"wp:term":[{"taxonomy":"product_brand","embeddable":true,"href":"https:\/\/fil.ee\/uus\/wp-json\/wp\/v2\/product_brand?post=1908"},{"taxonomy":"product_cat","embeddable":true,"href":"https:\/\/fil.ee\/uus\/wp-json\/wp\/v2\/product_cat?post=1908"},{"taxonomy":"product_tag","embeddable":true,"href":"https:\/\/fil.ee\/uus\/wp-json\/wp\/v2\/product_tag?post=1908"}],"curies":[{"name":"wp","href":"https:\/\/api.w.org\/{rel}","templated":true}]}}