{"id":1907,"date":"2022-09-20T12:30:16","date_gmt":"2022-09-20T09:30:16","guid":{"rendered":"https:\/\/fil.ee\/uus\/?post_type=product&#038;p=1907"},"modified":"2025-07-15T22:17:32","modified_gmt":"2025-07-15T19:17:32","slug":"koduope","status":"publish","type":"product","link":"https:\/\/fil.ee\/uus\/toode\/koduope\/","title":{"rendered":"Kodu\u00f5pe"},"content":{"rendered":"<p>20. septembril 2022. aastal ilmus meie kirjastuselt uus lasteraamat keskmisele koolieale, Marje Aavik &#8220;Kodu\u00f5pe&#8221;. Raamat on pehmete kaante ja mustvalge sisuga. Raamatu m\u00f5\u00f5dud on 148&#215;210 mm, maht 168 lehek\u00fclge. Toimetas Heli Hallik, k\u00fcljendas ja kaaned kujundas Vallo Hallik.<\/p>\n<p style=\"text-align: justify;\"><strong>Raamatu tutvustus:<br \/>\n<\/strong>K\u00f5ik saab alguse sellest, et \u00fcks tavaline poiss j\u00e4\u00e4b kodu\u00f5ppele. #Kodu\u00f5pe &#8230; lahe! Ava siit, ava sealt! Tundub justkui ol\u00fcmpiaad v\u00f5i siiski mitte? 75 p\u00e4eva hiljem &#8230; kas enam ongi nii lahe? Kodu\u00f5ppe moto &#8220;V\u00f5ta ennast kokku&#8221;.<br \/>\n#Kodu\u00f5pe on p\u00e4eviku pidamine \u00fche tavalise poisi poolt, kes p\u00fc\u00fcab kirjutamisega teha ruumi oma peas uutele m\u00f5tetele. P\u00e4eviku pidamine ei ole mingi ilukirjanduslik \u017eanr, vaid \u00e4ge ajas liikumine.<br \/>\nMillest kirjutada? Millest iganes!<\/p>\n<p>Raamatusse sisse vaatamiseks kl\u00f5psa <a href=\"https:\/\/fil.ee\/sisu\/Koduope_esimesed_15lk.pdf\">siia<\/a>.<\/p>\n","protected":false},"excerpt":{"rendered":"<p>20. septembril 2022. aastal ilmus meie kirjastuselt uus lasteraamat keskmisele koolieale, Marje Aavik &#8220;Kodu\u00f5pe&#8221;. Raamat on pehmete kaante ja mustvalge sisuga. Raamatu m\u00f5\u00f5dud on 148&#215;210 mm, maht 168 lehek\u00fclge. Toimetas Heli Hallik, k\u00fcljendas ja kaaned kujundas Vallo Hallik. Raamatu tutvustus: K\u00f5ik saab alguse sellest, et \u00fcks tavaline poiss j\u00e4\u00e4b kodu\u00f5ppele. #Kodu\u00f5pe &#8230; lahe! Ava siit, [&hellip;]<\/p>\n","protected":false},"featured_media":1899,"comment_status":"open","ping_status":"closed","template":"","meta":[],"product_brand":[],"product_cat":[286],"product_tag":[],"class_list":{"0":"post-1907","1":"product","2":"type-product","3":"status-publish","4":"has-post-thumbnail","6":"product_cat-archive","8":"first","9":"outofstock","10":"taxable","11":"shipping-taxable","12":"product-type-simple"},"_links":{"self":[{"href":"https:\/\/fil.ee\/uus\/wp-json\/wp\/v2\/product\/1907","targetHints":{"allow":["GET"]}}],"collection":[{"href":"https:\/\/fil.ee\/uus\/wp-json\/wp\/v2\/product"}],"about":[{"href":"https:\/\/fil.ee\/uus\/wp-json\/wp\/v2\/types\/product"}],"replies":[{"embeddable":true,"href":"https:\/\/fil.ee\/uus\/wp-json\/wp\/v2\/comments?post=1907"}],"wp:featuredmedia":[{"embeddable":true,"href":"https:\/\/fil.ee\/uus\/wp-json\/wp\/v2\/media\/1899"}],"wp:attachment":[{"href":"https:\/\/fil.ee\/uus\/wp-json\/wp\/v2\/media?parent=1907"}],"wp:term":[{"taxonomy":"product_brand","embeddable":true,"href":"https:\/\/fil.ee\/uus\/wp-json\/wp\/v2\/product_brand?post=1907"},{"taxonomy":"product_cat","embeddable":true,"href":"https:\/\/fil.ee\/uus\/wp-json\/wp\/v2\/product_cat?post=1907"},{"taxonomy":"product_tag","embeddable":true,"href":"https:\/\/fil.ee\/uus\/wp-json\/wp\/v2\/product_tag?post=1907"}],"curies":[{"name":"wp","href":"https:\/\/api.w.org\/{rel}","templated":true}]}}