{"id":1888,"date":"2022-06-20T12:17:18","date_gmt":"2022-06-20T09:17:18","guid":{"rendered":"https:\/\/fil.ee\/uus\/?post_type=product&#038;p=1888"},"modified":"2023-07-24T18:56:08","modified_gmt":"2023-07-24T15:56:08","slug":"anna-ja-pontsu","status":"publish","type":"product","link":"https:\/\/fil.ee\/uus\/toode\/anna-ja-pontsu\/","title":{"rendered":"Anna ja Pontsu"},"content":{"rendered":"<p style=\"text-align: justify;\">20. juunil 2022. aastal ilmus meie kirjastuselt uus lasteraamat, Anneli J\u00fcrgens &#8220;Anna ja Pontsu&#8221;. Raamat on k\u00f5vade kaante ja v\u00e4rvilise sisuga. Raamatu m\u00f5\u00f5dud on 170&#215;240 mm, maht 24 lehek\u00fclge. Toimetas Heli Hallik, illustreeris Jana Valge, k\u00fcljendas ja kaaned kujundas Jaan Lehismets.<\/p>\n<p style=\"text-align: justify;\"><strong>Raamatu tutvustus:<br \/>\n<\/strong>RAAMAT R\u00c4\u00c4GIB VIIEAASTASEST ANNAST. ANNA ON VAHVA JA TUBLI LASTEAIALAPS, KES SAAB ENDALE UUE KAISULOOMA. SEE KAISULOOM LEIAB ANNA ELUS T\u00c4HTSA KOHA. ANNA JA TEMA KAISULOOMA SEIKLUSTEST SAABKI N\u00dc\u00dcD SIIT RAAMATUST LUGEDA.<\/p>\n<p>Raamatusse sisse vaatamiseks kl\u00f5psa <a href=\"https:\/\/fil.ee\/sisu\/Anna%20ja%20Pontsu_15.pdf\">siia<\/a>.<\/p>\n","protected":false},"excerpt":{"rendered":"<p>20. juunil 2022. aastal ilmus meie kirjastuselt uus lasteraamat, Anneli J\u00fcrgens &#8220;Anna ja Pontsu&#8221;. Raamat on k\u00f5vade kaante ja v\u00e4rvilise sisuga. Raamatu m\u00f5\u00f5dud on 170&#215;240 mm, maht 24 lehek\u00fclge. Toimetas Heli Hallik, illustreeris Jana Valge, k\u00fcljendas ja kaaned kujundas Jaan Lehismets. Raamatu tutvustus: RAAMAT R\u00c4\u00c4GIB VIIEAASTASEST ANNAST. ANNA ON VAHVA JA TUBLI LASTEAIALAPS, KES SAAB [&hellip;]<\/p>\n","protected":false},"featured_media":1886,"comment_status":"open","ping_status":"closed","template":"","meta":[],"product_brand":[],"product_cat":[22],"product_tag":[],"class_list":{"0":"post-1888","1":"product","2":"type-product","3":"status-publish","4":"has-post-thumbnail","6":"product_cat-lastele","8":"first","9":"instock","10":"taxable","11":"shipping-taxable","12":"purchasable","13":"product-type-simple"},"_links":{"self":[{"href":"https:\/\/fil.ee\/uus\/wp-json\/wp\/v2\/product\/1888","targetHints":{"allow":["GET"]}}],"collection":[{"href":"https:\/\/fil.ee\/uus\/wp-json\/wp\/v2\/product"}],"about":[{"href":"https:\/\/fil.ee\/uus\/wp-json\/wp\/v2\/types\/product"}],"replies":[{"embeddable":true,"href":"https:\/\/fil.ee\/uus\/wp-json\/wp\/v2\/comments?post=1888"}],"wp:featuredmedia":[{"embeddable":true,"href":"https:\/\/fil.ee\/uus\/wp-json\/wp\/v2\/media\/1886"}],"wp:attachment":[{"href":"https:\/\/fil.ee\/uus\/wp-json\/wp\/v2\/media?parent=1888"}],"wp:term":[{"taxonomy":"product_brand","embeddable":true,"href":"https:\/\/fil.ee\/uus\/wp-json\/wp\/v2\/product_brand?post=1888"},{"taxonomy":"product_cat","embeddable":true,"href":"https:\/\/fil.ee\/uus\/wp-json\/wp\/v2\/product_cat?post=1888"},{"taxonomy":"product_tag","embeddable":true,"href":"https:\/\/fil.ee\/uus\/wp-json\/wp\/v2\/product_tag?post=1888"}],"curies":[{"name":"wp","href":"https:\/\/api.w.org\/{rel}","templated":true}]}}