{"id":1880,"date":"2022-06-08T11:55:08","date_gmt":"2022-06-08T08:55:08","guid":{"rendered":"https:\/\/fil.ee\/uus\/?post_type=product&#038;p=1880"},"modified":"2023-07-24T18:57:22","modified_gmt":"2023-07-24T15:57:22","slug":"teisel-pool-koma","status":"publish","type":"product","link":"https:\/\/fil.ee\/uus\/toode\/teisel-pool-koma\/","title":{"rendered":"Teisel pool koma"},"content":{"rendered":"<p style=\"text-align: justify;\">8. juunil 2022. aastal ilmus meie kirjastuselt uus luuleraamat, Anli Eha &#8220;Teisel pool koma&#8221;. Raamat on pehmete kaante ja mustvalge sisuga. Raamatu m\u00f5\u00f5dud on 148&#215;210 mm, maht 80 lehek\u00fclge. Toimetas Ly Ehin, fotode autorid Juta Hiiop ja Elize Hiiop, k\u00fcljendas Vallo Hallik ning kaaned kujundas Elize Hiiop.<\/p>\n<p style=\"text-align: justify;\"><strong>Raamatu tutvustus:<br \/>\n<\/strong>Luuleraamatus on l\u00e4bi viie aasta kogetud tundmused: vabadus, \u00fcksindus, igatsus, lootus, pettumus, valu, leppimine, murdumine, v\u00f5it, uus lootus ja j\u00e4lle vabadus.<br \/>\nL\u00e4bi tunnetuse teeme oma otsuseid, millega me kas lepime, v\u00f5i muudame ajapikku valikuid.<br \/>\nOtsustamine sisaldab julgust ja vastutust. Kuna me ise vajame armastust, hoolimist ja hoidmist, siis tuleb seda k\u00f5ike eelk\u00f5ige iseendal jagada ka teistega.<\/p>\n<p style=\"text-align: justify;\">Hooli ja hoia, eelk\u00f5ige just enese p\u00e4rast.<br \/>\nArvata ette ei tea me, kes homme on n\u00f5rk.<br \/>\nRaske ei ole ju s\u00fc\u00fcdata silmisse s\u00e4ra \u2013<br \/>\nhiljem on raske just sellel, kes teistega k\u00f5rk.<\/p>\n<p style=\"text-align: justify;\">\u00c4ra end unusta hooletuks, n\u00e4ita, et vajad \u2026<br \/>\nEnesestm\u00f5istetav lootus on tunnete hukk.<br \/>\nV\u00e4\u00e4rtused \u00f5\u00f5tsuvas, kurejalgadel majas \u2013<br \/>\n\u00fcksk\u00f5ikne s\u00f5na, ning uksel j\u00e4\u00e4b suletuks lukk.<\/p>\n<p style=\"text-align: justify;\">Autor<\/p>\n<p>Raamatusse sisse vaatamiseks kl\u00f5psa <a href=\"https:\/\/fil.ee\/sisu\/Teisel_pool_koma_esimesed_%2015lk.pdf\">siia<\/a>.<\/p>\n","protected":false},"excerpt":{"rendered":"<p>8. juunil 2022. aastal ilmus meie kirjastuselt uus luuleraamat, Anli Eha &#8220;Teisel pool koma&#8221;. Raamat on pehmete kaante ja mustvalge sisuga. Raamatu m\u00f5\u00f5dud on 148&#215;210 mm, maht 80 lehek\u00fclge. Toimetas Ly Ehin, fotode autorid Juta Hiiop ja Elize Hiiop, k\u00fcljendas Vallo Hallik ning kaaned kujundas Elize Hiiop. Raamatu tutvustus: Luuleraamatus on l\u00e4bi viie aasta kogetud [&hellip;]<\/p>\n","protected":false},"featured_media":1881,"comment_status":"open","ping_status":"closed","template":"","meta":[],"product_brand":[],"product_cat":[23],"product_tag":[],"class_list":{"0":"post-1880","1":"product","2":"type-product","3":"status-publish","4":"has-post-thumbnail","6":"product_cat-luule","8":"first","9":"instock","10":"taxable","11":"shipping-taxable","12":"purchasable","13":"product-type-simple"},"_links":{"self":[{"href":"https:\/\/fil.ee\/uus\/wp-json\/wp\/v2\/product\/1880","targetHints":{"allow":["GET"]}}],"collection":[{"href":"https:\/\/fil.ee\/uus\/wp-json\/wp\/v2\/product"}],"about":[{"href":"https:\/\/fil.ee\/uus\/wp-json\/wp\/v2\/types\/product"}],"replies":[{"embeddable":true,"href":"https:\/\/fil.ee\/uus\/wp-json\/wp\/v2\/comments?post=1880"}],"wp:featuredmedia":[{"embeddable":true,"href":"https:\/\/fil.ee\/uus\/wp-json\/wp\/v2\/media\/1881"}],"wp:attachment":[{"href":"https:\/\/fil.ee\/uus\/wp-json\/wp\/v2\/media?parent=1880"}],"wp:term":[{"taxonomy":"product_brand","embeddable":true,"href":"https:\/\/fil.ee\/uus\/wp-json\/wp\/v2\/product_brand?post=1880"},{"taxonomy":"product_cat","embeddable":true,"href":"https:\/\/fil.ee\/uus\/wp-json\/wp\/v2\/product_cat?post=1880"},{"taxonomy":"product_tag","embeddable":true,"href":"https:\/\/fil.ee\/uus\/wp-json\/wp\/v2\/product_tag?post=1880"}],"curies":[{"name":"wp","href":"https:\/\/api.w.org\/{rel}","templated":true}]}}