{"id":1876,"date":"2022-06-01T03:58:06","date_gmt":"2022-06-01T00:58:06","guid":{"rendered":"https:\/\/fil.ee\/uus\/?post_type=product&#038;p=1876"},"modified":"2023-07-24T18:58:34","modified_gmt":"2023-07-24T15:58:34","slug":"naitemangud-ii","status":"publish","type":"product","link":"https:\/\/fil.ee\/uus\/toode\/naitemangud-ii\/","title":{"rendered":"N\u00e4item\u00e4ngud II"},"content":{"rendered":"<p>01. juunil 2022. aastal ilmus meie kirjastuselt uus n\u00e4idendite kogumik, Margus Oopkaup &#8220;N\u00e4item\u00e4ngud II&#8221;. Raamat on k\u00f5vade kaante ja mustvalge sisuga. Raamatu m\u00f5\u00f5dud on 148&#215;210 mm, maht 148 lehek\u00fclge. Toimetas Kristi Roots, k\u00fcljendas ja kaaned kujundas Vallo Hallik.<\/p>\n<p style=\"text-align: justify;\"><strong>Raamatu tutvustus:<br \/>\n<\/strong>K\u00e4esolevas raamatus &#8220;N\u00e4item\u00e4ngud II&#8221; on 4 n\u00e4idendit:<br \/>\n&#8220;Ei kahetse&#8221; \u2013 enda kodus WC-s v\u00e4gistatakse noor t\u00fctarlaps oma ema joomakaaslase poolt. J\u00e4rgneb noore neiu tagasivaade oma elule.<br \/>\n&#8220;Elu, jah elu&#8221; \u2013 noorde perekonda s\u00fcnnivad kaksikud. Tekivad vastuolud ema ja isa vahel. Kaksikud n\u00e4evad ja kuulevad k\u00f5ike pealt, suhtlevad omavahel, kuid ei oska veel r\u00e4\u00e4kida. K\u00f5ike toimuvat j\u00e4lgib t\u00e4helepanelikult Ingel.<br \/>\n&#8220;Elulootus&#8221; \u2013 mees ja naine on sattunud elama pr\u00fcgim\u00e4ele. Neil m\u00f5lemal olid ja on omad unistused ja lootused. Nad korraldavad teiste pr\u00fcgim\u00e4e elanikega \u00fchise supis\u00f6\u00f6mise, mis paraku l\u00f5peb \u00fcsna kurvalt.<br \/>\n&#8220;Elupeegel&#8221; \u2013 tegevus toimub pr\u00fcgim\u00e4el, kus elavad k\u00f5rvuti NOOR MEES ja VANA MEES.<\/p>\n<p>Raamatusse sisse vaatamiseks kl\u00f5psa <a href=\"https:\/\/fil.ee\/sisu\/Naitemangud_2_esimesed_15lk.pdf\">siia<\/a>.<\/p>\n","protected":false},"excerpt":{"rendered":"<p>01. juunil 2022. aastal ilmus meie kirjastuselt uus n\u00e4idendite kogumik, Margus Oopkaup &#8220;N\u00e4item\u00e4ngud II&#8221;. Raamat on k\u00f5vade kaante ja mustvalge sisuga. Raamatu m\u00f5\u00f5dud on 148&#215;210 mm, maht 148 lehek\u00fclge. Toimetas Kristi Roots, k\u00fcljendas ja kaaned kujundas Vallo Hallik. Raamatu tutvustus: K\u00e4esolevas raamatus &#8220;N\u00e4item\u00e4ngud II&#8221; on 4 n\u00e4idendit: &#8220;Ei kahetse&#8221; \u2013 enda kodus WC-s v\u00e4gistatakse noor [&hellip;]<\/p>\n","protected":false},"featured_media":1877,"comment_status":"open","ping_status":"closed","template":"","meta":[],"product_brand":[],"product_cat":[24],"product_tag":[],"class_list":{"0":"post-1876","1":"product","2":"type-product","3":"status-publish","4":"has-post-thumbnail","6":"product_cat-naidend","8":"first","9":"instock","10":"taxable","11":"shipping-taxable","12":"purchasable","13":"product-type-simple"},"_links":{"self":[{"href":"https:\/\/fil.ee\/uus\/wp-json\/wp\/v2\/product\/1876","targetHints":{"allow":["GET"]}}],"collection":[{"href":"https:\/\/fil.ee\/uus\/wp-json\/wp\/v2\/product"}],"about":[{"href":"https:\/\/fil.ee\/uus\/wp-json\/wp\/v2\/types\/product"}],"replies":[{"embeddable":true,"href":"https:\/\/fil.ee\/uus\/wp-json\/wp\/v2\/comments?post=1876"}],"wp:featuredmedia":[{"embeddable":true,"href":"https:\/\/fil.ee\/uus\/wp-json\/wp\/v2\/media\/1877"}],"wp:attachment":[{"href":"https:\/\/fil.ee\/uus\/wp-json\/wp\/v2\/media?parent=1876"}],"wp:term":[{"taxonomy":"product_brand","embeddable":true,"href":"https:\/\/fil.ee\/uus\/wp-json\/wp\/v2\/product_brand?post=1876"},{"taxonomy":"product_cat","embeddable":true,"href":"https:\/\/fil.ee\/uus\/wp-json\/wp\/v2\/product_cat?post=1876"},{"taxonomy":"product_tag","embeddable":true,"href":"https:\/\/fil.ee\/uus\/wp-json\/wp\/v2\/product_tag?post=1876"}],"curies":[{"name":"wp","href":"https:\/\/api.w.org\/{rel}","templated":true}]}}