{"id":1871,"date":"2022-05-23T10:52:11","date_gmt":"2022-05-23T07:52:11","guid":{"rendered":"https:\/\/fil.ee\/uus\/?post_type=product&#038;p=1871"},"modified":"2023-07-24T19:04:56","modified_gmt":"2023-07-24T16:04:56","slug":"nuud-ma-teile-luuletan","status":"publish","type":"product","link":"https:\/\/fil.ee\/uus\/toode\/nuud-ma-teile-luuletan\/","title":{"rendered":"N\u00fc\u00fcd ma teile luuletan"},"content":{"rendered":"<p style=\"text-align: justify;\">23. mail 2022. aastal ilmus meie kirjastuselt uus luulekogu, Margit Peterson &#8220;N\u00fc\u00fcd ma teile luuletan&#8221;. Raamat on pehmete kaante ja mustvalge sisuga. Raamatu m\u00f5\u00f5dud on 123&#215;200 mm, maht 84 lehek\u00fclge. Toimetas Irene \u00d5mblus, k\u00fcljendas ja kaaned kujundas Vallo Hallik.<\/p>\n<p style=\"text-align: justify;\"><strong>Raamatu tutvustus:<br \/>\n<\/strong>Just nii ongi n\u00fc\u00fcd, n\u00fc\u00fcd ma t\u00f5esti teile luuletan.<br \/>\nM\u00f5nikord leian ma end situatsioonist, kus ei jaksagi k\u00f5iki tundeid ja n\u00e4gemisi, mis minu sees on ja ennast v\u00e4lja karjuda tahavad, kirja panna, ajast j\u00e4\u00e4b puudu. M\u00f5nikord paiskub luule nagu tulvavesi minust v\u00e4lja ja l\u00f5ppu ei n\u00e4i tulevat. Aga mul on mu luule ja see teeb mind \u00f5nnelikuks. Olen \u00f5nnelik inimene ja loodan, et ka sina leiad siit hingekosutust. Armastan!<\/p>\n<p style=\"text-align: right;\">Autor<\/p>\n<p>Raamatusse sisse vaatamiseks kl\u00f5psa <a href=\"https:\/\/fil.ee\/sisu\/Nuud_ma_teile_luuletan_esimesed_%2015.pdf\">siia<\/a>.<\/p>\n","protected":false},"excerpt":{"rendered":"<p>23. mail 2022. aastal ilmus meie kirjastuselt uus luulekogu, Margit Peterson &#8220;N\u00fc\u00fcd ma teile luuletan&#8221;. Raamat on pehmete kaante ja mustvalge sisuga. Raamatu m\u00f5\u00f5dud on 123&#215;200 mm, maht 84 lehek\u00fclge. Toimetas Irene \u00d5mblus, k\u00fcljendas ja kaaned kujundas Vallo Hallik. Raamatu tutvustus: Just nii ongi n\u00fc\u00fcd, n\u00fc\u00fcd ma t\u00f5esti teile luuletan. M\u00f5nikord leian ma end situatsioonist, [&hellip;]<\/p>\n","protected":false},"featured_media":1868,"comment_status":"open","ping_status":"closed","template":"","meta":[],"product_brand":[],"product_cat":[23],"product_tag":[],"class_list":{"0":"post-1871","1":"product","2":"type-product","3":"status-publish","4":"has-post-thumbnail","6":"product_cat-luule","8":"first","9":"instock","10":"taxable","11":"shipping-taxable","12":"purchasable","13":"product-type-simple"},"_links":{"self":[{"href":"https:\/\/fil.ee\/uus\/wp-json\/wp\/v2\/product\/1871","targetHints":{"allow":["GET"]}}],"collection":[{"href":"https:\/\/fil.ee\/uus\/wp-json\/wp\/v2\/product"}],"about":[{"href":"https:\/\/fil.ee\/uus\/wp-json\/wp\/v2\/types\/product"}],"replies":[{"embeddable":true,"href":"https:\/\/fil.ee\/uus\/wp-json\/wp\/v2\/comments?post=1871"}],"wp:featuredmedia":[{"embeddable":true,"href":"https:\/\/fil.ee\/uus\/wp-json\/wp\/v2\/media\/1868"}],"wp:attachment":[{"href":"https:\/\/fil.ee\/uus\/wp-json\/wp\/v2\/media?parent=1871"}],"wp:term":[{"taxonomy":"product_brand","embeddable":true,"href":"https:\/\/fil.ee\/uus\/wp-json\/wp\/v2\/product_brand?post=1871"},{"taxonomy":"product_cat","embeddable":true,"href":"https:\/\/fil.ee\/uus\/wp-json\/wp\/v2\/product_cat?post=1871"},{"taxonomy":"product_tag","embeddable":true,"href":"https:\/\/fil.ee\/uus\/wp-json\/wp\/v2\/product_tag?post=1871"}],"curies":[{"name":"wp","href":"https:\/\/api.w.org\/{rel}","templated":true}]}}