{"id":1866,"date":"2022-05-10T16:41:58","date_gmt":"2022-05-10T13:41:58","guid":{"rendered":"https:\/\/fil.ee\/uus\/?post_type=product&#038;p=1866"},"modified":"2023-07-24T19:06:09","modified_gmt":"2023-07-24T16:06:09","slug":"tuvi-hakkas-talunikuks","status":"publish","type":"product","link":"https:\/\/fil.ee\/uus\/toode\/tuvi-hakkas-talunikuks\/","title":{"rendered":"Tuvi hakkas talunikuks"},"content":{"rendered":"<p style=\"text-align: justify;\">10. mail 2022. aastal ilmus meie kirjastuselt uus luuleraamat lastele, Urve Tinnuri &#8220;Tuvi hakkas talunikuks&#8221;. Raamat on k\u00f5vade kaante ja v\u00e4rvilise sisuga. Raamatu m\u00f5\u00f5dud on 190&#215;230 mm, maht 48 lehek\u00fclge. Toimetas Heli Hallik, illustreeris Jana Valge, k\u00fcljendas ja kaaned kujundas Vallo Hallik.<\/p>\n<p style=\"text-align: justify;\"><strong>Raamatu tutvustus:<br \/>\n<\/strong>Lustakates v\u00e4rssides tegutsevad \u00fcheskoos \u00fclbe BMW ja vana jalgratas, king ja suss, tolm ja hari ning veel mitmed lahedad tegelased. Neis luuletustes saavad k\u00f5ik v\u00e4ikesed ja suured imed v\u00f5imalikuks \u2013 tool ja taburet l\u00e4hevad piknikule, lambad asutavad laulukoori ning lehm ja hulkurkass s\u00f5idavad igal hommikul piimakombinati t\u00f6\u00f6le. Kui lisada siia juurde veel metsas elav, naeru koguv kloun ja majat\u00e4is isev\u00e4rki rahvast, moodustub k\u00f5igest sellest kokku \u00fcpriski l\u00f5bus lugemine.<\/p>\n<p>Raamatusse sisse vaatamiseks kl\u00f5psa <a href=\"https:\/\/fil.ee\/sisu\/Tuvi%20hakkas%20talunikuks_esimesed15lk.pdf\">siia<\/a>.<\/p>\n","protected":false},"excerpt":{"rendered":"<p>10. mail 2022. aastal ilmus meie kirjastuselt uus luuleraamat lastele, Urve Tinnuri &#8220;Tuvi hakkas talunikuks&#8221;. Raamat on k\u00f5vade kaante ja v\u00e4rvilise sisuga. Raamatu m\u00f5\u00f5dud on 190&#215;230 mm, maht 48 lehek\u00fclge. Toimetas Heli Hallik, illustreeris Jana Valge, k\u00fcljendas ja kaaned kujundas Vallo Hallik. Raamatu tutvustus: Lustakates v\u00e4rssides tegutsevad \u00fcheskoos \u00fclbe BMW ja vana jalgratas, king ja [&hellip;]<\/p>\n","protected":false},"featured_media":1863,"comment_status":"open","ping_status":"closed","template":"","meta":[],"product_brand":[],"product_cat":[22,23],"product_tag":[],"class_list":{"0":"post-1866","1":"product","2":"type-product","3":"status-publish","4":"has-post-thumbnail","6":"product_cat-lastele","7":"product_cat-luule","9":"first","10":"instock","11":"taxable","12":"shipping-taxable","13":"purchasable","14":"product-type-simple"},"_links":{"self":[{"href":"https:\/\/fil.ee\/uus\/wp-json\/wp\/v2\/product\/1866","targetHints":{"allow":["GET"]}}],"collection":[{"href":"https:\/\/fil.ee\/uus\/wp-json\/wp\/v2\/product"}],"about":[{"href":"https:\/\/fil.ee\/uus\/wp-json\/wp\/v2\/types\/product"}],"replies":[{"embeddable":true,"href":"https:\/\/fil.ee\/uus\/wp-json\/wp\/v2\/comments?post=1866"}],"wp:featuredmedia":[{"embeddable":true,"href":"https:\/\/fil.ee\/uus\/wp-json\/wp\/v2\/media\/1863"}],"wp:attachment":[{"href":"https:\/\/fil.ee\/uus\/wp-json\/wp\/v2\/media?parent=1866"}],"wp:term":[{"taxonomy":"product_brand","embeddable":true,"href":"https:\/\/fil.ee\/uus\/wp-json\/wp\/v2\/product_brand?post=1866"},{"taxonomy":"product_cat","embeddable":true,"href":"https:\/\/fil.ee\/uus\/wp-json\/wp\/v2\/product_cat?post=1866"},{"taxonomy":"product_tag","embeddable":true,"href":"https:\/\/fil.ee\/uus\/wp-json\/wp\/v2\/product_tag?post=1866"}],"curies":[{"name":"wp","href":"https:\/\/api.w.org\/{rel}","templated":true}]}}