{"id":1860,"date":"2022-05-06T01:49:14","date_gmt":"2022-05-05T22:49:14","guid":{"rendered":"https:\/\/fil.ee\/uus\/?post_type=product&#038;p=1860"},"modified":"2025-10-14T20:58:05","modified_gmt":"2025-10-14T17:58:05","slug":"vintis-aja-vigurkaja","status":"publish","type":"product","link":"https:\/\/fil.ee\/uus\/toode\/vintis-aja-vigurkaja\/","title":{"rendered":"Vintis aja vigurkaja"},"content":{"rendered":"<p>10. mail 2022. aastal ilmus meie kirjastuselt uus luulekogu, Tulihobu &#8220;Vintis aja vigurkaja&#8221;. Raamat on pehmete kaante ja mustvalge sisuga. Raamatu m\u00f5\u00f5dud on 148&#215;210 mm, maht 72 lehek\u00fclge. Illustreeris, k\u00fcljendas ja kaaned kujundas Jaan Lehismets.<\/p>\n<p><strong>Raamatu tutvustus:<br \/>\n<\/strong>R\u00f5\u00f5mu s\u00f5\u00f5m<\/p>\n<p>Headus kurja \u00e4rritab<br \/>\nn\u00f5rga kurjus h\u00e4vitab<br \/>\nrumal rabatud saab jalust<br \/>\ntark teab kaitsta seljatagust<\/p>\n<p>pole antud k\u00fcllalt tarkust<br \/>\nkahmad emotsioone taskust<br \/>\nkahjur\u00f5\u00f5mu peekrist s\u00f5\u00f5m<br \/>\n\u00f5elal r\u00fc\u00fcbata siis r\u00f5\u00f5m &#8230;<\/p>\n<p>Raamatusse sisse vaatamiseks kl\u00f5psa <a href=\"https:\/\/fil.ee\/sisu\/Vintis_aja_vigurkaja_esimesed_15lk.pdf\">siia<\/a>.<\/p>\n","protected":false},"excerpt":{"rendered":"<p>10. mail 2022. aastal ilmus meie kirjastuselt uus luulekogu, Tulihobu &#8220;Vintis aja vigurkaja&#8221;. Raamat on pehmete kaante ja mustvalge sisuga. Raamatu m\u00f5\u00f5dud on 148&#215;210 mm, maht 72 lehek\u00fclge. Illustreeris, k\u00fcljendas ja kaaned kujundas Jaan Lehismets. Raamatu tutvustus: R\u00f5\u00f5mu s\u00f5\u00f5m Headus kurja \u00e4rritab n\u00f5rga kurjus h\u00e4vitab rumal rabatud saab jalust tark teab kaitsta seljatagust pole antud [&hellip;]<\/p>\n","protected":false},"featured_media":1858,"comment_status":"open","ping_status":"closed","template":"","meta":[],"product_brand":[],"product_cat":[286],"product_tag":[],"class_list":{"0":"post-1860","1":"product","2":"type-product","3":"status-publish","4":"has-post-thumbnail","6":"product_cat-archive","8":"first","9":"outofstock","10":"taxable","11":"shipping-taxable","12":"product-type-simple"},"_links":{"self":[{"href":"https:\/\/fil.ee\/uus\/wp-json\/wp\/v2\/product\/1860","targetHints":{"allow":["GET"]}}],"collection":[{"href":"https:\/\/fil.ee\/uus\/wp-json\/wp\/v2\/product"}],"about":[{"href":"https:\/\/fil.ee\/uus\/wp-json\/wp\/v2\/types\/product"}],"replies":[{"embeddable":true,"href":"https:\/\/fil.ee\/uus\/wp-json\/wp\/v2\/comments?post=1860"}],"wp:featuredmedia":[{"embeddable":true,"href":"https:\/\/fil.ee\/uus\/wp-json\/wp\/v2\/media\/1858"}],"wp:attachment":[{"href":"https:\/\/fil.ee\/uus\/wp-json\/wp\/v2\/media?parent=1860"}],"wp:term":[{"taxonomy":"product_brand","embeddable":true,"href":"https:\/\/fil.ee\/uus\/wp-json\/wp\/v2\/product_brand?post=1860"},{"taxonomy":"product_cat","embeddable":true,"href":"https:\/\/fil.ee\/uus\/wp-json\/wp\/v2\/product_cat?post=1860"},{"taxonomy":"product_tag","embeddable":true,"href":"https:\/\/fil.ee\/uus\/wp-json\/wp\/v2\/product_tag?post=1860"}],"curies":[{"name":"wp","href":"https:\/\/api.w.org\/{rel}","templated":true}]}}