{"id":1855,"date":"2022-04-29T11:29:37","date_gmt":"2022-04-29T08:29:37","guid":{"rendered":"https:\/\/fil.ee\/uus\/?post_type=product&#038;p=1855"},"modified":"2023-07-24T19:08:37","modified_gmt":"2023-07-24T16:08:37","slug":"rebasekutsikas-edre-ja-tark-tollo","status":"publish","type":"product","link":"https:\/\/fil.ee\/uus\/toode\/rebasekutsikas-edre-ja-tark-tollo\/","title":{"rendered":"Rebasekutsikas Edre ja tark Tollo"},"content":{"rendered":"<p>29. aprillil 2022. aastal ilmus meie kirjastuselt uus lasteraamat, Erle M\u00e4gi &#8220;Rebasekutsikas Edre ja tark Tollo&#8221;. Raamat on k\u00f5vade kaante ja v\u00e4rvilise sisuga. Raamatu m\u00f5\u00f5dud on 170&#215;240 mm, maht 44 lehek\u00fclge. Toimetas Heli Hallik, illustreeris Jana Valge, k\u00fcljendas ja kaaned kujundas Vallo Hallik.<\/p>\n<p style=\"text-align: justify;\"><strong>Raamatu tutvustus:<br \/>\n<\/strong>Raamat, mida Sa just uudistad, sisaldab muhedaid lugusid, kuidas pisike metsloom, kes aeg-ajalt taadi tares maitsvaid pannkooke s\u00f6\u00f6mas k\u00e4ib, sealt iga p\u00e4ev \u00fcha uusi tarkusi ja veidi ka vempe juurde \u00f5pib. Raamatus \u00f5petab Tollo v\u00e4ikesele rebasekutsikale keskkonnas\u00e4\u00e4stlikku eluviisi, kuidas s\u00f5pradega m\u00e4nguasju jagada ja \u00fchekordsetele n\u00f5udele pigem l\u00f5kkepada ja kopsikuid eelistada. Saab ka nalja ning omal kohal on seiklusedki.<br \/>\nRaamatut l\u00e4biv joon on s\u00fcdamlikkus ja suur empaatiav\u00f5ime rebasekutsikas Edre kasvatamisel. Tark Tollo ei pahanda kunagi tugevat h\u00e4\u00e4letooni kasutades. Taadi kasvatus k\u00e4ib l\u00e4bi p\u00f5hjalike selgituste ning positiivsete l\u00f5pplahenduste.<br \/>\nLugemiseks sobib raamat \u201eRebasekutsikas Edre ja tark Tollo\u201d nii lasteaialastele kui ka nooremale koolieale.<\/p>\n<p>Raamatusse sisse vaatamiseks kl\u00f5psa <a href=\"https:\/\/fil.ee\/sisu\/Rebasekutsikas_Edre_ja_tark_Tollo_esimesed15lk.pdf\">siia<\/a>.<\/p>\n","protected":false},"excerpt":{"rendered":"<p>29. aprillil 2022. aastal ilmus meie kirjastuselt uus lasteraamat, Erle M\u00e4gi &#8220;Rebasekutsikas Edre ja tark Tollo&#8221;. Raamat on k\u00f5vade kaante ja v\u00e4rvilise sisuga. Raamatu m\u00f5\u00f5dud on 170&#215;240 mm, maht 44 lehek\u00fclge. Toimetas Heli Hallik, illustreeris Jana Valge, k\u00fcljendas ja kaaned kujundas Vallo Hallik. Raamatu tutvustus: Raamat, mida Sa just uudistad, sisaldab muhedaid lugusid, kuidas pisike [&hellip;]<\/p>\n","protected":false},"featured_media":1853,"comment_status":"open","ping_status":"closed","template":"","meta":[],"product_brand":[],"product_cat":[22],"product_tag":[],"class_list":{"0":"post-1855","1":"product","2":"type-product","3":"status-publish","4":"has-post-thumbnail","6":"product_cat-lastele","8":"first","9":"instock","10":"taxable","11":"shipping-taxable","12":"purchasable","13":"product-type-simple"},"_links":{"self":[{"href":"https:\/\/fil.ee\/uus\/wp-json\/wp\/v2\/product\/1855","targetHints":{"allow":["GET"]}}],"collection":[{"href":"https:\/\/fil.ee\/uus\/wp-json\/wp\/v2\/product"}],"about":[{"href":"https:\/\/fil.ee\/uus\/wp-json\/wp\/v2\/types\/product"}],"replies":[{"embeddable":true,"href":"https:\/\/fil.ee\/uus\/wp-json\/wp\/v2\/comments?post=1855"}],"wp:featuredmedia":[{"embeddable":true,"href":"https:\/\/fil.ee\/uus\/wp-json\/wp\/v2\/media\/1853"}],"wp:attachment":[{"href":"https:\/\/fil.ee\/uus\/wp-json\/wp\/v2\/media?parent=1855"}],"wp:term":[{"taxonomy":"product_brand","embeddable":true,"href":"https:\/\/fil.ee\/uus\/wp-json\/wp\/v2\/product_brand?post=1855"},{"taxonomy":"product_cat","embeddable":true,"href":"https:\/\/fil.ee\/uus\/wp-json\/wp\/v2\/product_cat?post=1855"},{"taxonomy":"product_tag","embeddable":true,"href":"https:\/\/fil.ee\/uus\/wp-json\/wp\/v2\/product_tag?post=1855"}],"curies":[{"name":"wp","href":"https:\/\/api.w.org\/{rel}","templated":true}]}}