{"id":1841,"date":"2022-03-31T10:47:04","date_gmt":"2022-03-31T07:47:04","guid":{"rendered":"https:\/\/fil.ee\/uus\/?post_type=product&#038;p=1841"},"modified":"2023-07-24T19:11:04","modified_gmt":"2023-07-24T16:11:04","slug":"armastusega","status":"publish","type":"product","link":"https:\/\/fil.ee\/uus\/toode\/armastusega\/","title":{"rendered":"Armastusega"},"content":{"rendered":"<p style=\"text-align: justify;\">31. m\u00e4rtsil 2022. aastal ilmus meie kirjastuselt uus maali- ja luulekogu, Piret K\u00fcttis &#8220;Armastusega&#8221;. Raamat on k\u00f5vade kaante ja v\u00e4rvilise sisuga. Raamatu m\u00f5\u00f5dud on 297&#215;210 mm, maht 60 lehek\u00fclge. Toimetas Heli Hallik, illustreeris Piret K\u00fcttis, k\u00fcljendas ja kaaned kujundas Vallo Hallik.<\/p>\n<p style=\"text-align: justify;\"><strong>Raamatu tutvustus:<br \/>\n<\/strong>Olen hobikunstnik Piret K\u00fcttis V\u00f5rumaalt. P\u00e4rit olen k\u00fcll hoopis Ida-Virumaalt, \u00fcles kasvanud v\u00e4ikeses Voka k\u00fclakeses, mis asub p\u00e4ris mere kaldal. Usun, et sealse looduse \u00fcrgne ilu on andnud tohutu inspiratsiooni, sest joonistanud-maalinud ja ka luuletusi kirjutanud olen nii kaua, kui ennast m\u00e4letan. Ajendanud mind oma loodut avaldama on l\u00e4hiringkonna tuttavad ja head s\u00f5brad, nende hulgas mitu endist \u00f5petajat-juhendajat. Tahaksingi neile ja samuti k\u00f5igile oma \u00f5petajatele siinkohal suurt t\u00e4nu avaldada ja selles v\u00e4ikeses kogumikus toon m\u00f5ned oma t\u00f6\u00f6d teie ette, lootes, et leiate siit endalegi midagi hingekosutuseks ja silmar\u00f5\u00f5muks \u2026 Valiku tegin, p\u00fc\u00fcdes omavahel sobitada maalide ja luuletuste teemasid, alustades mereteemaga, mis on mulle v\u00e4ga l\u00e4hedane.<br \/>\nS\u00fcdamlike tervitustega Piret K\u00fcttis<\/p>\n<p>Raamatusse sisse vaatamiseks kl\u00f5psa <a href=\"https:\/\/fil.ee\/sisu\/Armastusega_naidis.pdf\">siia<\/a>.<\/p>\n","protected":false},"excerpt":{"rendered":"<p>31. m\u00e4rtsil 2022. aastal ilmus meie kirjastuselt uus maali- ja luulekogu, Piret K\u00fcttis &#8220;Armastusega&#8221;. Raamat on k\u00f5vade kaante ja v\u00e4rvilise sisuga. Raamatu m\u00f5\u00f5dud on 297&#215;210 mm, maht 60 lehek\u00fclge. Toimetas Heli Hallik, illustreeris Piret K\u00fcttis, k\u00fcljendas ja kaaned kujundas Vallo Hallik. Raamatu tutvustus: Olen hobikunstnik Piret K\u00fcttis V\u00f5rumaalt. P\u00e4rit olen k\u00fcll hoopis Ida-Virumaalt, \u00fcles kasvanud [&hellip;]<\/p>\n","protected":false},"featured_media":1838,"comment_status":"open","ping_status":"closed","template":"","meta":[],"product_brand":[],"product_cat":[20,23],"product_tag":[],"class_list":{"0":"post-1841","1":"product","2":"type-product","3":"status-publish","4":"has-post-thumbnail","6":"product_cat-kinkeraamat","7":"product_cat-luule","9":"first","10":"instock","11":"taxable","12":"shipping-taxable","13":"purchasable","14":"product-type-simple"},"_links":{"self":[{"href":"https:\/\/fil.ee\/uus\/wp-json\/wp\/v2\/product\/1841","targetHints":{"allow":["GET"]}}],"collection":[{"href":"https:\/\/fil.ee\/uus\/wp-json\/wp\/v2\/product"}],"about":[{"href":"https:\/\/fil.ee\/uus\/wp-json\/wp\/v2\/types\/product"}],"replies":[{"embeddable":true,"href":"https:\/\/fil.ee\/uus\/wp-json\/wp\/v2\/comments?post=1841"}],"wp:featuredmedia":[{"embeddable":true,"href":"https:\/\/fil.ee\/uus\/wp-json\/wp\/v2\/media\/1838"}],"wp:attachment":[{"href":"https:\/\/fil.ee\/uus\/wp-json\/wp\/v2\/media?parent=1841"}],"wp:term":[{"taxonomy":"product_brand","embeddable":true,"href":"https:\/\/fil.ee\/uus\/wp-json\/wp\/v2\/product_brand?post=1841"},{"taxonomy":"product_cat","embeddable":true,"href":"https:\/\/fil.ee\/uus\/wp-json\/wp\/v2\/product_cat?post=1841"},{"taxonomy":"product_tag","embeddable":true,"href":"https:\/\/fil.ee\/uus\/wp-json\/wp\/v2\/product_tag?post=1841"}],"curies":[{"name":"wp","href":"https:\/\/api.w.org\/{rel}","templated":true}]}}