{"id":1811,"date":"2022-03-07T14:20:22","date_gmt":"2022-03-07T12:20:22","guid":{"rendered":"https:\/\/fil.ee\/uus\/?post_type=product&#038;p=1811"},"modified":"2023-02-01T13:32:24","modified_gmt":"2023-02-01T11:32:24","slug":"iseendale","status":"publish","type":"product","link":"https:\/\/fil.ee\/uus\/toode\/iseendale\/","title":{"rendered":"Iseendale"},"content":{"rendered":"<p style=\"text-align: justify;\">23. oktoobril aastal 2015 ilmus meie kirjastuselt luulekogumik, Margus Oopkaup \u201cIseendale\u201d. Raamat on pehmete kaantega A5 formaadis, \u00a0122 lehek\u00fclge. Kaaned kujundas Sigrid Kink ja k\u00fcljendas Vallo Hallik.<\/p>\n<p style=\"text-align: justify;\"><strong>Raamatu tutvustus:<br \/>\n<\/strong>Margus Oopkaup on vabakutseline n\u00e4itleja ja lavastaja. Selles luuleraamatus on luuletusi aastatest 1980 \u2013 2015. Luuletused on ELUST \u2013 s\u00fcnnist, surmast, armastusest, olemisest.<br \/>\nVarem on ilmunud luuleraamat &#8220;M\u00f5tle endasse&#8221; koos Raivo Kuusega, j\u00f5ulun\u00e4idendite raamat &#8220;J\u00f5uluvana kodu j\u00f5ulud&#8221; ja luuleplaat &#8220;Iseendale&#8221;. Ilmumas on veel l\u00fchin\u00e4idendite raamat &#8220;Heldur ja Naised&#8221;.<\/p>\n","protected":false},"excerpt":{"rendered":"<p>23. oktoobril aastal 2015 ilmus meie kirjastuselt luulekogumik, Margus Oopkaup \u201cIseendale\u201d. Raamat on pehmete kaantega A5 formaadis, \u00a0122 lehek\u00fclge. Kaaned kujundas Sigrid Kink ja k\u00fcljendas Vallo Hallik. Raamatu tutvustus: Margus Oopkaup on vabakutseline n\u00e4itleja ja lavastaja. Selles luuleraamatus on luuletusi aastatest 1980 \u2013 2015. Luuletused on ELUST \u2013 s\u00fcnnist, surmast, armastusest, olemisest. Varem on ilmunud [&hellip;]<\/p>\n","protected":false},"featured_media":1812,"comment_status":"open","ping_status":"closed","template":"","meta":[],"product_brand":[],"product_cat":[23],"product_tag":[],"class_list":{"0":"post-1811","1":"product","2":"type-product","3":"status-publish","4":"has-post-thumbnail","6":"product_cat-luule","8":"first","9":"instock","10":"taxable","11":"shipping-taxable","12":"purchasable","13":"product-type-simple"},"_links":{"self":[{"href":"https:\/\/fil.ee\/uus\/wp-json\/wp\/v2\/product\/1811","targetHints":{"allow":["GET"]}}],"collection":[{"href":"https:\/\/fil.ee\/uus\/wp-json\/wp\/v2\/product"}],"about":[{"href":"https:\/\/fil.ee\/uus\/wp-json\/wp\/v2\/types\/product"}],"replies":[{"embeddable":true,"href":"https:\/\/fil.ee\/uus\/wp-json\/wp\/v2\/comments?post=1811"}],"wp:featuredmedia":[{"embeddable":true,"href":"https:\/\/fil.ee\/uus\/wp-json\/wp\/v2\/media\/1812"}],"wp:attachment":[{"href":"https:\/\/fil.ee\/uus\/wp-json\/wp\/v2\/media?parent=1811"}],"wp:term":[{"taxonomy":"product_brand","embeddable":true,"href":"https:\/\/fil.ee\/uus\/wp-json\/wp\/v2\/product_brand?post=1811"},{"taxonomy":"product_cat","embeddable":true,"href":"https:\/\/fil.ee\/uus\/wp-json\/wp\/v2\/product_cat?post=1811"},{"taxonomy":"product_tag","embeddable":true,"href":"https:\/\/fil.ee\/uus\/wp-json\/wp\/v2\/product_tag?post=1811"}],"curies":[{"name":"wp","href":"https:\/\/api.w.org\/{rel}","templated":true}]}}