{"id":1798,"date":"2022-02-24T12:12:19","date_gmt":"2022-02-24T10:12:19","guid":{"rendered":"https:\/\/fil.ee\/uus\/?post_type=product&#038;p=1798"},"modified":"2023-07-24T22:46:24","modified_gmt":"2023-07-24T19:46:24","slug":"ma-olen-vikerkaare-viimane-varv","status":"publish","type":"product","link":"https:\/\/fil.ee\/uus\/toode\/ma-olen-vikerkaare-viimane-varv\/","title":{"rendered":"Ma olen vikerkaare viimane v\u00e4rv"},"content":{"rendered":"<p style=\"text-align: justify;\">25. veebruaril 2022. aastal ilmus meie kirjastuselt uus luuleraamat, Hedvig Ammurgas &#8220;Ma olen vikerkaare viimane v\u00e4rv&#8221;. Raamat on k\u00f5vade kaante ja v\u00e4rvilise sisuga. Raamatu m\u00f5\u00f5dud on 120x185mm, maht 92 lehek\u00fclge. Toimetas Maire K\u00f5rver, illustreeris Maria V\u00e4lja, k\u00fcljendas ja kaaned kujundas Vallo Hallik.<\/p>\n<p style=\"text-align: justify;\"><strong>Raamatu tutvustus:<br \/>\n<\/strong>&#8220;V\u00e4rske, tundeline, t\u00f5sieluline &#8230; Need v\u00e4rvik\u00fcllased luuleread k\u00f5netavad kindlasti seda, kes autoriga sarnaselt elab parasjagu l\u00e4bi tormilisi ja kirglikke iseenda leidmise aastaid. Samas nautisin minagi, kel sellest ajast \u00fcle k\u00fcmnendi m\u00f6\u00f6das on, m\u00f5nusaid tundem\u00e4lestusi ja noorusarmastuse meenutusi. Eriti meeldis mulle j\u00e4lgida looduse ja inimese kooskulgemist, arenemist l\u00e4bi nelja aastaaja ning l\u00f5puks iseendaga rahutegemist. Lugemiselamus neile, kes hindavad tunnete ausust, eneseotsinguid ja kauneid looduskujundeid nende saatjana!&#8221;<br \/>\nMaria V\u00e4lja<\/p>\n<p>Raamatusse sisse vaatamiseks kl\u00f5psa <a href=\"https:\/\/fil.ee\/sisu\/Ma_olen_vikerkaare_viimane_varv_esimesed15lk.pdf\">siia.<\/a><\/p>\n","protected":false},"excerpt":{"rendered":"<p>25. veebruaril 2022. aastal ilmus meie kirjastuselt uus luuleraamat, Hedvig Ammurgas &#8220;Ma olen vikerkaare viimane v\u00e4rv&#8221;. Raamat on k\u00f5vade kaante ja v\u00e4rvilise sisuga. Raamatu m\u00f5\u00f5dud on 120x185mm, maht 92 lehek\u00fclge. Toimetas Maire K\u00f5rver, illustreeris Maria V\u00e4lja, k\u00fcljendas ja kaaned kujundas Vallo Hallik. Raamatu tutvustus: &#8220;V\u00e4rske, tundeline, t\u00f5sieluline &#8230; Need v\u00e4rvik\u00fcllased luuleread k\u00f5netavad kindlasti seda, kes [&hellip;]<\/p>\n","protected":false},"featured_media":1792,"comment_status":"open","ping_status":"closed","template":"","meta":[],"product_brand":[],"product_cat":[23],"product_tag":[],"class_list":{"0":"post-1798","1":"product","2":"type-product","3":"status-publish","4":"has-post-thumbnail","6":"product_cat-luule","8":"first","9":"instock","10":"taxable","11":"shipping-taxable","12":"purchasable","13":"product-type-simple"},"_links":{"self":[{"href":"https:\/\/fil.ee\/uus\/wp-json\/wp\/v2\/product\/1798","targetHints":{"allow":["GET"]}}],"collection":[{"href":"https:\/\/fil.ee\/uus\/wp-json\/wp\/v2\/product"}],"about":[{"href":"https:\/\/fil.ee\/uus\/wp-json\/wp\/v2\/types\/product"}],"replies":[{"embeddable":true,"href":"https:\/\/fil.ee\/uus\/wp-json\/wp\/v2\/comments?post=1798"}],"wp:featuredmedia":[{"embeddable":true,"href":"https:\/\/fil.ee\/uus\/wp-json\/wp\/v2\/media\/1792"}],"wp:attachment":[{"href":"https:\/\/fil.ee\/uus\/wp-json\/wp\/v2\/media?parent=1798"}],"wp:term":[{"taxonomy":"product_brand","embeddable":true,"href":"https:\/\/fil.ee\/uus\/wp-json\/wp\/v2\/product_brand?post=1798"},{"taxonomy":"product_cat","embeddable":true,"href":"https:\/\/fil.ee\/uus\/wp-json\/wp\/v2\/product_cat?post=1798"},{"taxonomy":"product_tag","embeddable":true,"href":"https:\/\/fil.ee\/uus\/wp-json\/wp\/v2\/product_tag?post=1798"}],"curies":[{"name":"wp","href":"https:\/\/api.w.org\/{rel}","templated":true}]}}