{"id":1797,"date":"2022-02-24T12:09:05","date_gmt":"2022-02-24T10:09:05","guid":{"rendered":"https:\/\/fil.ee\/uus\/?post_type=product&#038;p=1797"},"modified":"2026-01-29T16:26:16","modified_gmt":"2026-01-29T14:26:16","slug":"siga-pikuti-pooleks","status":"publish","type":"product","link":"https:\/\/fil.ee\/uus\/toode\/siga-pikuti-pooleks\/","title":{"rendered":"Siga pikuti pooleks"},"content":{"rendered":"<p style=\"text-align: justify;\">25. veebruaril 2022. aastal ilmus meie kirjastuselt uus raamat, V. L. Konn \u201cSiga pikuti pooleks\u201d. Raamat on k\u00f5vade kaante ja mustvalge sisuga. Raamatu m\u00f5\u00f5dud on 148\u00d7210 mm, maht 120 lehek\u00fclge. Toimetas S. M. Rattiste, k\u00fcljendas ja kaaned kujundas Vallo Hallik.<\/p>\n<p style=\"text-align: justify;\"><strong>Raamatu tutvustus:<br \/>\n<\/strong>Kuidas kirjeldada j\u00f5ukust koguvate ettev\u00f5tjate tegevust paark\u00fcmmend aastat tagasi?<br \/>\nElu polnud meelakkumine ega roosamanna, m\u00f5nikord tuli lakkuda kellegi tagumikku ja suure n\u00e4ljaga oli ka k\u00e4rbes liha. Kelle \u00e4riidee oli kandev ja t\u00e4htede seis soodne, need nautisid elu kogu t\u00e4iuses.<br \/>\nRaamatusse loodud tegelaskujud on eriti vitaalsed, kommunismiehitaja k\u00f5rgetele moraalinormidele veel k\u00f5rgemalt pealesoristavad \u201eelumehed\u201d, kelle elud muutuvad peale tragikoomilist, ohtrate olengute ning seksiorgiatega pikitud n\u00e4dalavahetust.<br \/>\nIgas peategelases on killuke tolle aja julgetest ning pealehakkamisest pakatavatest firmaomanikest, kindlasti tunnete kellegi \u00e4ra!<\/p>\n<p style=\"text-align: justify;\">Alla kolmek\u00fcmneaastastel v\u00f5ib raamatu sisu vajada vanemlikku selgitust, lugemine omal vastutusel!<\/p>\n<p>Raamatusse sisse vaatamiseks kl\u00f5psa <a href=\"https:\/\/fil.ee\/sisu\/Siga_pikuti_pooleks_15lk.pdf\">siia<\/a>.<\/p>\n","protected":false},"excerpt":{"rendered":"<p>25. veebruaril 2022. aastal ilmus meie kirjastuselt uus raamat, V. L. Konn \u201cSiga pikuti pooleks\u201d. Raamat on k\u00f5vade kaante ja mustvalge sisuga. Raamatu m\u00f5\u00f5dud on 148\u00d7210 mm, maht 120 lehek\u00fclge. Toimetas S. M. Rattiste, k\u00fcljendas ja kaaned kujundas Vallo Hallik. Raamatu tutvustus: Kuidas kirjeldada j\u00f5ukust koguvate ettev\u00f5tjate tegevust paark\u00fcmmend aastat tagasi? Elu polnud meelakkumine ega [&hellip;]<\/p>\n","protected":false},"featured_media":1794,"comment_status":"open","ping_status":"closed","template":"","meta":[],"product_brand":[],"product_cat":[19],"product_tag":[],"class_list":{"0":"post-1797","1":"product","2":"type-product","3":"status-publish","4":"has-post-thumbnail","6":"product_cat-ilukirjandus","8":"first","9":"instock","10":"taxable","11":"shipping-taxable","12":"purchasable","13":"product-type-simple"},"_links":{"self":[{"href":"https:\/\/fil.ee\/uus\/wp-json\/wp\/v2\/product\/1797","targetHints":{"allow":["GET"]}}],"collection":[{"href":"https:\/\/fil.ee\/uus\/wp-json\/wp\/v2\/product"}],"about":[{"href":"https:\/\/fil.ee\/uus\/wp-json\/wp\/v2\/types\/product"}],"replies":[{"embeddable":true,"href":"https:\/\/fil.ee\/uus\/wp-json\/wp\/v2\/comments?post=1797"}],"wp:featuredmedia":[{"embeddable":true,"href":"https:\/\/fil.ee\/uus\/wp-json\/wp\/v2\/media\/1794"}],"wp:attachment":[{"href":"https:\/\/fil.ee\/uus\/wp-json\/wp\/v2\/media?parent=1797"}],"wp:term":[{"taxonomy":"product_brand","embeddable":true,"href":"https:\/\/fil.ee\/uus\/wp-json\/wp\/v2\/product_brand?post=1797"},{"taxonomy":"product_cat","embeddable":true,"href":"https:\/\/fil.ee\/uus\/wp-json\/wp\/v2\/product_cat?post=1797"},{"taxonomy":"product_tag","embeddable":true,"href":"https:\/\/fil.ee\/uus\/wp-json\/wp\/v2\/product_tag?post=1797"}],"curies":[{"name":"wp","href":"https:\/\/api.w.org\/{rel}","templated":true}]}}