{"id":1796,"date":"2022-02-24T12:03:55","date_gmt":"2022-02-24T10:03:55","guid":{"rendered":"https:\/\/fil.ee\/uus\/?post_type=product&#038;p=1796"},"modified":"2023-11-03T14:00:57","modified_gmt":"2023-11-03T12:00:57","slug":"lihtsad-sonad","status":"publish","type":"product","link":"https:\/\/fil.ee\/uus\/toode\/lihtsad-sonad\/","title":{"rendered":"Lihtsad s\u00f5nad"},"content":{"rendered":"<p style=\"text-align: justify;\">25. veebruaril 2022. aastal ilmus meie kirjastuselt uus luuleraamat, Tarmo Selter &#8220;Lihtsad s\u00f5nad&#8221;. Raamat on pehmete kaante ja mustvalge sisuga. Raamatu m\u00f5\u00f5dud on 148&#215;210 mm, maht 80 lehek\u00fclge. Toimetas Heli Hallik, k\u00fcljendas ja kaaned kujundas Vallo Hallik.<\/p>\n<p style=\"text-align: justify;\"><strong>Raamatu tutvustus:<br \/>\n<\/strong>Raamat \u201eLihtsad s\u00f5nad\u201c s\u00fcndis kokkusattumustest ja avaldatud luuletuste tagasisidest.<br \/>\nKuna mind k\u00f5netavad eluolud, hetked ja emotsioonid, olen ma eesm\u00e4rgiks v\u00f5tnud need t\u00e4nap\u00e4evases v\u00f5tmes v\u00f5imalikult lihtsatesse ridadesse panna kogu nende olemuses, nii nagu mina neid n\u00e4en.<br \/>\nKirjutasin aastak\u00fcmneid iseendale.<br \/>\nM\u00f5nedele luuletustele tegin viisi ja kandsin neid avalikumalt ette kitarri saatel. Tagasiside oli positiivne, kuid iseenda kartus luuletuste avaldamise ees oli suur.<br \/>\nMurdehetk tuli, kui hakkasin oma m\u00f5tteid sotsiaalmeedias avaldama ja seal korduvalt k\u00fcsiti, kas mul oleks neile raamatut pakkuda.<br \/>\nL\u00f5puks v\u00f5tsin julguse kokku ja nii see raamat s\u00fcndis.<br \/>\nMinu soovitus k\u00f5igile on, et kui on v\u00e4hegi julgust, avaldage oma m\u00f5tted ka teistele lugemiseks, kas siis luulekogumikus, raamatus v\u00f5i laulus.<\/p>\n<p>Raamatusse sisse vaatamiseks kl\u00f5psa <a href=\"https:\/\/fil.ee\/sisu\/Lihtsad_sonad_esimesed15lk.pdf\">siia<\/a>.<\/p>\n","protected":false},"excerpt":{"rendered":"<p>25. veebruaril 2022. aastal ilmus meie kirjastuselt uus luuleraamat, Tarmo Selter &#8220;Lihtsad s\u00f5nad&#8221;. Raamat on pehmete kaante ja mustvalge sisuga. Raamatu m\u00f5\u00f5dud on 148&#215;210 mm, maht 80 lehek\u00fclge. Toimetas Heli Hallik, k\u00fcljendas ja kaaned kujundas Vallo Hallik. Raamatu tutvustus: Raamat \u201eLihtsad s\u00f5nad\u201c s\u00fcndis kokkusattumustest ja avaldatud luuletuste tagasisidest. Kuna mind k\u00f5netavad eluolud, hetked ja emotsioonid, [&hellip;]<\/p>\n","protected":false},"featured_media":1793,"comment_status":"open","ping_status":"closed","template":"","meta":[],"product_brand":[],"product_cat":[23],"product_tag":[],"class_list":{"0":"post-1796","1":"product","2":"type-product","3":"status-publish","4":"has-post-thumbnail","6":"product_cat-luule","8":"first","9":"instock","10":"taxable","11":"shipping-taxable","12":"purchasable","13":"product-type-simple"},"_links":{"self":[{"href":"https:\/\/fil.ee\/uus\/wp-json\/wp\/v2\/product\/1796","targetHints":{"allow":["GET"]}}],"collection":[{"href":"https:\/\/fil.ee\/uus\/wp-json\/wp\/v2\/product"}],"about":[{"href":"https:\/\/fil.ee\/uus\/wp-json\/wp\/v2\/types\/product"}],"replies":[{"embeddable":true,"href":"https:\/\/fil.ee\/uus\/wp-json\/wp\/v2\/comments?post=1796"}],"wp:featuredmedia":[{"embeddable":true,"href":"https:\/\/fil.ee\/uus\/wp-json\/wp\/v2\/media\/1793"}],"wp:attachment":[{"href":"https:\/\/fil.ee\/uus\/wp-json\/wp\/v2\/media?parent=1796"}],"wp:term":[{"taxonomy":"product_brand","embeddable":true,"href":"https:\/\/fil.ee\/uus\/wp-json\/wp\/v2\/product_brand?post=1796"},{"taxonomy":"product_cat","embeddable":true,"href":"https:\/\/fil.ee\/uus\/wp-json\/wp\/v2\/product_cat?post=1796"},{"taxonomy":"product_tag","embeddable":true,"href":"https:\/\/fil.ee\/uus\/wp-json\/wp\/v2\/product_tag?post=1796"}],"curies":[{"name":"wp","href":"https:\/\/api.w.org\/{rel}","templated":true}]}}