{"id":1785,"date":"2022-01-26T15:30:14","date_gmt":"2022-01-26T13:30:14","guid":{"rendered":"https:\/\/fil.ee\/uus\/?post_type=product&#038;p=1785"},"modified":"2025-07-15T22:37:24","modified_gmt":"2025-07-15T19:37:24","slug":"sobrad-kukerpalli-kulast","status":"publish","type":"product","link":"https:\/\/fil.ee\/uus\/toode\/sobrad-kukerpalli-kulast\/","title":{"rendered":"S\u00f5brad Kukerpalli k\u00fclast"},"content":{"rendered":"<p style=\"text-align: justify;\">27. jaanuaril 2022. aastal ilmus meie kirjastuselt uus lasteraamat, Urve Tinnuri &#8220;S\u00f5brad Kukerpalli k\u00fclast&#8221;. Raamat on k\u00f5vade kaante ja v\u00e4rvilise sisuga. Raamatu m\u00f5\u00f5dud on 170&#215;240 mm, maht 32 lehek\u00fclge. Toimetas Heli Hallik, k\u00fcljendas ja kaaned kujundas Vallo Hallik.<\/p>\n<p style=\"text-align: justify;\"><strong>Raamatu tutvustus:<br \/>\n<\/strong>Igal aastal ootab kass Kr\u00f5\u00f5du pikisilmi kevadet, sest siis saab ta taas kokku oma armsate s\u00f5pradega \u2013 siil Susannaga, kes \u00e4rkab talveunest ja toonekurg Pellega, kes j\u00f5uab tagasi l\u00f5unamaareisilt. Kolm semu veedavad omakeskis j\u00e4rjekordse suve, kuhu mahub lahedaid ettev\u00f5tmisi, v\u00e4ikeseid vahvaid seiklusi ja r\u00f5\u00f5mu koosolemisest.<\/p>\n<p>Raamatusse sisse vaatamiseks kl\u00f5psa <a href=\"https:\/\/fil.ee\/sisu\/Sobrad_Kukerpalli_kylast_esimesed15lk.pdf\">siia<\/a>.<\/p>\n","protected":false},"excerpt":{"rendered":"<p>27. jaanuaril 2022. aastal ilmus meie kirjastuselt uus lasteraamat, Urve Tinnuri &#8220;S\u00f5brad Kukerpalli k\u00fclast&#8221;. Raamat on k\u00f5vade kaante ja v\u00e4rvilise sisuga. Raamatu m\u00f5\u00f5dud on 170&#215;240 mm, maht 32 lehek\u00fclge. Toimetas Heli Hallik, k\u00fcljendas ja kaaned kujundas Vallo Hallik. Raamatu tutvustus: Igal aastal ootab kass Kr\u00f5\u00f5du pikisilmi kevadet, sest siis saab ta taas kokku oma armsate [&hellip;]<\/p>\n","protected":false},"featured_media":1786,"comment_status":"open","ping_status":"closed","template":"","meta":[],"product_brand":[],"product_cat":[22],"product_tag":[],"class_list":{"0":"post-1785","1":"product","2":"type-product","3":"status-publish","4":"has-post-thumbnail","6":"product_cat-lastele","8":"first","9":"instock","10":"taxable","11":"shipping-taxable","12":"purchasable","13":"product-type-simple"},"_links":{"self":[{"href":"https:\/\/fil.ee\/uus\/wp-json\/wp\/v2\/product\/1785","targetHints":{"allow":["GET"]}}],"collection":[{"href":"https:\/\/fil.ee\/uus\/wp-json\/wp\/v2\/product"}],"about":[{"href":"https:\/\/fil.ee\/uus\/wp-json\/wp\/v2\/types\/product"}],"replies":[{"embeddable":true,"href":"https:\/\/fil.ee\/uus\/wp-json\/wp\/v2\/comments?post=1785"}],"wp:featuredmedia":[{"embeddable":true,"href":"https:\/\/fil.ee\/uus\/wp-json\/wp\/v2\/media\/1786"}],"wp:attachment":[{"href":"https:\/\/fil.ee\/uus\/wp-json\/wp\/v2\/media?parent=1785"}],"wp:term":[{"taxonomy":"product_brand","embeddable":true,"href":"https:\/\/fil.ee\/uus\/wp-json\/wp\/v2\/product_brand?post=1785"},{"taxonomy":"product_cat","embeddable":true,"href":"https:\/\/fil.ee\/uus\/wp-json\/wp\/v2\/product_cat?post=1785"},{"taxonomy":"product_tag","embeddable":true,"href":"https:\/\/fil.ee\/uus\/wp-json\/wp\/v2\/product_tag?post=1785"}],"curies":[{"name":"wp","href":"https:\/\/api.w.org\/{rel}","templated":true}]}}