{"id":1781,"date":"2022-01-26T11:21:09","date_gmt":"2022-01-26T09:21:09","guid":{"rendered":"https:\/\/fil.ee\/uus\/?post_type=product&#038;p=1781"},"modified":"2023-07-24T22:52:46","modified_gmt":"2023-07-24T19:52:46","slug":"kevadised-piilumised-pakapikupere-tegemistesse","status":"publish","type":"product","link":"https:\/\/fil.ee\/uus\/toode\/kevadised-piilumised-pakapikupere-tegemistesse\/","title":{"rendered":"Kevadised piilumised p\u00e4kapikupere tegemistesse"},"content":{"rendered":"<p style=\"text-align: justify;\">27. jaanuaril 2022. aastal ilmus meie kirjastuselt uus lasteraamat, Anu Laansalu &#8220;Kevadised piilumised p\u00e4kapikupere tegemistesse&#8221;. Raamat on k\u00f5vade kaante ja v\u00e4rvilise sisuga. Raamatu m\u00f5\u00f5dud on 174&#215;245 mm, maht 56 lehek\u00fclge. Toimetas Heli Hallik, illustreeris Anu Laansalu, k\u00fcljendas ja kaaned kujundas Vallo Hallik.<\/p>\n<p style=\"text-align: justify;\"><strong>Raamatu tutvustus:<br \/>\n<\/strong>\u00dcldiselt arvatakse, et p\u00e4kapikkudel on kiire ainult j\u00f5ulude ajal ja \u00fclej\u00e4\u00e4nud osa aastast v\u00f5ivad nad koos j\u00f5ulutaadi ja -memmega maha magada. R\u00e4\u00e4gitakse isegi nende suveunest, nagu nii m\u00f5negi looma puhul teatakse, et nad magavad talveund. Aga kuidas elu nende peres p\u00e4riselt kulgeb, seda teavad vaid v\u00e4ga v\u00e4hesed, sest selle salap\u00e4rase pere tegemisi on v\u00e4ga raske piilumas k\u00e4ia.<br \/>\nSelle raamatu abiga saame piiluda p\u00e4kapikupere kevadistesse tegemistesse. M\u00f5nusat lugemist!<\/p>\n<p>Raamatusse sisse vaadata saab <a href=\"https:\/\/fil.ee\/sisu\/Kevadised_piilumised_pakapikupere_tegemistesse_esimesed15lk.pdf\">siin<\/a>.<\/p>\n","protected":false},"excerpt":{"rendered":"<p>27. jaanuaril 2022. aastal ilmus meie kirjastuselt uus lasteraamat, Anu Laansalu &#8220;Kevadised piilumised p\u00e4kapikupere tegemistesse&#8221;. Raamat on k\u00f5vade kaante ja v\u00e4rvilise sisuga. Raamatu m\u00f5\u00f5dud on 174&#215;245 mm, maht 56 lehek\u00fclge. Toimetas Heli Hallik, illustreeris Anu Laansalu, k\u00fcljendas ja kaaned kujundas Vallo Hallik. Raamatu tutvustus: \u00dcldiselt arvatakse, et p\u00e4kapikkudel on kiire ainult j\u00f5ulude ajal ja \u00fclej\u00e4\u00e4nud [&hellip;]<\/p>\n","protected":false},"featured_media":1777,"comment_status":"open","ping_status":"closed","template":"","meta":[],"product_brand":[],"product_cat":[22],"product_tag":[],"class_list":{"0":"post-1781","1":"product","2":"type-product","3":"status-publish","4":"has-post-thumbnail","6":"product_cat-lastele","8":"first","9":"instock","10":"taxable","11":"shipping-taxable","12":"purchasable","13":"product-type-simple"},"_links":{"self":[{"href":"https:\/\/fil.ee\/uus\/wp-json\/wp\/v2\/product\/1781","targetHints":{"allow":["GET"]}}],"collection":[{"href":"https:\/\/fil.ee\/uus\/wp-json\/wp\/v2\/product"}],"about":[{"href":"https:\/\/fil.ee\/uus\/wp-json\/wp\/v2\/types\/product"}],"replies":[{"embeddable":true,"href":"https:\/\/fil.ee\/uus\/wp-json\/wp\/v2\/comments?post=1781"}],"wp:featuredmedia":[{"embeddable":true,"href":"https:\/\/fil.ee\/uus\/wp-json\/wp\/v2\/media\/1777"}],"wp:attachment":[{"href":"https:\/\/fil.ee\/uus\/wp-json\/wp\/v2\/media?parent=1781"}],"wp:term":[{"taxonomy":"product_brand","embeddable":true,"href":"https:\/\/fil.ee\/uus\/wp-json\/wp\/v2\/product_brand?post=1781"},{"taxonomy":"product_cat","embeddable":true,"href":"https:\/\/fil.ee\/uus\/wp-json\/wp\/v2\/product_cat?post=1781"},{"taxonomy":"product_tag","embeddable":true,"href":"https:\/\/fil.ee\/uus\/wp-json\/wp\/v2\/product_tag?post=1781"}],"curies":[{"name":"wp","href":"https:\/\/api.w.org\/{rel}","templated":true}]}}