{"id":1775,"date":"2022-01-24T00:21:11","date_gmt":"2022-01-23T22:21:11","guid":{"rendered":"https:\/\/fil.ee\/uus\/?post_type=product&#038;p=1775"},"modified":"2023-07-24T22:53:37","modified_gmt":"2023-07-24T19:53:37","slug":"katja-soob-sooja-jaatist","status":"publish","type":"product","link":"https:\/\/fil.ee\/uus\/toode\/katja-soob-sooja-jaatist\/","title":{"rendered":"Katja s\u00f6\u00f6b sooja j\u00e4\u00e4tist"},"content":{"rendered":"<p style=\"text-align: justify;\">27. jaanuaril 2022. aastal ilmus meie kirjastuselt uus lasteraamat, mis on neljas osa sarjast &#8220;Katja&#8221;, fil &#8220;Katja s\u00f6\u00f6b sooja j\u00e4\u00e4tist&#8221;. Raamat on k\u00f5vade kaante ja v\u00e4rvilise sisuga. Raamatu m\u00f5\u00f5dud on 148&#215;210 mm, maht 64 lehek\u00fclge. Toimetas Heli Hallik, illustreeris Jana Valge, k\u00fcljendas ja kaaned kujundas Jaan Lehismets.<\/p>\n<p style=\"text-align: justify;\"><strong>Raamatu tutvustus:<br \/>\n<\/strong>Sarja esimeses kolmes raamatus on tr\u00fckit\u00e4hed. See raamat, mida praegu k\u00e4es hoiad, on aga juba kirjat\u00e4htedega. Seda sellep\u00e4rast, et koos Katjaga on kasvanud tema s\u00f5bradki, kes n\u00fc\u00fcd tunnevad juba ka kirjat\u00e4hti. Muidugi ootab Katja endale palju uusi s\u00f5pru juurde!<br \/>\nSelles raamatus maitseb kassipoeg Katja midagi v\u00e4ga maitsvat, mille kohta ta arvab, et see on soe j\u00e4\u00e4tis ning saad teada, mis p\u00e4rast seda juhtus. Kahjuks j\u00e4\u00e4b Katja ka haigeks, kuid eks seda juhtub aeg-ajalt meie k\u00f5igiga.<br \/>\nKatja p\u00f5nevad seiklused algavad kohe, kui avad raamatukaane, siis juba seikledki koos v\u00e4ikese kassipojaga.<\/p>\n<p>Raamatusse sisse vaadata saab <a href=\"https:\/\/fil.ee\/sisu\/Katja4_esimesed15lk.pdf\">siin<\/a>.<\/p>\n","protected":false},"excerpt":{"rendered":"<p>27. jaanuaril 2022. aastal ilmus meie kirjastuselt uus lasteraamat, mis on neljas osa sarjast &#8220;Katja&#8221;, fil &#8220;Katja s\u00f6\u00f6b sooja j\u00e4\u00e4tist&#8221;. Raamat on k\u00f5vade kaante ja v\u00e4rvilise sisuga. Raamatu m\u00f5\u00f5dud on 148&#215;210 mm, maht 64 lehek\u00fclge. Toimetas Heli Hallik, illustreeris Jana Valge, k\u00fcljendas ja kaaned kujundas Jaan Lehismets. Raamatu tutvustus: Sarja esimeses kolmes raamatus on tr\u00fckit\u00e4hed. [&hellip;]<\/p>\n","protected":false},"featured_media":1773,"comment_status":"open","ping_status":"closed","template":"","meta":[],"product_brand":[],"product_cat":[22],"product_tag":[],"class_list":{"0":"post-1775","1":"product","2":"type-product","3":"status-publish","4":"has-post-thumbnail","6":"product_cat-lastele","8":"first","9":"instock","10":"taxable","11":"shipping-taxable","12":"purchasable","13":"product-type-simple"},"_links":{"self":[{"href":"https:\/\/fil.ee\/uus\/wp-json\/wp\/v2\/product\/1775","targetHints":{"allow":["GET"]}}],"collection":[{"href":"https:\/\/fil.ee\/uus\/wp-json\/wp\/v2\/product"}],"about":[{"href":"https:\/\/fil.ee\/uus\/wp-json\/wp\/v2\/types\/product"}],"replies":[{"embeddable":true,"href":"https:\/\/fil.ee\/uus\/wp-json\/wp\/v2\/comments?post=1775"}],"wp:featuredmedia":[{"embeddable":true,"href":"https:\/\/fil.ee\/uus\/wp-json\/wp\/v2\/media\/1773"}],"wp:attachment":[{"href":"https:\/\/fil.ee\/uus\/wp-json\/wp\/v2\/media?parent=1775"}],"wp:term":[{"taxonomy":"product_brand","embeddable":true,"href":"https:\/\/fil.ee\/uus\/wp-json\/wp\/v2\/product_brand?post=1775"},{"taxonomy":"product_cat","embeddable":true,"href":"https:\/\/fil.ee\/uus\/wp-json\/wp\/v2\/product_cat?post=1775"},{"taxonomy":"product_tag","embeddable":true,"href":"https:\/\/fil.ee\/uus\/wp-json\/wp\/v2\/product_tag?post=1775"}],"curies":[{"name":"wp","href":"https:\/\/api.w.org\/{rel}","templated":true}]}}