{"id":1678,"date":"2021-12-13T12:07:27","date_gmt":"2021-12-13T10:07:27","guid":{"rendered":"https:\/\/fil.ee\/uus\/?post_type=product&#038;p=1678"},"modified":"2023-02-01T13:19:29","modified_gmt":"2023-02-01T11:19:29","slug":"aega-tiksuvad-jalad","status":"publish","type":"product","link":"https:\/\/fil.ee\/uus\/toode\/aega-tiksuvad-jalad\/","title":{"rendered":"Aega tiksuvad jalad"},"content":{"rendered":"<p>2017. aastal ilmus Anli Eha luuleraamat \u201cAega tiksuvad jalad\u201d, mis on pehmete kaantega. Raamatu formaat on A5, maht 88 lehek\u00fclge. Toimetas Ly Seppel, illustreeris Elize Hiiop, ja k\u00fcljendas ja kujundas Liis Karu.<\/p>\n<p><strong>Raamatu tutvustus:<br \/>\n<\/strong>Luuleraamat sisaldab m\u00f5tisklusi inimloomuse olemusest, siin- ja sealpoolsusest, kodust ja kodumaast ning oma juurte tunnetusest.<\/p>\n","protected":false},"excerpt":{"rendered":"<p>2017. aastal ilmus Anli Eha luuleraamat \u201cAega tiksuvad jalad\u201d, mis on pehmete kaantega. Raamatu formaat on A5, maht 88 lehek\u00fclge. Toimetas Ly Seppel, illustreeris Elize Hiiop, ja k\u00fcljendas ja kujundas Liis Karu. Raamatu tutvustus: Luuleraamat sisaldab m\u00f5tisklusi inimloomuse olemusest, siin- ja sealpoolsusest, kodust ja kodumaast ning oma juurte tunnetusest.<\/p>\n","protected":false},"featured_media":1679,"comment_status":"open","ping_status":"closed","template":"","meta":[],"product_brand":[],"product_cat":[23,299],"product_tag":[],"class_list":{"0":"post-1678","1":"product","2":"type-product","3":"status-publish","4":"has-post-thumbnail","6":"product_cat-luule","7":"product_cat-teiste-valja-andud","9":"first","10":"instock","11":"taxable","12":"shipping-taxable","13":"purchasable","14":"product-type-simple"},"_links":{"self":[{"href":"https:\/\/fil.ee\/uus\/wp-json\/wp\/v2\/product\/1678","targetHints":{"allow":["GET"]}}],"collection":[{"href":"https:\/\/fil.ee\/uus\/wp-json\/wp\/v2\/product"}],"about":[{"href":"https:\/\/fil.ee\/uus\/wp-json\/wp\/v2\/types\/product"}],"replies":[{"embeddable":true,"href":"https:\/\/fil.ee\/uus\/wp-json\/wp\/v2\/comments?post=1678"}],"wp:featuredmedia":[{"embeddable":true,"href":"https:\/\/fil.ee\/uus\/wp-json\/wp\/v2\/media\/1679"}],"wp:attachment":[{"href":"https:\/\/fil.ee\/uus\/wp-json\/wp\/v2\/media?parent=1678"}],"wp:term":[{"taxonomy":"product_brand","embeddable":true,"href":"https:\/\/fil.ee\/uus\/wp-json\/wp\/v2\/product_brand?post=1678"},{"taxonomy":"product_cat","embeddable":true,"href":"https:\/\/fil.ee\/uus\/wp-json\/wp\/v2\/product_cat?post=1678"},{"taxonomy":"product_tag","embeddable":true,"href":"https:\/\/fil.ee\/uus\/wp-json\/wp\/v2\/product_tag?post=1678"}],"curies":[{"name":"wp","href":"https:\/\/api.w.org\/{rel}","templated":true}]}}