{"id":1667,"date":"2021-12-02T21:46:47","date_gmt":"2021-12-02T19:46:47","guid":{"rendered":"https:\/\/fil.ee\/uus\/?post_type=product&#038;p=1667"},"modified":"2023-07-26T19:04:49","modified_gmt":"2023-07-26T16:04:49","slug":"metsapoues","status":"publish","type":"product","link":"https:\/\/fil.ee\/uus\/toode\/metsapoues\/","title":{"rendered":"Metsap\u00f5ues"},"content":{"rendered":"<p>2021. aasta 3. detsembril ilmus meie kirjastuselt uus lasteraamat, Juta Hiiop &#8220;Metsap\u00f5ues&#8221;, mis on k\u00f5vade kaante ja v\u00e4rvilise sisuga. Raamatu formaat on A4 landscape, maht 40 lehek\u00fclge. Toimetas Viiu M\u00e4nnik, illustreeris Merit Adalova, soovitusi loomade elu k\u00e4sitlemise osas jagas Kadri Kilusk, k\u00fcljendas ja kaaned kujundas Katrin Meemaa.<\/p>\n<p><strong>Raamatu tutvustus:<br \/>\n<\/strong>Raamatu eesm\u00e4rgid<br \/>\n* Tutvustada lastele l\u00e4bi luuletuste eesti metsades elavaid loomi<br \/>\n* \u00d5petajad saavad luuletusi kasutada \u00f5pitegevuse ilmestamiseks<br \/>\n* M\u00f5ni luuletus algab m\u00f5istatusega, kus laps saab arvata, millisest loomast luuletus r\u00e4\u00e4gib<br \/>\n* Riimid aitavad loetud teadmisi meelde j\u00e4tta<br \/>\n* Lastele saab tutvustada loomade rahvap\u00e4raseid nimetusi ning milliseid iseloomuomadusi antud looma abil rahvajuttudes v\u00e4ljendatakse<br \/>\n* Laste s\u00f5navara laiendamiseks saab tekstidest otsida riimuvaid s\u00f5nu ning s\u00fcnon\u00fc\u00fcme<br \/>\n* Lapsed saavad tr\u00fckit\u00e4htedes tekstide abil iseseisvalt harjutada lugemisoskust<\/p>\n<p>Sihtgrupid<br \/>\n* Lasteaia\u00f5petajad<br \/>\n* Algklasside \u00f5petajad<br \/>\n* Logopeedid<br \/>\n* Lapsevanemad<br \/>\n* Lapsed<\/p>\n<p>Raamatusse sisse vaatamiseks kl\u00f5psa <a href=\"https:\/\/fil.ee\/sisu\/Metsapoues_esimesed15lk.pdf\">siia.<\/a><\/p>\n","protected":false},"excerpt":{"rendered":"<p>2021. aasta 3. detsembril ilmus meie kirjastuselt uus lasteraamat, Juta Hiiop &#8220;Metsap\u00f5ues&#8221;, mis on k\u00f5vade kaante ja v\u00e4rvilise sisuga. Raamatu formaat on A4 landscape, maht 40 lehek\u00fclge. Toimetas Viiu M\u00e4nnik, illustreeris Merit Adalova, soovitusi loomade elu k\u00e4sitlemise osas jagas Kadri Kilusk, k\u00fcljendas ja kaaned kujundas Katrin Meemaa. Raamatu tutvustus: Raamatu eesm\u00e4rgid * Tutvustada lastele l\u00e4bi [&hellip;]<\/p>\n","protected":false},"featured_media":1663,"comment_status":"open","ping_status":"closed","template":"","meta":[],"product_brand":[],"product_cat":[286],"product_tag":[],"class_list":{"0":"post-1667","1":"product","2":"type-product","3":"status-publish","4":"has-post-thumbnail","6":"product_cat-archive","8":"first","9":"outofstock","10":"taxable","11":"shipping-taxable","12":"product-type-simple"},"_links":{"self":[{"href":"https:\/\/fil.ee\/uus\/wp-json\/wp\/v2\/product\/1667","targetHints":{"allow":["GET"]}}],"collection":[{"href":"https:\/\/fil.ee\/uus\/wp-json\/wp\/v2\/product"}],"about":[{"href":"https:\/\/fil.ee\/uus\/wp-json\/wp\/v2\/types\/product"}],"replies":[{"embeddable":true,"href":"https:\/\/fil.ee\/uus\/wp-json\/wp\/v2\/comments?post=1667"}],"wp:featuredmedia":[{"embeddable":true,"href":"https:\/\/fil.ee\/uus\/wp-json\/wp\/v2\/media\/1663"}],"wp:attachment":[{"href":"https:\/\/fil.ee\/uus\/wp-json\/wp\/v2\/media?parent=1667"}],"wp:term":[{"taxonomy":"product_brand","embeddable":true,"href":"https:\/\/fil.ee\/uus\/wp-json\/wp\/v2\/product_brand?post=1667"},{"taxonomy":"product_cat","embeddable":true,"href":"https:\/\/fil.ee\/uus\/wp-json\/wp\/v2\/product_cat?post=1667"},{"taxonomy":"product_tag","embeddable":true,"href":"https:\/\/fil.ee\/uus\/wp-json\/wp\/v2\/product_tag?post=1667"}],"curies":[{"name":"wp","href":"https:\/\/api.w.org\/{rel}","templated":true}]}}