{"id":1644,"date":"2021-11-03T10:48:22","date_gmt":"2021-11-03T08:48:22","guid":{"rendered":"https:\/\/fil.ee\/uus\/?post_type=product&#038;p=1644"},"modified":"2023-07-26T19:09:51","modified_gmt":"2023-07-26T16:09:51","slug":"silmad","status":"publish","type":"product","link":"https:\/\/fil.ee\/uus\/toode\/silmad\/","title":{"rendered":"Silmad"},"content":{"rendered":"<p style=\"text-align: justify;\">2021. aasta 3. novembril ilmus meie kirjastuselt uus ps\u00fchholoogiline p\u00f5nevuslugu, Leila Tael-Mike\u0161in &#8220;Silmad&#8221;. Raamat on pehmete kaante ja mustvalge sisuga. Raamatu m\u00f5\u00f5dud on 135&#215;210 mm, maht 192 lehek\u00fclge. Toimetas S. M. Rattiste, k\u00fcljendas ja kaaned kujundas Vallo Hallik.<\/p>\n<p style=\"text-align: justify;\"><strong>Raamatu tutvustus:<br \/>\n<\/strong>Ei \u00f6elda ilmaaegu, et ilu on vaataja silmades. Kes vaatab hinge, kes ihu &#8230; \u201eSilmade\u201c tegelased v\u00f5ivad esmapilgul tunduda sadistlikena, kuid hoolikalt vaadates saab hingeilu n\u00e4ha isegi M\u00f5rva-Miisus ja laibalahkajas, kes silmamune kaminaservale asetatud purgis hoiab. P\u00f5nevas ning kohati hingekriipivas teoses nihutatakse paigast moraali piire ja m\u00e4ngitakse surmaga nii otseses kui kaudses m\u00f5ttes.<br \/>\n\u201eTa on haige inimene, kes kogub inimeste silmi ja siseorganeid ning tapab k\u00fclmavereliselt k\u00f5iki, kes teda mingil moel h\u00e4irivad,\u201c tuletas m\u00f5istuse h\u00e4\u00e4l Miisu alateadvuses meelde. \u201eTa on olnud mu parim s\u00f5ber juba k\u00fcmme aastat,\u201c vaidles Miisu iseendaga, \u201ekeegi meist pole t\u00e4iuslik.\u201c<br \/>\n\u201eKas sa teadsid, et igal aastal j\u00e4\u00e4b teadmata kadunuks umbes kaksk\u00fcmmend inimest?\u201c k\u00fcsis Pini. \u201eSeda siis meie riigis. Pisikese kodumaa kohta on see arv p\u00e4ris suur, umbes \u00fcks kuni kaks inimest \u00fche kuu jooksul. Neid ei leita kunagi \u00fcles.\u201c Pini t\u00f5stis pea ja vaatas Miisule silma. \u201eSee t\u00e4hendab, et minu \u00f5lul on ainult murdosa kogu s\u00fc\u00fckoormast. Omakohus oli, on ja j\u00e4\u00e4b. Seaduse peale loodavad ainult lollid.\u201c<\/p>\n<p>Raamatusse sisse vaatamiseks kl\u00f5psa <a href=\"https:\/\/fil.ee\/sisu\/Silmad_esimesed15lk.pdf\">siia<\/a>.<\/p>\n","protected":false},"excerpt":{"rendered":"<p>2021. aasta 3. novembril ilmus meie kirjastuselt uus ps\u00fchholoogiline p\u00f5nevuslugu, Leila Tael-Mike\u0161in &#8220;Silmad&#8221;. Raamat on pehmete kaante ja mustvalge sisuga. Raamatu m\u00f5\u00f5dud on 135&#215;210 mm, maht 192 lehek\u00fclge. Toimetas S. M. Rattiste, k\u00fcljendas ja kaaned kujundas Vallo Hallik. Raamatu tutvustus: Ei \u00f6elda ilmaaegu, et ilu on vaataja silmades. Kes vaatab hinge, kes ihu &#8230; \u201eSilmade\u201c [&hellip;]<\/p>\n","protected":false},"featured_media":1642,"comment_status":"open","ping_status":"closed","template":"","meta":[],"product_brand":[],"product_cat":[19],"product_tag":[],"class_list":{"0":"post-1644","1":"product","2":"type-product","3":"status-publish","4":"has-post-thumbnail","6":"product_cat-ilukirjandus","8":"first","9":"instock","10":"taxable","11":"shipping-taxable","12":"purchasable","13":"product-type-simple"},"_links":{"self":[{"href":"https:\/\/fil.ee\/uus\/wp-json\/wp\/v2\/product\/1644","targetHints":{"allow":["GET"]}}],"collection":[{"href":"https:\/\/fil.ee\/uus\/wp-json\/wp\/v2\/product"}],"about":[{"href":"https:\/\/fil.ee\/uus\/wp-json\/wp\/v2\/types\/product"}],"replies":[{"embeddable":true,"href":"https:\/\/fil.ee\/uus\/wp-json\/wp\/v2\/comments?post=1644"}],"wp:featuredmedia":[{"embeddable":true,"href":"https:\/\/fil.ee\/uus\/wp-json\/wp\/v2\/media\/1642"}],"wp:attachment":[{"href":"https:\/\/fil.ee\/uus\/wp-json\/wp\/v2\/media?parent=1644"}],"wp:term":[{"taxonomy":"product_brand","embeddable":true,"href":"https:\/\/fil.ee\/uus\/wp-json\/wp\/v2\/product_brand?post=1644"},{"taxonomy":"product_cat","embeddable":true,"href":"https:\/\/fil.ee\/uus\/wp-json\/wp\/v2\/product_cat?post=1644"},{"taxonomy":"product_tag","embeddable":true,"href":"https:\/\/fil.ee\/uus\/wp-json\/wp\/v2\/product_tag?post=1644"}],"curies":[{"name":"wp","href":"https:\/\/api.w.org\/{rel}","templated":true}]}}