{"id":1635,"date":"2021-10-11T12:10:37","date_gmt":"2021-10-11T09:10:37","guid":{"rendered":"https:\/\/fil.ee\/uus\/?post_type=product&#038;p=1635"},"modified":"2023-11-21T13:45:31","modified_gmt":"2023-11-21T11:45:31","slug":"onnelikud-loomad","status":"publish","type":"product","link":"https:\/\/fil.ee\/uus\/toode\/onnelikud-loomad\/","title":{"rendered":"\u00d5nnelikud loomad"},"content":{"rendered":"<p>2021. aasta 11. oktoobril ilmus meie kirjastuselt uus lasteraamat, Merle Omler \u201c\u00d5nnelikud loomad\u201d. Raamat on k\u00f5vade kaante ja v\u00e4rvilise sisuga. Raamatu m\u00f5\u00f5dud on 220\u00d7270 mm, maht 64 lehek\u00fclge. Toimetas Heli Hallik, pildid joonistas Anne Linnam\u00e4gi, k\u00fcljendas ja kaaned kujundas Vallo Hallik.<\/p>\n<p><strong>Raamatu tutvustus:<br \/>\n<\/strong>Kas tead, mis teeb sind \u00f5nnelikuks? Usun, et oled selle raamatu tegelastega n\u00f5us, et s\u00f5prade leidmine ja aitamine, hirmust \u00fclesaamine ning heade soovide t\u00e4itumine teevad s\u00fcdame alati r\u00f5\u00f5msaks.<\/p>\n<p>Raamatusse sisse vaatamiseks kl\u00f5psa <a href=\"https:\/\/fil.ee\/sisu\/Onnelikud_loomad_esimesed15lk.pdf\">siia<\/a>.<\/p>\n","protected":false},"excerpt":{"rendered":"<p>2021. aasta 11. oktoobril ilmus meie kirjastuselt uus lasteraamat, Merle Omler \u201c\u00d5nnelikud loomad\u201d. Raamat on k\u00f5vade kaante ja v\u00e4rvilise sisuga. Raamatu m\u00f5\u00f5dud on 220\u00d7270 mm, maht 64 lehek\u00fclge. Toimetas Heli Hallik, pildid joonistas Anne Linnam\u00e4gi, k\u00fcljendas ja kaaned kujundas Vallo Hallik. Raamatu tutvustus: Kas tead, mis teeb sind \u00f5nnelikuks? Usun, et oled selle raamatu tegelastega [&hellip;]<\/p>\n","protected":false},"featured_media":1593,"comment_status":"open","ping_status":"closed","template":"","meta":[],"product_brand":[],"product_cat":[22],"product_tag":[],"class_list":{"0":"post-1635","1":"product","2":"type-product","3":"status-publish","4":"has-post-thumbnail","6":"product_cat-lastele","8":"first","9":"instock","10":"taxable","11":"shipping-taxable","12":"purchasable","13":"product-type-simple"},"_links":{"self":[{"href":"https:\/\/fil.ee\/uus\/wp-json\/wp\/v2\/product\/1635","targetHints":{"allow":["GET"]}}],"collection":[{"href":"https:\/\/fil.ee\/uus\/wp-json\/wp\/v2\/product"}],"about":[{"href":"https:\/\/fil.ee\/uus\/wp-json\/wp\/v2\/types\/product"}],"replies":[{"embeddable":true,"href":"https:\/\/fil.ee\/uus\/wp-json\/wp\/v2\/comments?post=1635"}],"wp:featuredmedia":[{"embeddable":true,"href":"https:\/\/fil.ee\/uus\/wp-json\/wp\/v2\/media\/1593"}],"wp:attachment":[{"href":"https:\/\/fil.ee\/uus\/wp-json\/wp\/v2\/media?parent=1635"}],"wp:term":[{"taxonomy":"product_brand","embeddable":true,"href":"https:\/\/fil.ee\/uus\/wp-json\/wp\/v2\/product_brand?post=1635"},{"taxonomy":"product_cat","embeddable":true,"href":"https:\/\/fil.ee\/uus\/wp-json\/wp\/v2\/product_cat?post=1635"},{"taxonomy":"product_tag","embeddable":true,"href":"https:\/\/fil.ee\/uus\/wp-json\/wp\/v2\/product_tag?post=1635"}],"curies":[{"name":"wp","href":"https:\/\/api.w.org\/{rel}","templated":true}]}}