{"id":1634,"date":"2021-10-10T22:17:00","date_gmt":"2021-10-10T19:17:00","guid":{"rendered":"https:\/\/fil.ee\/uus\/?post_type=product&#038;p=1634"},"modified":"2023-07-26T19:12:23","modified_gmt":"2023-07-26T16:12:23","slug":"britta-vannipaev","status":"publish","type":"product","link":"https:\/\/fil.ee\/uus\/toode\/britta-vannipaev\/","title":{"rendered":"Britta vannip\u00e4ev"},"content":{"rendered":"<p>2021. aasta 11. oktoobril ilmus meie kirjastuselt uus lasteraamat, Maria Lepmaa \u201cBritta vannip\u00e4ev\u201d. Raamat on k\u00f5vade kaante ja v\u00e4rvilise sisuga. Raamatu m\u00f5\u00f5dud on 176\u00d7250 mm, maht 36 lehek\u00fclge. Toimetas Irene \u00d5mblus, pildid joonistas Jana Valge, k\u00fcljendas ja kaaned kujundas Vallo Hallik.<\/p>\n<p><strong>Raamatu tutvustus:<br \/>\n<\/strong>Britta on vahva k\u00e4\u00e4buspuudel. Talle meeldib v\u00e4ga m\u00e4ngida ja sussi n\u00e4rida. Brittal on hoolitsev perenaine Sirje. Vabal p\u00e4eval vannitab ta oma v\u00e4ikest koerakest. Vahel juhtub, et Britta h\u00fcppab vannist v\u00e4lja ja pritsib k\u00f5ik m\u00e4rjaks. See v\u00e4sitab Britta nii \u00e4ra, et ta poeb pessa ja j\u00e4\u00e4b kohe magama.<\/p>\n<p>Raamatusse sisse vaatamiseks kl\u00f5psa <a href=\"https:\/\/fil.ee\/sisu\/Britta_vannipaev_esimesed15lk.pdf\">siia<\/a>.<\/p>\n","protected":false},"excerpt":{"rendered":"<p>2021. aasta 11. oktoobril ilmus meie kirjastuselt uus lasteraamat, Maria Lepmaa \u201cBritta vannip\u00e4ev\u201d. Raamat on k\u00f5vade kaante ja v\u00e4rvilise sisuga. Raamatu m\u00f5\u00f5dud on 176\u00d7250 mm, maht 36 lehek\u00fclge. Toimetas Irene \u00d5mblus, pildid joonistas Jana Valge, k\u00fcljendas ja kaaned kujundas Vallo Hallik. Raamatu tutvustus: Britta on vahva k\u00e4\u00e4buspuudel. Talle meeldib v\u00e4ga m\u00e4ngida ja sussi n\u00e4rida. Brittal [&hellip;]<\/p>\n","protected":false},"featured_media":1594,"comment_status":"open","ping_status":"closed","template":"","meta":[],"product_brand":[],"product_cat":[22],"product_tag":[],"class_list":{"0":"post-1634","1":"product","2":"type-product","3":"status-publish","4":"has-post-thumbnail","6":"product_cat-lastele","8":"first","9":"instock","10":"taxable","11":"shipping-taxable","12":"purchasable","13":"product-type-simple"},"_links":{"self":[{"href":"https:\/\/fil.ee\/uus\/wp-json\/wp\/v2\/product\/1634","targetHints":{"allow":["GET"]}}],"collection":[{"href":"https:\/\/fil.ee\/uus\/wp-json\/wp\/v2\/product"}],"about":[{"href":"https:\/\/fil.ee\/uus\/wp-json\/wp\/v2\/types\/product"}],"replies":[{"embeddable":true,"href":"https:\/\/fil.ee\/uus\/wp-json\/wp\/v2\/comments?post=1634"}],"wp:featuredmedia":[{"embeddable":true,"href":"https:\/\/fil.ee\/uus\/wp-json\/wp\/v2\/media\/1594"}],"wp:attachment":[{"href":"https:\/\/fil.ee\/uus\/wp-json\/wp\/v2\/media?parent=1634"}],"wp:term":[{"taxonomy":"product_brand","embeddable":true,"href":"https:\/\/fil.ee\/uus\/wp-json\/wp\/v2\/product_brand?post=1634"},{"taxonomy":"product_cat","embeddable":true,"href":"https:\/\/fil.ee\/uus\/wp-json\/wp\/v2\/product_cat?post=1634"},{"taxonomy":"product_tag","embeddable":true,"href":"https:\/\/fil.ee\/uus\/wp-json\/wp\/v2\/product_tag?post=1634"}],"curies":[{"name":"wp","href":"https:\/\/api.w.org\/{rel}","templated":true}]}}