{"id":1583,"date":"2021-09-09T13:44:42","date_gmt":"2021-09-09T10:44:42","guid":{"rendered":"https:\/\/fil.ee\/uus\/?post_type=product&#038;p=1583"},"modified":"2023-07-26T19:15:00","modified_gmt":"2023-07-26T16:15:00","slug":"lilleline-luuleaed","status":"publish","type":"product","link":"https:\/\/fil.ee\/uus\/toode\/lilleline-luuleaed\/","title":{"rendered":"Lilleline luuleaed"},"content":{"rendered":"<p style=\"text-align: justify;\">2021. aasta 9. septembril ilmus meie kirjastuselt uus luuleraamat, \u00dclle Rand \u201cLilleline luuleaed\u201d. Raamat on pehmete kaante ja v\u00e4rvilise sisuga. Raamatu m\u00f5\u00f5dud on 148\u00d7210 mm, maht 96 lehek\u00fclge. Toimetas Irene \u00d5mblus, k\u00fcljendas ja kaaned kujundas Vallo Hallik.<\/p>\n<p style=\"text-align: justify;\"><strong>Raamatu tutvustus:<br \/>\n<\/strong>Selle kolmanda raamatuga astun veel kord noorusmaale, hoian k\u00e4es ilusat m\u00e4lestuste \u00f5it, aga vaatan ka mure silmadesse.<br \/>\nL\u00f5petuseks \u00fctlen, et luuletused on kui lilled.<br \/>\nHead lugemist!<\/p>\n<p style=\"text-align: right;\">Armastusega \u00dclle<\/p>\n<p>Raamatusse sisse vaatamiseks kl\u00f5psa <a href=\"https:\/\/fil.ee\/sisu\/Lilleline_luuleaed_esimesed15lk.pdf\">siia<\/a>.<\/p>\n","protected":false},"excerpt":{"rendered":"<p>2021. aasta 9. septembril ilmus meie kirjastuselt uus luuleraamat, \u00dclle Rand \u201cLilleline luuleaed\u201d. Raamat on pehmete kaante ja v\u00e4rvilise sisuga. Raamatu m\u00f5\u00f5dud on 148\u00d7210 mm, maht 96 lehek\u00fclge. Toimetas Irene \u00d5mblus, k\u00fcljendas ja kaaned kujundas Vallo Hallik. Raamatu tutvustus: Selle kolmanda raamatuga astun veel kord noorusmaale, hoian k\u00e4es ilusat m\u00e4lestuste \u00f5it, aga vaatan ka mure [&hellip;]<\/p>\n","protected":false},"featured_media":1581,"comment_status":"open","ping_status":"closed","template":"","meta":[],"product_brand":[],"product_cat":[286],"product_tag":[],"class_list":{"0":"post-1583","1":"product","2":"type-product","3":"status-publish","4":"has-post-thumbnail","6":"product_cat-archive","8":"first","9":"outofstock","10":"taxable","11":"shipping-taxable","12":"product-type-simple"},"_links":{"self":[{"href":"https:\/\/fil.ee\/uus\/wp-json\/wp\/v2\/product\/1583","targetHints":{"allow":["GET"]}}],"collection":[{"href":"https:\/\/fil.ee\/uus\/wp-json\/wp\/v2\/product"}],"about":[{"href":"https:\/\/fil.ee\/uus\/wp-json\/wp\/v2\/types\/product"}],"replies":[{"embeddable":true,"href":"https:\/\/fil.ee\/uus\/wp-json\/wp\/v2\/comments?post=1583"}],"wp:featuredmedia":[{"embeddable":true,"href":"https:\/\/fil.ee\/uus\/wp-json\/wp\/v2\/media\/1581"}],"wp:attachment":[{"href":"https:\/\/fil.ee\/uus\/wp-json\/wp\/v2\/media?parent=1583"}],"wp:term":[{"taxonomy":"product_brand","embeddable":true,"href":"https:\/\/fil.ee\/uus\/wp-json\/wp\/v2\/product_brand?post=1583"},{"taxonomy":"product_cat","embeddable":true,"href":"https:\/\/fil.ee\/uus\/wp-json\/wp\/v2\/product_cat?post=1583"},{"taxonomy":"product_tag","embeddable":true,"href":"https:\/\/fil.ee\/uus\/wp-json\/wp\/v2\/product_tag?post=1583"}],"curies":[{"name":"wp","href":"https:\/\/api.w.org\/{rel}","templated":true}]}}