{"id":1578,"date":"2021-09-08T23:32:52","date_gmt":"2021-09-08T20:32:52","guid":{"rendered":"https:\/\/fil.ee\/uus\/?post_type=product&#038;p=1578"},"modified":"2023-07-26T19:16:08","modified_gmt":"2023-07-26T16:16:08","slug":"kahe-eesti-vahel","status":"publish","type":"product","link":"https:\/\/fil.ee\/uus\/toode\/kahe-eesti-vahel\/","title":{"rendered":"Kahe Eesti vahel"},"content":{"rendered":"<p style=\"text-align: justify;\">2021. aasta 9. septembril ilmus meie kirjastuselt uus luuleraamat, Margit Peterson \u201cKahe Eesti vahel\u201d. Raamat on pehmete kaante ja mustvalge sisuga. Raamatu m\u00f5\u00f5dud on 123\u00d7200 mm, maht 92 lehek\u00fclge. Toimetas Anneli Sihvart, k\u00fcljendas ja kaaned kujundas Vallo Hallik.<\/p>\n<p><strong>Raamatu tutvustus:<br \/>\n<\/strong>Miks on raamatu pealkirjaks \u201cKahe Eesti vahel\u201d? Aga meil ju eksisteerib rohkem kui 2 Eestit. Olgu see siis otseses v\u00f5i kaudses m\u00f5ttes. Ma ise arvan ennast j\u00e4\u00e4vat sinna vahele. Ei ole mina Chaneliga l\u00f5hnastatud hinnalises mantlis kuldhammastega naine ega kolmek\u00fcmnekraadilise seljakurviga poolpime l\u00e4kastav taat. Mina olen mina, inimene kahe Eesti vahel. See luuleraamat ei ole lembel\u00fc\u00fcrikutele!<br \/>\nMargit Peterson<\/p>\n<p>Raamatusse sisse vaatamiseks kl\u00f5psa<a href=\"https:\/\/fil.ee\/sisu\/Kahe_Eesti_vahel_esimesed15lk.pdf\"> siia<\/a>.<\/p>\n","protected":false},"excerpt":{"rendered":"<p>2021. aasta 9. septembril ilmus meie kirjastuselt uus luuleraamat, Margit Peterson \u201cKahe Eesti vahel\u201d. Raamat on pehmete kaante ja mustvalge sisuga. Raamatu m\u00f5\u00f5dud on 123\u00d7200 mm, maht 92 lehek\u00fclge. Toimetas Anneli Sihvart, k\u00fcljendas ja kaaned kujundas Vallo Hallik. Raamatu tutvustus: Miks on raamatu pealkirjaks \u201cKahe Eesti vahel\u201d? Aga meil ju eksisteerib rohkem kui 2 Eestit. [&hellip;]<\/p>\n","protected":false},"featured_media":1579,"comment_status":"open","ping_status":"closed","template":"","meta":[],"product_brand":[],"product_cat":[23],"product_tag":[],"class_list":{"0":"post-1578","1":"product","2":"type-product","3":"status-publish","4":"has-post-thumbnail","6":"product_cat-luule","8":"first","9":"instock","10":"taxable","11":"shipping-taxable","12":"purchasable","13":"product-type-simple"},"_links":{"self":[{"href":"https:\/\/fil.ee\/uus\/wp-json\/wp\/v2\/product\/1578","targetHints":{"allow":["GET"]}}],"collection":[{"href":"https:\/\/fil.ee\/uus\/wp-json\/wp\/v2\/product"}],"about":[{"href":"https:\/\/fil.ee\/uus\/wp-json\/wp\/v2\/types\/product"}],"replies":[{"embeddable":true,"href":"https:\/\/fil.ee\/uus\/wp-json\/wp\/v2\/comments?post=1578"}],"wp:featuredmedia":[{"embeddable":true,"href":"https:\/\/fil.ee\/uus\/wp-json\/wp\/v2\/media\/1579"}],"wp:attachment":[{"href":"https:\/\/fil.ee\/uus\/wp-json\/wp\/v2\/media?parent=1578"}],"wp:term":[{"taxonomy":"product_brand","embeddable":true,"href":"https:\/\/fil.ee\/uus\/wp-json\/wp\/v2\/product_brand?post=1578"},{"taxonomy":"product_cat","embeddable":true,"href":"https:\/\/fil.ee\/uus\/wp-json\/wp\/v2\/product_cat?post=1578"},{"taxonomy":"product_tag","embeddable":true,"href":"https:\/\/fil.ee\/uus\/wp-json\/wp\/v2\/product_tag?post=1578"}],"curies":[{"name":"wp","href":"https:\/\/api.w.org\/{rel}","templated":true}]}}