{"id":1576,"date":"2021-09-07T11:43:37","date_gmt":"2021-09-07T08:43:37","guid":{"rendered":"https:\/\/fil.ee\/uus\/?post_type=product&#038;p=1576"},"modified":"2023-07-26T20:38:16","modified_gmt":"2023-07-26T17:38:16","slug":"tiibade-sirutus","status":"publish","type":"product","link":"https:\/\/fil.ee\/uus\/toode\/tiibade-sirutus\/","title":{"rendered":"Tiibade sirutus"},"content":{"rendered":"<p style=\"text-align: justify;\">\u00a02021. aasta 9. septembril ilmus meie kirjastuselt uus luuleraamat, Siiri Metsam\u00e4gi, \u00d5nne Piiri &#8220;Tiibade sirutus&#8221;. Raamat on k\u00f5vade kaante ja v\u00e4rvilise sisuga. Raamatu m\u00f5\u00f5dud on 176&#215;150 mm, maht 52 lehek\u00fclge. K\u00fcljendas ja kaaned kujundas Vallo Hallik.<\/p>\n<p style=\"text-align: justify;\"><strong>Raamatu tutvustus:<br \/>\n<\/strong>Muutused saadavad meid alati ja igal pool. Ikka leidub hetki, kui alustame uuesti ja kulgeme tundmatule rajale, kogedes nii p\u00f5lemist kui t\u00e4hesadu, samas m\u00f5istes, et \u00f6\u00f6s on asju, ning et ei ole ainult must ja valge. Nagu liblikas, kes nukukestast kohmakalt v\u00e4lja ronib, ei tea meiegi oma lennuv\u00f5imest enne, kui avame tiivad. Tuleb lihtsalt usaldada ja liuelda tulevikule vastu.<br \/>\nV\u00e4rviliste \u00f5lipastellmaalidega illustreeritud luuleraamatust leiab r\u00f5\u00f5mu ja lohutust, kirge ja armastust nii endale kui kinkimiseks.<\/p>\n<p>Raamatusse sisse vaatamiseks kl\u00f5psa <a href=\"https:\/\/fil.ee\/sisu\/Tiibade_sirutus_esimesed15lk.pdf\">siia<\/a>.<\/p>\n","protected":false},"excerpt":{"rendered":"<p>\u00a02021. aasta 9. septembril ilmus meie kirjastuselt uus luuleraamat, Siiri Metsam\u00e4gi, \u00d5nne Piiri &#8220;Tiibade sirutus&#8221;. Raamat on k\u00f5vade kaante ja v\u00e4rvilise sisuga. Raamatu m\u00f5\u00f5dud on 176&#215;150 mm, maht 52 lehek\u00fclge. K\u00fcljendas ja kaaned kujundas Vallo Hallik. Raamatu tutvustus: Muutused saadavad meid alati ja igal pool. Ikka leidub hetki, kui alustame uuesti ja kulgeme tundmatule rajale, [&hellip;]<\/p>\n","protected":false},"featured_media":1577,"comment_status":"open","ping_status":"closed","template":"","meta":[],"product_brand":[],"product_cat":[20,23],"product_tag":[],"class_list":{"0":"post-1576","1":"product","2":"type-product","3":"status-publish","4":"has-post-thumbnail","6":"product_cat-kinkeraamat","7":"product_cat-luule","9":"first","10":"instock","11":"sale","12":"taxable","13":"shipping-taxable","14":"purchasable","15":"product-type-simple"},"_links":{"self":[{"href":"https:\/\/fil.ee\/uus\/wp-json\/wp\/v2\/product\/1576","targetHints":{"allow":["GET"]}}],"collection":[{"href":"https:\/\/fil.ee\/uus\/wp-json\/wp\/v2\/product"}],"about":[{"href":"https:\/\/fil.ee\/uus\/wp-json\/wp\/v2\/types\/product"}],"replies":[{"embeddable":true,"href":"https:\/\/fil.ee\/uus\/wp-json\/wp\/v2\/comments?post=1576"}],"wp:featuredmedia":[{"embeddable":true,"href":"https:\/\/fil.ee\/uus\/wp-json\/wp\/v2\/media\/1577"}],"wp:attachment":[{"href":"https:\/\/fil.ee\/uus\/wp-json\/wp\/v2\/media?parent=1576"}],"wp:term":[{"taxonomy":"product_brand","embeddable":true,"href":"https:\/\/fil.ee\/uus\/wp-json\/wp\/v2\/product_brand?post=1576"},{"taxonomy":"product_cat","embeddable":true,"href":"https:\/\/fil.ee\/uus\/wp-json\/wp\/v2\/product_cat?post=1576"},{"taxonomy":"product_tag","embeddable":true,"href":"https:\/\/fil.ee\/uus\/wp-json\/wp\/v2\/product_tag?post=1576"}],"curies":[{"name":"wp","href":"https:\/\/api.w.org\/{rel}","templated":true}]}}