{"id":1573,"date":"2021-09-01T10:06:32","date_gmt":"2021-09-01T07:06:32","guid":{"rendered":"https:\/\/fil.ee\/uus\/?post_type=product&#038;p=1573"},"modified":"2025-10-07T07:58:04","modified_gmt":"2025-10-07T04:58:04","slug":"katu-ja-kerdo-joulukuu","status":"publish","type":"product","link":"https:\/\/fil.ee\/uus\/toode\/katu-ja-kerdo-joulukuu\/","title":{"rendered":"K\u00e4tu ja Kerdo j\u00f5ulukuu"},"content":{"rendered":"<p>2021. aasta 1. septembril ilmus meie kirjastuselt uus lasteraamat, Maria Lepmaa \u201cK\u00e4tu ja Kerdo j\u00f5ulukuu\u201d. Raamat on pehmete kaante ja mustvalge sisuga. Tekst on kirjutatud tr\u00fckit\u00e4htedega, pildid on m\u00f5eldud lastele v\u00e4rvimiseks. Raamatu m\u00f5\u00f5dud on 176\u00d7250 mm, maht 32 lehek\u00fclge. Toimetas Irene \u00d5mblus, illustreeris Jana Valge, k\u00fcljendas ja kaaned kujundas Vallo Hallik.<\/p>\n<p><strong>Raamatu tutvustus:<br \/>\n<\/strong>VAHVATE PILTIDEGA V\u00c4RVIRAAMAT \u00d5E JA VENNA TALVISTEST TEGEMISTEST. LUGEMISE HARJUTAMISEKS ON IGA PILDI JUURES KA V\u00c4IKE KIRJELDUS.<\/p>\n<p>Raamatusse sisse vaatamiseks kl\u00f5psa <a href=\"https:\/\/fil.ee\/sisu\/Katu_ja_Kerdo_joulukuu_esimesed15lk.pdf\">siia<\/a>.<\/p>\n","protected":false},"excerpt":{"rendered":"<p>2021. aasta 1. septembril ilmus meie kirjastuselt uus lasteraamat, Maria Lepmaa \u201cK\u00e4tu ja Kerdo j\u00f5ulukuu\u201d. Raamat on pehmete kaante ja mustvalge sisuga. Tekst on kirjutatud tr\u00fckit\u00e4htedega, pildid on m\u00f5eldud lastele v\u00e4rvimiseks. Raamatu m\u00f5\u00f5dud on 176\u00d7250 mm, maht 32 lehek\u00fclge. Toimetas Irene \u00d5mblus, illustreeris Jana Valge, k\u00fcljendas ja kaaned kujundas Vallo Hallik. Raamatu tutvustus: VAHVATE PILTIDEGA [&hellip;]<\/p>\n","protected":false},"featured_media":1571,"comment_status":"open","ping_status":"closed","template":"","meta":[],"product_brand":[],"product_cat":[22],"product_tag":[],"class_list":{"0":"post-1573","1":"product","2":"type-product","3":"status-publish","4":"has-post-thumbnail","6":"product_cat-lastele","8":"first","9":"instock","10":"taxable","11":"shipping-taxable","12":"purchasable","13":"product-type-simple"},"_links":{"self":[{"href":"https:\/\/fil.ee\/uus\/wp-json\/wp\/v2\/product\/1573","targetHints":{"allow":["GET"]}}],"collection":[{"href":"https:\/\/fil.ee\/uus\/wp-json\/wp\/v2\/product"}],"about":[{"href":"https:\/\/fil.ee\/uus\/wp-json\/wp\/v2\/types\/product"}],"replies":[{"embeddable":true,"href":"https:\/\/fil.ee\/uus\/wp-json\/wp\/v2\/comments?post=1573"}],"wp:featuredmedia":[{"embeddable":true,"href":"https:\/\/fil.ee\/uus\/wp-json\/wp\/v2\/media\/1571"}],"wp:attachment":[{"href":"https:\/\/fil.ee\/uus\/wp-json\/wp\/v2\/media?parent=1573"}],"wp:term":[{"taxonomy":"product_brand","embeddable":true,"href":"https:\/\/fil.ee\/uus\/wp-json\/wp\/v2\/product_brand?post=1573"},{"taxonomy":"product_cat","embeddable":true,"href":"https:\/\/fil.ee\/uus\/wp-json\/wp\/v2\/product_cat?post=1573"},{"taxonomy":"product_tag","embeddable":true,"href":"https:\/\/fil.ee\/uus\/wp-json\/wp\/v2\/product_tag?post=1573"}],"curies":[{"name":"wp","href":"https:\/\/api.w.org\/{rel}","templated":true}]}}