{"id":1566,"date":"2021-08-10T20:03:27","date_gmt":"2021-08-10T17:03:27","guid":{"rendered":"https:\/\/fil.ee\/uus\/?post_type=product&#038;p=1566"},"modified":"2023-07-26T20:41:30","modified_gmt":"2023-07-26T17:41:30","slug":"monoloogid-maalile","status":"publish","type":"product","link":"https:\/\/fil.ee\/uus\/toode\/monoloogid-maalile\/","title":{"rendered":"Monoloogid Maalile"},"content":{"rendered":"<p>2021. aasta 10. augustil ilmus meie kirjastuselt uus raamat, Anneli Lamp \u201cMonoloogid Mallile\u201d, mis on k\u00f5vade kaante ja mustvalge sisuga. Raamatu m\u00f5\u00f5dud on 125\u00d7176 mm, maht 184 lehek\u00fclge. Toimetas Heli Hallik, k\u00fcljendas ja kaaned kujundas Vallo Hallik.<\/p>\n<p><strong>Raamatu tutvustus:<br \/>\n<\/strong>Maali oli v\u00e4ega naine. Rahvaarst, k\u00fcla \u00e4mmaemand, kaardipanija, tervendaja, esiema oma j\u00e4reltulijatele \u2026 Raamatus on igiammu elanud inimeste omavahel p\u00f5imunud lood t\u00e4nap\u00e4evase pilgu l\u00e4bi.<\/p>\n<p>Raamatusse sisse vaatamiseks kl\u00f5psa <a href=\"https:\/\/fil.ee\/sisu\/Monoloogid_Maalile_esimesed15lk.pdf\">siia<\/a>.<\/p>\n","protected":false},"excerpt":{"rendered":"<p>2021. aasta 10. augustil ilmus meie kirjastuselt uus raamat, Anneli Lamp \u201cMonoloogid Mallile\u201d, mis on k\u00f5vade kaante ja mustvalge sisuga. Raamatu m\u00f5\u00f5dud on 125\u00d7176 mm, maht 184 lehek\u00fclge. Toimetas Heli Hallik, k\u00fcljendas ja kaaned kujundas Vallo Hallik. Raamatu tutvustus: Maali oli v\u00e4ega naine. Rahvaarst, k\u00fcla \u00e4mmaemand, kaardipanija, tervendaja, esiema oma j\u00e4reltulijatele \u2026 Raamatus on igiammu [&hellip;]<\/p>\n","protected":false},"featured_media":1564,"comment_status":"open","ping_status":"closed","template":"","meta":[],"product_brand":[],"product_cat":[286],"product_tag":[],"class_list":{"0":"post-1566","1":"product","2":"type-product","3":"status-publish","4":"has-post-thumbnail","6":"product_cat-archive","8":"first","9":"outofstock","10":"taxable","11":"shipping-taxable","12":"product-type-simple"},"_links":{"self":[{"href":"https:\/\/fil.ee\/uus\/wp-json\/wp\/v2\/product\/1566","targetHints":{"allow":["GET"]}}],"collection":[{"href":"https:\/\/fil.ee\/uus\/wp-json\/wp\/v2\/product"}],"about":[{"href":"https:\/\/fil.ee\/uus\/wp-json\/wp\/v2\/types\/product"}],"replies":[{"embeddable":true,"href":"https:\/\/fil.ee\/uus\/wp-json\/wp\/v2\/comments?post=1566"}],"wp:featuredmedia":[{"embeddable":true,"href":"https:\/\/fil.ee\/uus\/wp-json\/wp\/v2\/media\/1564"}],"wp:attachment":[{"href":"https:\/\/fil.ee\/uus\/wp-json\/wp\/v2\/media?parent=1566"}],"wp:term":[{"taxonomy":"product_brand","embeddable":true,"href":"https:\/\/fil.ee\/uus\/wp-json\/wp\/v2\/product_brand?post=1566"},{"taxonomy":"product_cat","embeddable":true,"href":"https:\/\/fil.ee\/uus\/wp-json\/wp\/v2\/product_cat?post=1566"},{"taxonomy":"product_tag","embeddable":true,"href":"https:\/\/fil.ee\/uus\/wp-json\/wp\/v2\/product_tag?post=1566"}],"curies":[{"name":"wp","href":"https:\/\/api.w.org\/{rel}","templated":true}]}}