{"id":1552,"date":"2021-07-20T19:19:33","date_gmt":"2021-07-20T16:19:33","guid":{"rendered":"https:\/\/fil.ee\/uus\/?post_type=product&#038;p=1552"},"modified":"2023-11-05T09:22:22","modified_gmt":"2023-11-05T07:22:22","slug":"millisena-ma-tahan-et-sa-mind-naed","status":"publish","type":"product","link":"https:\/\/fil.ee\/uus\/toode\/millisena-ma-tahan-et-sa-mind-naed\/","title":{"rendered":"Millisena ma tahan, et sa mind n\u00e4ed"},"content":{"rendered":"<p style=\"text-align: justify;\">2021. aasta 20. juulil ilmus meie kirjastuselt uus luulekogu Sirly-Ann Merik\u00fcll \u201cMillisena ma tahan, et sa mind n\u00e4ed\u201d. Raamat on pehmete kaante ja mustvalge sisuga. Raamatu m\u00f5\u00f5dud on 110\u00d7210 mm, maht 88 lehek\u00fclge. Toimetas S. M. Rattiste, k\u00fcljendas ja kaaned kujundas Vallo Hallik.<\/p>\n<p><strong>Raamatu tutvustus:<br \/>\n<\/strong>vihmapiisad plekk-katusel kui<br \/>\nsekundiseier<br \/>\ntuul puhub vaikselt minuteid<br \/>\non maailm andnud aja meile<br \/>\nkuid kuhugi ei ole kiire<br \/>\nv\u00f5ib lihtsalt ajaveega kulgeda<br \/>\nnihutades pehmeid piire<br \/>\nv\u00f5i ennast ajakapsli sisse sulgeda<\/p>\n<p>ei l\u00f5ppe aeg kui loojub p\u00e4ike<br \/>\nja vaibunud on tuul<br \/>\nSu silmist h\u00f5bevalge l\u00e4ike<br \/>\nviib alles ajakulgu muutev suund<\/p>\n<p style=\"text-align: justify;\">Autori teises luulekogus leiab kulgemist, armastust, teel olemist ja koju j\u00f5udmist, aga ka unetust ning s\u00fcdame-\u00a0 ja maailmavalu.<\/p>\n<p>Raamatusse sisse vaatamiseks kl\u00f5psa <a href=\"https:\/\/fil.ee\/sisu\/Millisena_ma_tahan,_et_sa_mind_naed_esimesed15lk.pdf\">siia<\/a>.<\/p>\n","protected":false},"excerpt":{"rendered":"<p>2021. aasta 20. juulil ilmus meie kirjastuselt uus luulekogu Sirly-Ann Merik\u00fcll \u201cMillisena ma tahan, et sa mind n\u00e4ed\u201d. Raamat on pehmete kaante ja mustvalge sisuga. Raamatu m\u00f5\u00f5dud on 110\u00d7210 mm, maht 88 lehek\u00fclge. Toimetas S. M. Rattiste, k\u00fcljendas ja kaaned kujundas Vallo Hallik. Raamatu tutvustus: vihmapiisad plekk-katusel kui sekundiseier tuul puhub vaikselt minuteid on maailm [&hellip;]<\/p>\n","protected":false},"featured_media":1550,"comment_status":"open","ping_status":"closed","template":"","meta":[],"product_brand":[],"product_cat":[23],"product_tag":[],"class_list":{"0":"post-1552","1":"product","2":"type-product","3":"status-publish","4":"has-post-thumbnail","6":"product_cat-luule","8":"first","9":"outofstock","10":"sale","11":"taxable","12":"shipping-taxable","13":"purchasable","14":"product-type-simple"},"_links":{"self":[{"href":"https:\/\/fil.ee\/uus\/wp-json\/wp\/v2\/product\/1552","targetHints":{"allow":["GET"]}}],"collection":[{"href":"https:\/\/fil.ee\/uus\/wp-json\/wp\/v2\/product"}],"about":[{"href":"https:\/\/fil.ee\/uus\/wp-json\/wp\/v2\/types\/product"}],"replies":[{"embeddable":true,"href":"https:\/\/fil.ee\/uus\/wp-json\/wp\/v2\/comments?post=1552"}],"wp:featuredmedia":[{"embeddable":true,"href":"https:\/\/fil.ee\/uus\/wp-json\/wp\/v2\/media\/1550"}],"wp:attachment":[{"href":"https:\/\/fil.ee\/uus\/wp-json\/wp\/v2\/media?parent=1552"}],"wp:term":[{"taxonomy":"product_brand","embeddable":true,"href":"https:\/\/fil.ee\/uus\/wp-json\/wp\/v2\/product_brand?post=1552"},{"taxonomy":"product_cat","embeddable":true,"href":"https:\/\/fil.ee\/uus\/wp-json\/wp\/v2\/product_cat?post=1552"},{"taxonomy":"product_tag","embeddable":true,"href":"https:\/\/fil.ee\/uus\/wp-json\/wp\/v2\/product_tag?post=1552"}],"curies":[{"name":"wp","href":"https:\/\/api.w.org\/{rel}","templated":true}]}}