{"id":1505,"date":"2021-06-14T13:26:07","date_gmt":"2021-06-14T10:26:07","guid":{"rendered":"https:\/\/fil.ee\/uus\/?post_type=product&#038;p=1505"},"modified":"2026-03-05T19:45:22","modified_gmt":"2026-03-05T17:45:22","slug":"kaugete-aegade-kaja","status":"publish","type":"product","link":"https:\/\/fil.ee\/uus\/toode\/kaugete-aegade-kaja\/","title":{"rendered":"Kaugete aegade kaja"},"content":{"rendered":"<p>2021. aasta 17. juunil ilmus meie kirjastuselt uus raamat, Tiit Sepp \u201cKaugete aegade kaja\u201d, mis on k\u00f5vade kaante ja mustvalge sisuga. Raamatu m\u00f5\u00f5dud on 148\u00d7210 mm, maht 112 lehek\u00fclge. Toimetas Irene \u00d5mblus, k\u00fcljendas ja kaaned kujundas Vallo Hallik.<\/p>\n<p><strong>Raamatu tutvustus:<\/strong><br \/>\nMa ei saa \u00f6elda, nagu oleksin need lood ise v\u00e4lja m\u00f5elnud. Ma olen lihtsalt avanud ukse, kui minult on seda n\u00f5utud. Olen j\u00e4rginud saadud k\u00e4ske ja seej\u00e4rel on uks taas sulgunud. Siin on pikemaid ja l\u00fchemaid lugusid, on luulet isamaast, on inimesi kaugelt ja l\u00e4hemalt. On m\u00f5tteid hetkest ja on m\u00f5tteid ajastust.<\/p>\n<p>Raamatusse sisse vaatamiseks kl\u00f5psa <a href=\"https:\/\/fil.ee\/sisu\/Kaugete_aegade_kaja_esimesed15lk.pdf\">siia<\/a>.<\/p>\n","protected":false},"excerpt":{"rendered":"<p>2021. aasta 17. juunil ilmus meie kirjastuselt uus raamat, Tiit Sepp \u201cKaugete aegade kaja\u201d, mis on k\u00f5vade kaante ja mustvalge sisuga. Raamatu m\u00f5\u00f5dud on 148\u00d7210 mm, maht 112 lehek\u00fclge. Toimetas Irene \u00d5mblus, k\u00fcljendas ja kaaned kujundas Vallo Hallik. Raamatu tutvustus: Ma ei saa \u00f6elda, nagu oleksin need lood ise v\u00e4lja m\u00f5elnud. Ma olen lihtsalt avanud [&hellip;]<\/p>\n","protected":false},"featured_media":1506,"comment_status":"open","ping_status":"closed","template":"","meta":[],"product_brand":[],"product_cat":[286],"product_tag":[],"class_list":{"0":"post-1505","1":"product","2":"type-product","3":"status-publish","4":"has-post-thumbnail","6":"product_cat-archive","8":"first","9":"outofstock","10":"taxable","11":"shipping-taxable","12":"product-type-simple"},"_links":{"self":[{"href":"https:\/\/fil.ee\/uus\/wp-json\/wp\/v2\/product\/1505","targetHints":{"allow":["GET"]}}],"collection":[{"href":"https:\/\/fil.ee\/uus\/wp-json\/wp\/v2\/product"}],"about":[{"href":"https:\/\/fil.ee\/uus\/wp-json\/wp\/v2\/types\/product"}],"replies":[{"embeddable":true,"href":"https:\/\/fil.ee\/uus\/wp-json\/wp\/v2\/comments?post=1505"}],"wp:featuredmedia":[{"embeddable":true,"href":"https:\/\/fil.ee\/uus\/wp-json\/wp\/v2\/media\/1506"}],"wp:attachment":[{"href":"https:\/\/fil.ee\/uus\/wp-json\/wp\/v2\/media?parent=1505"}],"wp:term":[{"taxonomy":"product_brand","embeddable":true,"href":"https:\/\/fil.ee\/uus\/wp-json\/wp\/v2\/product_brand?post=1505"},{"taxonomy":"product_cat","embeddable":true,"href":"https:\/\/fil.ee\/uus\/wp-json\/wp\/v2\/product_cat?post=1505"},{"taxonomy":"product_tag","embeddable":true,"href":"https:\/\/fil.ee\/uus\/wp-json\/wp\/v2\/product_tag?post=1505"}],"curies":[{"name":"wp","href":"https:\/\/api.w.org\/{rel}","templated":true}]}}