{"id":1503,"date":"2021-06-14T13:20:34","date_gmt":"2021-06-14T10:20:34","guid":{"rendered":"https:\/\/fil.ee\/uus\/?post_type=product&#038;p=1503"},"modified":"2023-07-26T20:49:23","modified_gmt":"2023-07-26T17:49:23","slug":"naitemangud-i","status":"publish","type":"product","link":"https:\/\/fil.ee\/uus\/toode\/naitemangud-i\/","title":{"rendered":"N\u00e4item\u00e4ngud I"},"content":{"rendered":"<p>2021. aasta 17. juunil ilmus meie kirjastuselt uus raamat, Margus Oopkaup &#8220;N\u00e4item\u00e4ngud I&#8221;, mis on k\u00f5vade kaante ja mustvalge sisuga. Raamatu m\u00f5\u00f5dud on 148&#215;210 mm, maht 88 lehek\u00fclge. Toimetas Kristi Roots, k\u00fcljendas ja kaaned kujundas Vallo Hallik.<\/p>\n<p><strong>Raamatu tutvustus:<br \/>\n<\/strong>K\u00e4esolevas raamatus &#8220;N\u00e4item\u00e4ngud I&#8221; on 4 n\u00e4idendit:<br \/>\n&#8220;Aasta&#8221; \u2013 meie rahvakalendri t\u00e4htp\u00e4evadest, mis on unustuse h\u00f5lma vajunud.<br \/>\n&#8220;T\u00e4htp\u00e4evad&#8221; \u2013 ka meie rahvakalendri t\u00e4htp\u00e4evadest, mis on tegelastel t\u00e4ielikult sassi l\u00e4inud.<br \/>\n&#8220;J\u00f5uluvana jaanip\u00e4ev&#8221; \u2013 kogemata jaanip\u00e4eval \u00fcles\u00e4rganud Lumehelbekesse k\u00f5rvuni armunud J\u00f5uluvana kutsub endale k\u00fclla N\u00e4\u00e4rivana ja siis &#8230;<br \/>\n&#8220;Kristuse maailm&#8221; on piibliaineline ja r\u00e4\u00e4gib religioossest maailma loomisest.<br \/>\nMargus Oopkaup on l\u00f5petanud Lavakunstikooli X lennu ja t\u00f6\u00f6tanud 18 a. P\u00e4rnu teatris &#8220;Endla&#8221; n\u00e4itlejana. Aastast 2000 on ta vabakutseline n\u00e4itleja ja lavastaja.<br \/>\nTa on tegelenud harrastusteatrite lavastaja ja dramaturgina \u00fcle 30 aasta.<br \/>\nTema eesm\u00e4rgiks on olnud alati soov, et k\u00f5ik n\u00e4iteringis osalejad saaksid vastavalt oma v\u00f5imetele rolli. Sellist repertuaari leidmata j\u00e4i autori ainsaks lahenduseks hakata ise n\u00e4item\u00e4nge kirjutama.<\/p>\n<p>Raamatusse sisse vaatamiseks kl\u00f5psa <a href=\"https:\/\/fil.ee\/sisu\/Naitemangud_1_esimesed_15lk.pdf\">siia<\/a>.<\/p>\n","protected":false},"excerpt":{"rendered":"<p>2021. aasta 17. juunil ilmus meie kirjastuselt uus raamat, Margus Oopkaup &#8220;N\u00e4item\u00e4ngud I&#8221;, mis on k\u00f5vade kaante ja mustvalge sisuga. Raamatu m\u00f5\u00f5dud on 148&#215;210 mm, maht 88 lehek\u00fclge. Toimetas Kristi Roots, k\u00fcljendas ja kaaned kujundas Vallo Hallik. Raamatu tutvustus: K\u00e4esolevas raamatus &#8220;N\u00e4item\u00e4ngud I&#8221; on 4 n\u00e4idendit: &#8220;Aasta&#8221; \u2013 meie rahvakalendri t\u00e4htp\u00e4evadest, mis on unustuse h\u00f5lma [&hellip;]<\/p>\n","protected":false},"featured_media":1504,"comment_status":"open","ping_status":"closed","template":"","meta":[],"product_brand":[],"product_cat":[24],"product_tag":[],"class_list":{"0":"post-1503","1":"product","2":"type-product","3":"status-publish","4":"has-post-thumbnail","6":"product_cat-naidend","8":"first","9":"instock","10":"taxable","11":"shipping-taxable","12":"purchasable","13":"product-type-simple"},"_links":{"self":[{"href":"https:\/\/fil.ee\/uus\/wp-json\/wp\/v2\/product\/1503","targetHints":{"allow":["GET"]}}],"collection":[{"href":"https:\/\/fil.ee\/uus\/wp-json\/wp\/v2\/product"}],"about":[{"href":"https:\/\/fil.ee\/uus\/wp-json\/wp\/v2\/types\/product"}],"replies":[{"embeddable":true,"href":"https:\/\/fil.ee\/uus\/wp-json\/wp\/v2\/comments?post=1503"}],"wp:featuredmedia":[{"embeddable":true,"href":"https:\/\/fil.ee\/uus\/wp-json\/wp\/v2\/media\/1504"}],"wp:attachment":[{"href":"https:\/\/fil.ee\/uus\/wp-json\/wp\/v2\/media?parent=1503"}],"wp:term":[{"taxonomy":"product_brand","embeddable":true,"href":"https:\/\/fil.ee\/uus\/wp-json\/wp\/v2\/product_brand?post=1503"},{"taxonomy":"product_cat","embeddable":true,"href":"https:\/\/fil.ee\/uus\/wp-json\/wp\/v2\/product_cat?post=1503"},{"taxonomy":"product_tag","embeddable":true,"href":"https:\/\/fil.ee\/uus\/wp-json\/wp\/v2\/product_tag?post=1503"}],"curies":[{"name":"wp","href":"https:\/\/api.w.org\/{rel}","templated":true}]}}