{"id":1491,"date":"2021-05-25T10:08:45","date_gmt":"2021-05-25T07:08:45","guid":{"rendered":"https:\/\/fil.ee\/uus\/?post_type=product&#038;p=1491"},"modified":"2023-07-26T20:50:42","modified_gmt":"2023-07-26T17:50:42","slug":"tumedam-poolus","status":"publish","type":"product","link":"https:\/\/fil.ee\/uus\/toode\/tumedam-poolus\/","title":{"rendered":"Tumedam poolus"},"content":{"rendered":"<p>2021. aasta 25. mail ilmus meie kirjastuselt uus raamat, Kaidi Kangur &#8220;Tumedam poolus&#8221;, mis on pehmete kaante ja mustvalge sisuga. Raamatu m\u00f5\u00f5dud on 148&#215;210 mm, maht 292 lehek\u00fclge. Toimetas Kristi Roots, illustreeris T\u00f5nu Rehela, k\u00fcljendas ja kaaned kujundas Vallo Hallik.<\/p>\n<p><strong>Raamatu tutvustus:<br \/>\n<\/strong>\u201eMind varitseti. Kas Keeruk selle kohta ei maininud midagi? Igat sorti salakuulajad, arulagedad idioodid!\u201c<br \/>\n\u201eKeda sa t\u00e4pselt m\u00f5tled?\u201c p\u00e4ris Ronk t\u00fcdinult. \u201eIga kord kui kohtume, sarjad sa kedagi. R\u00e4\u00e4gi midagi uut!\u201c<br \/>\nTa oli koondanud oma pilgu Krati t\u00fchjale klaasile ning selles endiselt kihisevale puhtale hapnikule. Kratt limpsas keelega mitmeid kordi \u00fcle huulte ning kl\u00f5bistas oma manik\u00fc\u00fcritud s\u00f5rmedega vastu lauda.<br \/>\n\u201eSedapuhku olid need p\u00e4ris vaenlased. Aga las ma r\u00e4\u00e4gin sulle, kuidas k\u00f5ik t\u00e4pselt toimus. Saad ise otsustada, kui &#8230;\u201c ta heitis kahtlustava pilgu \u00fcle ruumi, \u201eohtlikuks olukord kujuneda v\u00f5ib.\u201c<\/p>\n<p>Kaidi Kangur on tuntust kogunud luuletusi ja laulus\u00f5nu kirjutades. Tal on ainulaadne oskus maalida kirjanikusulega v\u00e4rvikaid ruumilisi pilte. Kaidi meelik\u00f6itev jutustamislaad ja kujutlusv\u00f5imet tiivustavad kirjeldused p\u00f5imuvad k\u00e4esolevas raamatus kaasahaarava s\u00fc\u017eeeliiniga, mis viib lugeja m\u00fcstilisse v\u00f5lumaailma. Sarnaselt eelmistele raamatutele j\u00e4\u00e4b ka \u201eTumedam poolus\u201c p\u00e4rast l\u00e4bilugemist veel kauaks meeltesse helisema nagu kauni k\u00f5laga haldjakeel. \u2013 Leila Liivak<\/p>\n<p>Raamatusse sisse vaatamiseks kl\u00f5psa <a href=\"https:\/\/fil.ee\/sisu\/Tumedam_poolus_esimesed15lk.pdf\">siia<\/a>.<\/p>\n","protected":false},"excerpt":{"rendered":"<p>2021. aasta 25. mail ilmus meie kirjastuselt uus raamat, Kaidi Kangur &#8220;Tumedam poolus&#8221;, mis on pehmete kaante ja mustvalge sisuga. Raamatu m\u00f5\u00f5dud on 148&#215;210 mm, maht 292 lehek\u00fclge. Toimetas Kristi Roots, illustreeris T\u00f5nu Rehela, k\u00fcljendas ja kaaned kujundas Vallo Hallik. Raamatu tutvustus: \u201eMind varitseti. Kas Keeruk selle kohta ei maininud midagi? Igat sorti salakuulajad, arulagedad [&hellip;]<\/p>\n","protected":false},"featured_media":1489,"comment_status":"open","ping_status":"closed","template":"","meta":[],"product_brand":[],"product_cat":[19],"product_tag":[],"class_list":{"0":"post-1491","1":"product","2":"type-product","3":"status-publish","4":"has-post-thumbnail","6":"product_cat-ilukirjandus","8":"first","9":"instock","10":"taxable","11":"shipping-taxable","12":"purchasable","13":"product-type-simple"},"_links":{"self":[{"href":"https:\/\/fil.ee\/uus\/wp-json\/wp\/v2\/product\/1491","targetHints":{"allow":["GET"]}}],"collection":[{"href":"https:\/\/fil.ee\/uus\/wp-json\/wp\/v2\/product"}],"about":[{"href":"https:\/\/fil.ee\/uus\/wp-json\/wp\/v2\/types\/product"}],"replies":[{"embeddable":true,"href":"https:\/\/fil.ee\/uus\/wp-json\/wp\/v2\/comments?post=1491"}],"wp:featuredmedia":[{"embeddable":true,"href":"https:\/\/fil.ee\/uus\/wp-json\/wp\/v2\/media\/1489"}],"wp:attachment":[{"href":"https:\/\/fil.ee\/uus\/wp-json\/wp\/v2\/media?parent=1491"}],"wp:term":[{"taxonomy":"product_brand","embeddable":true,"href":"https:\/\/fil.ee\/uus\/wp-json\/wp\/v2\/product_brand?post=1491"},{"taxonomy":"product_cat","embeddable":true,"href":"https:\/\/fil.ee\/uus\/wp-json\/wp\/v2\/product_cat?post=1491"},{"taxonomy":"product_tag","embeddable":true,"href":"https:\/\/fil.ee\/uus\/wp-json\/wp\/v2\/product_tag?post=1491"}],"curies":[{"name":"wp","href":"https:\/\/api.w.org\/{rel}","templated":true}]}}