{"id":1463,"date":"2021-05-06T10:32:02","date_gmt":"2021-05-06T07:32:02","guid":{"rendered":"https:\/\/fil.ee\/uus\/?post_type=product&#038;p=1463"},"modified":"2023-07-26T20:53:17","modified_gmt":"2023-07-26T17:53:17","slug":"meenutusi-lapsepolvest-linda-kaas","status":"publish","type":"product","link":"https:\/\/fil.ee\/uus\/toode\/meenutusi-lapsepolvest-linda-kaas\/","title":{"rendered":"Meenutusi lapsep\u00f5lvest. Linda Kaas"},"content":{"rendered":"<p>2021. aasta 6. mail ilmus meie kirjastuselt uus m\u00e4lestusteraamat, Margit Peterson &#8220;Meenutusi lapsep\u00f5lvest. Linda Kaas&#8221;. Raamat on k\u00f5vade kaante ja mustvalge sisuga. Raamatu m\u00f5\u00f5dud on 134&#215;210 mm, maht 48 lehek\u00fclge. Toimetas Anneli Sihvart, k\u00fcljendas ja kaaned kujundas Vallo Hallik.<\/p>\n<p style=\"text-align: justify;\"><strong>Raamatu tutvustus:<br \/>\n<\/strong>S\u00fcndisin 1935. aasta 13.juulil Koonga k\u00fclas P\u00e4rnumaal. Minu neiup\u00f5lvenimi oli Linda Kiisk ja mind kutsuti perekonnanime j\u00e4rgi Kiisuks. Hakkan ennast m\u00e4letama nelja-viieaastasest peale.<br \/>\nMinu armas kodumaja asus maantee \u00e4\u00e4res.<br \/>\nM\u00e4ngisin lapsena kodu\u00f5ues, jooksin \u00fcmber maja koer Leo ja punase kassi Intsuga.<\/p>\n<p>Raamatusse sisse vaatamiseks kl\u00f5psa <a href=\"https:\/\/fil.ee\/sisu\/Meenutusi_lapsepolvest_Linda_Kaasik_esimesed_15.pdf\">siia<\/a>.<\/p>\n","protected":false},"excerpt":{"rendered":"<p>2021. aasta 6. mail ilmus meie kirjastuselt uus m\u00e4lestusteraamat, Margit Peterson &#8220;Meenutusi lapsep\u00f5lvest. Linda Kaas&#8221;. Raamat on k\u00f5vade kaante ja mustvalge sisuga. Raamatu m\u00f5\u00f5dud on 134&#215;210 mm, maht 48 lehek\u00fclge. Toimetas Anneli Sihvart, k\u00fcljendas ja kaaned kujundas Vallo Hallik. Raamatu tutvustus: S\u00fcndisin 1935. aasta 13.juulil Koonga k\u00fclas P\u00e4rnumaal. Minu neiup\u00f5lvenimi oli Linda Kiisk ja mind [&hellip;]<\/p>\n","protected":false},"featured_media":1314,"comment_status":"open","ping_status":"closed","template":"","meta":[],"product_brand":[],"product_cat":[16,19],"product_tag":[],"class_list":{"0":"post-1463","1":"product","2":"type-product","3":"status-publish","4":"has-post-thumbnail","6":"product_cat-elulugu","7":"product_cat-ilukirjandus","9":"first","10":"instock","11":"taxable","12":"shipping-taxable","13":"purchasable","14":"product-type-simple"},"_links":{"self":[{"href":"https:\/\/fil.ee\/uus\/wp-json\/wp\/v2\/product\/1463","targetHints":{"allow":["GET"]}}],"collection":[{"href":"https:\/\/fil.ee\/uus\/wp-json\/wp\/v2\/product"}],"about":[{"href":"https:\/\/fil.ee\/uus\/wp-json\/wp\/v2\/types\/product"}],"replies":[{"embeddable":true,"href":"https:\/\/fil.ee\/uus\/wp-json\/wp\/v2\/comments?post=1463"}],"wp:featuredmedia":[{"embeddable":true,"href":"https:\/\/fil.ee\/uus\/wp-json\/wp\/v2\/media\/1314"}],"wp:attachment":[{"href":"https:\/\/fil.ee\/uus\/wp-json\/wp\/v2\/media?parent=1463"}],"wp:term":[{"taxonomy":"product_brand","embeddable":true,"href":"https:\/\/fil.ee\/uus\/wp-json\/wp\/v2\/product_brand?post=1463"},{"taxonomy":"product_cat","embeddable":true,"href":"https:\/\/fil.ee\/uus\/wp-json\/wp\/v2\/product_cat?post=1463"},{"taxonomy":"product_tag","embeddable":true,"href":"https:\/\/fil.ee\/uus\/wp-json\/wp\/v2\/product_tag?post=1463"}],"curies":[{"name":"wp","href":"https:\/\/api.w.org\/{rel}","templated":true}]}}