{"id":1318,"date":"2021-04-27T18:43:27","date_gmt":"2021-04-27T15:43:27","guid":{"rendered":"https:\/\/fil.ee\/uus\/?post_type=product&#038;p=1318"},"modified":"2023-07-26T20:55:51","modified_gmt":"2023-07-26T17:55:51","slug":"roheliste-silmadega-mees","status":"publish","type":"product","link":"https:\/\/fil.ee\/uus\/toode\/roheliste-silmadega-mees\/","title":{"rendered":"Roheliste silmadega mees"},"content":{"rendered":"<p style=\"text-align: justify;\">2021. aasta 29. aprillil ilmus meie kirjastuselt uus novelli- ja l\u00fchijutukogumik, Margit Peterson \u201cRoheliste silmadega mees\u201d. Raamat on k\u00f5vade kaante ja mustvalge sisuga. Raamatu m\u00f5\u00f5dud on 152\u00d7215 mm, maht 104 lehek\u00fclge. Toimetas Irene \u00d5mblus, k\u00fcljendas Vallo Hallik ja kaaned kujundas Katrin Meemaa.<\/p>\n<p style=\"text-align: justify;\"><strong>Raamatu tutvustus:<br \/>\n<\/strong>K\u00e4esolev novelli- ja l\u00fchijutukogumik on sarja neljas raamat. See on m\u00f5tteline j\u00e4rg varem ilmunud kogumikele \u201cVirtuaalmees\u201d (Kentaur 2015), \u201cR\u00f6ntgenn\u00e4gemisega mees\u201d (Kentaur 2017) ja \u201cMustade silmadega mees\u201d (Hea Tegu 2020). K\u00f5ik raamatus olevad jutukesed on avaldatud ajakirjades \u201cM\u00fcstilised lood\u201d ning \u201cSaatus & Saladused\u201d, mille kaasautor kirjanik pikki aastaid juba on.<br \/>\nPetersoni lood on realistlikud, kuid neis ei puudu ka m\u00fcstika. See on l\u00e4biv joon autori loomingus ja tema enda loomuses. Iga teos on looja n\u00e4gu, kuid kindlasti leiab iga\u00fcks ka oma elust sarnaseid juhtuisi. Autorit inspireerib Eesti inimese elu, k\u00fcllap sellep\u00e4rast on tema lood ka lugejate seas hinnatud.<\/p>\n<p>Raamatusse sisse vaatamiseks kl\u00f5psa <a href=\"https:\/\/fil.ee\/sisu\/Roheliste_silmadega_mees_esimesed15lk.pdf\">siia<\/a>.<\/p>\n","protected":false},"excerpt":{"rendered":"<p>2021. aasta 29. aprillil ilmus meie kirjastuselt uus novelli- ja l\u00fchijutukogumik, Margit Peterson \u201cRoheliste silmadega mees\u201d. Raamat on k\u00f5vade kaante ja mustvalge sisuga. Raamatu m\u00f5\u00f5dud on 152\u00d7215 mm, maht 104 lehek\u00fclge. Toimetas Irene \u00d5mblus, k\u00fcljendas Vallo Hallik ja kaaned kujundas Katrin Meemaa. Raamatu tutvustus: K\u00e4esolev novelli- ja l\u00fchijutukogumik on sarja neljas raamat. See on m\u00f5tteline [&hellip;]<\/p>\n","protected":false},"featured_media":1312,"comment_status":"open","ping_status":"closed","template":"","meta":[],"product_brand":[],"product_cat":[19],"product_tag":[],"class_list":{"0":"post-1318","1":"product","2":"type-product","3":"status-publish","4":"has-post-thumbnail","6":"product_cat-ilukirjandus","8":"first","9":"instock","10":"taxable","11":"shipping-taxable","12":"purchasable","13":"product-type-simple"},"_links":{"self":[{"href":"https:\/\/fil.ee\/uus\/wp-json\/wp\/v2\/product\/1318","targetHints":{"allow":["GET"]}}],"collection":[{"href":"https:\/\/fil.ee\/uus\/wp-json\/wp\/v2\/product"}],"about":[{"href":"https:\/\/fil.ee\/uus\/wp-json\/wp\/v2\/types\/product"}],"replies":[{"embeddable":true,"href":"https:\/\/fil.ee\/uus\/wp-json\/wp\/v2\/comments?post=1318"}],"wp:featuredmedia":[{"embeddable":true,"href":"https:\/\/fil.ee\/uus\/wp-json\/wp\/v2\/media\/1312"}],"wp:attachment":[{"href":"https:\/\/fil.ee\/uus\/wp-json\/wp\/v2\/media?parent=1318"}],"wp:term":[{"taxonomy":"product_brand","embeddable":true,"href":"https:\/\/fil.ee\/uus\/wp-json\/wp\/v2\/product_brand?post=1318"},{"taxonomy":"product_cat","embeddable":true,"href":"https:\/\/fil.ee\/uus\/wp-json\/wp\/v2\/product_cat?post=1318"},{"taxonomy":"product_tag","embeddable":true,"href":"https:\/\/fil.ee\/uus\/wp-json\/wp\/v2\/product_tag?post=1318"}],"curies":[{"name":"wp","href":"https:\/\/api.w.org\/{rel}","templated":true}]}}